{"id":254,"date":"2021-03-18T12:08:55","date_gmt":"2021-03-18T12:08:55","guid":{"rendered":"http:\/\/blogs2.abo.fi\/tin\/?page_id=254"},"modified":"2021-03-18T12:09:39","modified_gmt":"2021-03-18T12:09:39","slug":"abo-akademis-stipendier-och-understod","status":"publish","type":"page","link":"https:\/\/blogs2.abo.fi\/tin\/abo-akademis-stipendier-och-understod\/","title":{"rendered":"\u00c5bo Akademis stipendier och underst\u00f6d"},"content":{"rendered":"<p>\u00c5bo Akademis stipendier och underst\u00f6d<\/p>\n<p><a href=\"https:\/\/abofi.sharepoint.com\/sites\/intra-forska\/SitePages\/Stipendier-och-underst\u00f6d-med-fortl\u00f6pande-ans\u00f6kan.aspx\" data-interception=\"on\" data-cke-saved-href=\"\/sites\/intra-forska\/SitePages\/Stipendier-och-underst\u00f6d-med-fortl\u00f6pande-ans\u00f6kan.aspx\">Stipendier och underst\u00f6d med fortl\u00f6pande ans\u00f6kan:<\/a><\/p>\n<ul>\n<li>Resebidrag<\/li>\n<li>Underst\u00f6d f\u00f6r konferensarrangemang<\/li>\n<li>Stipendium f\u00f6r doktorandstudiernas slutskede<\/li>\n<li>Spr\u00e5kgranskningsbidrag f\u00f6r doktorsavhandlingar (monografier)<\/li>\n<li>St\u00f6d f\u00f6r open access-avgifter (APC-poolen)<\/li>\n<\/ul>\n","protected":false},"excerpt":{"rendered":"<p>\u00c5bo Akademis stipendier och underst\u00f6d Stipendier och underst\u00f6d med fortl\u00f6pande ans\u00f6kan: Resebidrag Underst\u00f6d f\u00f6r konferensarrangemang Stipendium f\u00f6r doktorandstudiernas slutskede Spr\u00e5kgranskningsbidrag f\u00f6r doktorsavhandlingar (monografier) St\u00f6d f\u00f6r open access-avgifter (APC-poolen)<\/p>\n","protected":false},"author":565,"featured_media":0,"parent":0,"menu_order":0,"comment_status":"closed","ping_status":"closed","template":"","meta":{"footnotes":""},"class_list":["post-254","page","type-page","status-publish","hentry"],"_links":{"self":[{"href":"https:\/\/blogs2.abo.fi\/tin\/wp-json\/wp\/v2\/pages\/254","targetHints":{"allow":["GET"]}}],"collection":[{"href":"https:\/\/blogs2.abo.fi\/tin\/wp-json\/wp\/v2\/pages"}],"about":[{"href":"https:\/\/blogs2.abo.fi\/tin\/wp-json\/wp\/v2\/types\/page"}],"author":[{"embeddable":true,"href":"https:\/\/blogs2.abo.fi\/tin\/wp-json\/wp\/v2\/users\/565"}],"replies":[{"embeddable":true,"href":"https:\/\/blogs2.abo.fi\/tin\/wp-json\/wp\/v2\/comments?post=254"}],"version-history":[{"count":1,"href":"https:\/\/blogs2.abo.fi\/tin\/wp-json\/wp\/v2\/pages\/254\/revisions"}],"predecessor-version":[{"id":255,"href":"https:\/\/blogs2.abo.fi\/tin\/wp-json\/wp\/v2\/pages\/254\/revisions\/255"}],"wp:attachment":[{"href":"https:\/\/blogs2.abo.fi\/tin\/wp-json\/wp\/v2\/media?parent=254"}],"curies":[{"name":"wp","href":"https:\/\/api.w.org\/{rel}","templated":true}]}}