{"id":234,"date":"2021-02-15T07:33:09","date_gmt":"2021-02-15T07:33:09","guid":{"rendered":"http:\/\/blogs2.abo.fi\/tin\/?page_id=234"},"modified":"2021-02-15T07:33:09","modified_gmt":"2021-02-15T07:33:09","slug":"energiteknikens-stipendium-initiering-av-ny-forskning","status":"publish","type":"page","link":"https:\/\/blogs2.abo.fi\/tin\/energiteknikens-stipendium-initiering-av-ny-forskning\/","title":{"rendered":"Energiteknikens stipendium: Initiering av ny forskning"},"content":{"rendered":"<p><a href=\"https:\/\/blogs.abo.fi\/energiteknik\/lediga-jobb-och-stipendieutlysningar\/stipendier\/\">Stipendium<\/a> p\u00e5 doktorandniv\u00e5 (DI\/magister eller post doc)<\/p>\n<p>Energitekniken i Vasa utlyser (kontinuerligt) 1-4 m\u00e5naders stipendier f\u00f6r att initiera ny forskning, speciellt v\u00e4lkomna \u00e4r \u00e4mnes- och disciplin\u00f6verskridande (tv\u00e4rvetenskapliga) f\u00f6rslag. Mer information tillg\u00e4nglig p\u00e5 energiteknikens blogg.<\/p>\n<p>&nbsp;<\/p>\n","protected":false},"excerpt":{"rendered":"<p>Stipendium p\u00e5 doktorandniv\u00e5 (DI\/magister eller post doc) Energitekniken i Vasa utlyser (kontinuerligt) 1-4 m\u00e5naders stipendier f\u00f6r att initiera ny forskning, speciellt v\u00e4lkomna \u00e4r \u00e4mnes- och disciplin\u00f6verskridande (tv\u00e4rvetenskapliga) f\u00f6rslag. Mer information tillg\u00e4nglig p\u00e5 energiteknikens blogg. &nbsp;<\/p>\n","protected":false},"author":565,"featured_media":0,"parent":0,"menu_order":0,"comment_status":"closed","ping_status":"closed","template":"","meta":{"footnotes":""},"class_list":["post-234","page","type-page","status-publish","hentry"],"_links":{"self":[{"href":"https:\/\/blogs2.abo.fi\/tin\/wp-json\/wp\/v2\/pages\/234","targetHints":{"allow":["GET"]}}],"collection":[{"href":"https:\/\/blogs2.abo.fi\/tin\/wp-json\/wp\/v2\/pages"}],"about":[{"href":"https:\/\/blogs2.abo.fi\/tin\/wp-json\/wp\/v2\/types\/page"}],"author":[{"embeddable":true,"href":"https:\/\/blogs2.abo.fi\/tin\/wp-json\/wp\/v2\/users\/565"}],"replies":[{"embeddable":true,"href":"https:\/\/blogs2.abo.fi\/tin\/wp-json\/wp\/v2\/comments?post=234"}],"version-history":[{"count":1,"href":"https:\/\/blogs2.abo.fi\/tin\/wp-json\/wp\/v2\/pages\/234\/revisions"}],"predecessor-version":[{"id":235,"href":"https:\/\/blogs2.abo.fi\/tin\/wp-json\/wp\/v2\/pages\/234\/revisions\/235"}],"wp:attachment":[{"href":"https:\/\/blogs2.abo.fi\/tin\/wp-json\/wp\/v2\/media?parent=234"}],"curies":[{"name":"wp","href":"https:\/\/api.w.org\/{rel}","templated":true}]}}