{"id":162,"date":"2020-11-16T14:10:41","date_gmt":"2020-11-16T14:10:41","guid":{"rendered":"http:\/\/blogs2.abo.fi\/tin\/?page_id=162"},"modified":"2020-11-17T10:59:09","modified_gmt":"2020-11-17T10:59:09","slug":"pre-doktorand-samarbete","status":"publish","type":"page","link":"https:\/\/blogs2.abo.fi\/tin\/forskning-som-hobby\/pre-doktorand-samarbete\/","title":{"rendered":"Pre-doktorand samarbete"},"content":{"rendered":"<p>Har du t\u00e4nkt p\u00e5 m\u00f6jligheten att forts\u00e4tta med forskarstudier och forskning efter DI-examen? Men du har ett intressant och v\u00e4lavl\u00f6nat jobb s\u00e5 att bli heltidsdoktorand \u00e4r inget alternativ?<\/p>\n<p>Det \u00e4r helt m\u00f6jligt att utf\u00f6ra kurser och arbeta p\u00e5 vetenskapliga manuskript tillsammans med oss i TIN-n\u00e4tverket utan att \u00e4nnu vara inskriven doktorand. Och ibland \u00e4r det kanske att rekommendera att man provar p\u00e5 lite f\u00f6rst, ifall man inte \u00e4r helt s\u00e4ker p\u00e5 om, n\u00e4r eller varf\u00f6r man t\u00e4nker b\u00f6rja doktorera.<\/p>\n<p>Inled processen med att delta i v\u00e5ra seminarier, prova p\u00e5 n\u00e5gon universitetskurs och b\u00f6rja skissa p\u00e5 en plan: kunde f\u00f6rsta steget vara att f\u00f6rs\u00f6ka g\u00f6ra en \u00f6versiktsstudie (review) tillsammans med n\u00e5gon kollega i n\u00e4tverket kring det omr\u00e5de du \u00e4r intresserad av? T\u00e4nker du p\u00e5 att s\u00f6ka ett litet stipendium f\u00f6r detta arbete fr\u00e5n n\u00e5gon stiftelse, och beh\u00f6ver en rekommendation?<\/p>\n<p>Vi i TIN-n\u00e4tverket kan fungera som ditt bollplank och f\u00f6rhoppningsvis inspirationsk\u00e4lla! Vi har redan enstaka personer som b\u00f6rjat samarbeta med oss p\u00e5 detta s\u00e4tt, men hoppas nu att verksamhetsformen kunde bli st\u00f6rre, s\u00e5 att konceptet samtidigt kan vidareutvecklas!<\/p>\n","protected":false},"excerpt":{"rendered":"<p>Har du t\u00e4nkt p\u00e5 m\u00f6jligheten att forts\u00e4tta med forskarstudier och forskning efter DI-examen? Men du har ett intressant och v\u00e4lavl\u00f6nat jobb s\u00e5 att bli heltidsdoktorand \u00e4r inget alternativ? Det \u00e4r helt m\u00f6jligt att utf\u00f6ra kurser och arbeta p\u00e5 vetenskapliga manuskript tillsammans med oss i TIN-n\u00e4tverket utan att \u00e4nnu vara inskriven doktorand. Och ibland \u00e4r det &hellip; <\/p>\n<p class=\"link-more\"><a href=\"https:\/\/blogs2.abo.fi\/tin\/forskning-som-hobby\/pre-doktorand-samarbete\/\" class=\"more-link\">Forts\u00e4tt l\u00e4sa<span class=\"screen-reader-text\"> \u201dPre-doktorand samarbete\u201d<\/span><\/a><\/p>\n","protected":false},"author":565,"featured_media":0,"parent":118,"menu_order":1,"comment_status":"closed","ping_status":"closed","template":"","meta":{"footnotes":""},"class_list":["post-162","page","type-page","status-publish","hentry"],"_links":{"self":[{"href":"https:\/\/blogs2.abo.fi\/tin\/wp-json\/wp\/v2\/pages\/162","targetHints":{"allow":["GET"]}}],"collection":[{"href":"https:\/\/blogs2.abo.fi\/tin\/wp-json\/wp\/v2\/pages"}],"about":[{"href":"https:\/\/blogs2.abo.fi\/tin\/wp-json\/wp\/v2\/types\/page"}],"author":[{"embeddable":true,"href":"https:\/\/blogs2.abo.fi\/tin\/wp-json\/wp\/v2\/users\/565"}],"replies":[{"embeddable":true,"href":"https:\/\/blogs2.abo.fi\/tin\/wp-json\/wp\/v2\/comments?post=162"}],"version-history":[{"count":1,"href":"https:\/\/blogs2.abo.fi\/tin\/wp-json\/wp\/v2\/pages\/162\/revisions"}],"predecessor-version":[{"id":163,"href":"https:\/\/blogs2.abo.fi\/tin\/wp-json\/wp\/v2\/pages\/162\/revisions\/163"}],"up":[{"embeddable":true,"href":"https:\/\/blogs2.abo.fi\/tin\/wp-json\/wp\/v2\/pages\/118"}],"wp:attachment":[{"href":"https:\/\/blogs2.abo.fi\/tin\/wp-json\/wp\/v2\/media?parent=162"}],"curies":[{"name":"wp","href":"https:\/\/api.w.org\/{rel}","templated":true}]}}