{"id":14,"date":"2020-10-12T09:33:51","date_gmt":"2020-10-12T09:33:51","guid":{"rendered":"http:\/\/blogs2.abo.fi\/tin\/?page_id=14"},"modified":"2021-01-04T09:54:12","modified_gmt":"2021-01-04T09:54:12","slug":"alumnevent-2021","status":"publish","type":"page","link":"https:\/\/blogs2.abo.fi\/tin\/alumnevent-2021\/","title":{"rendered":"Alumnevent 2021"},"content":{"rendered":"<p>Energitekniken vid \u00c5A ordnar \u00e5rligen ett event vid Academill i Vasa \u00e4mnat f\u00f6r alumner och Energiteknikens samarbetspartners. N\u00e4sta alumntillf\u00e4lle h\u00e5lls p\u00e5 distans i form av ett webinarium:<\/p>\n<p><strong><u>Fredagen den 15.1.2021 kl 14-16.30 (via zoom)<\/u><\/strong><\/p>\n<p><strong>&#8221;Klimatsmart energi i \u00d6sterbotten 2030&#8221;<\/strong><strong><br \/>\n<\/strong><\/p>\n<h5>Presentationer:<\/h5>\n<h5><strong>Katri Vataja<\/strong> (VY alumn, SITRA) Megatrender<\/h5>\n<h5><strong>Nina Berg<\/strong> (\u00c5A alumn, W\u00e4rtsil\u00e4) Globala trender I klimatlagstiftning<\/h5>\n<h5><strong>Staffan Asplund<\/strong> (\u00c5A alumn, Etha wind) Vindkraft- Globalt, nationellt och lokalt<\/h5>\n<h5><strong>Hans Alexander \u00d6st<\/strong> (\u00c5A alumn, Vasa Elektriska) Regionens energihush\u00e5llning<\/h5>\n<h5><strong>Fredrik \u00d6stman<\/strong> (\u00c5A alumn, W\u00e4rtsil\u00e4) Energilagring och motorkraftverkens roll<\/h5>\n<p>&nbsp;<\/p>\n<p>+ paneldiskussion. Moderatorer: Entech rf (Energiteknikens studerande) &amp; Charlotta Risku (\u00c5A-alumn, Mirka)<\/p>\n<p>&nbsp;<\/p>\n<p>Du kan g\u00e4rna bli medlemmar i t ex <a href=\"https:\/\/www.linkedin.com\/groups\/6625306\/\">\u201cDI I \u00d6sterbotten\u201d p\u00e5 LinkedIn<\/a> s\u00e5 ser du \u00e4ven uppdaterat marknadsf\u00f6ringsmaterial!<\/p>\n<p>Anm\u00e4l dig till evenemanget via TFIF (gratis):<\/p>\n<p><a href=\"https:\/\/www.lyyti.fi\/reg\/Alumn_och_industritraff_Klimatsmart_energi_i_Osterbotten_2030_1451\">Anm\u00e4lning till eventet<\/a><\/p>\n<p>&nbsp;<\/p>\n<p><em><strong>\u00a0<\/strong><\/em><\/p>\n<p>&nbsp;<\/p>\n","protected":false},"excerpt":{"rendered":"<p>Energitekniken vid \u00c5A ordnar \u00e5rligen ett event vid Academill i Vasa \u00e4mnat f\u00f6r alumner och Energiteknikens samarbetspartners. N\u00e4sta alumntillf\u00e4lle h\u00e5lls p\u00e5 distans i form av ett webinarium: Fredagen den 15.1.2021 kl 14-16.30 (via zoom) &#8221;Klimatsmart energi i \u00d6sterbotten 2030&#8221; Presentationer: Katri Vataja (VY alumn, SITRA) Megatrender Nina Berg (\u00c5A alumn, W\u00e4rtsil\u00e4) Globala trender I klimatlagstiftning &hellip; <\/p>\n<p class=\"link-more\"><a href=\"https:\/\/blogs2.abo.fi\/tin\/alumnevent-2021\/\" class=\"more-link\">Forts\u00e4tt l\u00e4sa<span class=\"screen-reader-text\"> \u201dAlumnevent 2021\u201d<\/span><\/a><\/p>\n","protected":false},"author":567,"featured_media":0,"parent":0,"menu_order":0,"comment_status":"closed","ping_status":"closed","template":"","meta":{"footnotes":""},"class_list":["post-14","page","type-page","status-publish","hentry"],"_links":{"self":[{"href":"https:\/\/blogs2.abo.fi\/tin\/wp-json\/wp\/v2\/pages\/14","targetHints":{"allow":["GET"]}}],"collection":[{"href":"https:\/\/blogs2.abo.fi\/tin\/wp-json\/wp\/v2\/pages"}],"about":[{"href":"https:\/\/blogs2.abo.fi\/tin\/wp-json\/wp\/v2\/types\/page"}],"author":[{"embeddable":true,"href":"https:\/\/blogs2.abo.fi\/tin\/wp-json\/wp\/v2\/users\/567"}],"replies":[{"embeddable":true,"href":"https:\/\/blogs2.abo.fi\/tin\/wp-json\/wp\/v2\/comments?post=14"}],"version-history":[{"count":16,"href":"https:\/\/blogs2.abo.fi\/tin\/wp-json\/wp\/v2\/pages\/14\/revisions"}],"predecessor-version":[{"id":214,"href":"https:\/\/blogs2.abo.fi\/tin\/wp-json\/wp\/v2\/pages\/14\/revisions\/214"}],"wp:attachment":[{"href":"https:\/\/blogs2.abo.fi\/tin\/wp-json\/wp\/v2\/media?parent=14"}],"curies":[{"name":"wp","href":"https:\/\/api.w.org\/{rel}","templated":true}]}}