{"id":126,"date":"2020-10-27T11:28:59","date_gmt":"2020-10-27T11:28:59","guid":{"rendered":"http:\/\/blogs2.abo.fi\/tin\/?page_id=126"},"modified":"2020-11-19T08:09:52","modified_gmt":"2020-11-19T08:09:52","slug":"finansiarer-och-sponsorer","status":"publish","type":"page","link":"https:\/\/blogs2.abo.fi\/tin\/finansiarer-och-sponsorer\/","title":{"rendered":"Finansi\u00e4rer och sponsorer"},"content":{"rendered":"<p>TIN-n\u00e4tverket (projektet) och v\u00e5ra aktiva doktorander s\u00f6ker \u00e5rligen om finansiering f\u00f6r n\u00e4tverkets verksamheten och f\u00f6r forskningen som bedrivs.<\/p>\n<p>TIN-doktorandn\u00e4tverkets verksamhet och n\u00e4tverkets doktorander har f\u00e5tt ekonomiskt bidrag fr\u00e5n f\u00f6ljande finansi\u00e4rer:<\/p>\n<p>H\u00f6gskolestiftelse i \u00d6sterbotten\u00a0 \u00a0 \u00a0 \u00a0 \u00a0 \u00a0 \u00a0 \u00a0 \u00a0 \u00a0 \u00a0 \u00a0 \u00a0 \u00a0 \u00a0 \u00a0 \u00a0 \u00a0 \u00a0 \u00a0 \u00a0 \u00a0 \u00a0 \u00a0 \u00a0 \u00a0 \u00a0 \u00a0 \u00a0 \u00a0 \u00a0 \u00a0 \u00a0 \u00a0 \u00a0 \u00a0 \u00a0 \u00a0 \u00a0 \u00a0 \u00a0 \u00a0 \u00a0 \u00a0 \u00a0 \u00a0 Aktiastiftelsen i Vasa\u00a0 \u00a0 \u00a0 \u00a0 \u00a0 \u00a0 \u00a0 \u00a0 \u00a0 \u00a0 \u00a0 \u00a0 \u00a0 \u00a0 \u00a0 \u00a0 \u00a0 \u00a0 \u00a0 \u00a0 \u00a0 \u00a0 \u00a0 \u00a0 \u00a0 \u00a0 \u00a0 \u00a0 \u00a0 \u00a0 \u00a0 \u00a0 \u00a0 \u00a0 \u00a0 \u00a0 \u00a0 \u00a0 \u00a0 \u00a0 \u00a0 \u00a0 \u00a0 \u00a0 \u00a0 \u00a0 \u00a0 \u00a0 \u00a0 \u00a0 \u00a0 \u00a0 \u00a0 Svenska Kulturfonden<\/p>\n","protected":false},"excerpt":{"rendered":"<p>TIN-n\u00e4tverket (projektet) och v\u00e5ra aktiva doktorander s\u00f6ker \u00e5rligen om finansiering f\u00f6r n\u00e4tverkets verksamheten och f\u00f6r forskningen som bedrivs. TIN-doktorandn\u00e4tverkets verksamhet och n\u00e4tverkets doktorander har f\u00e5tt ekonomiskt bidrag fr\u00e5n f\u00f6ljande finansi\u00e4rer: H\u00f6gskolestiftelse i \u00d6sterbotten\u00a0 \u00a0 \u00a0 \u00a0 \u00a0 \u00a0 \u00a0 \u00a0 \u00a0 \u00a0 \u00a0 \u00a0 \u00a0 \u00a0 \u00a0 \u00a0 \u00a0 \u00a0 \u00a0 \u00a0 \u00a0 \u00a0 \u00a0 &hellip; <\/p>\n<p class=\"link-more\"><a href=\"https:\/\/blogs2.abo.fi\/tin\/finansiarer-och-sponsorer\/\" class=\"more-link\">Forts\u00e4tt l\u00e4sa<span class=\"screen-reader-text\"> \u201dFinansi\u00e4rer och sponsorer\u201d<\/span><\/a><\/p>\n","protected":false},"author":567,"featured_media":0,"parent":0,"menu_order":0,"comment_status":"closed","ping_status":"closed","template":"","meta":{"footnotes":""},"class_list":["post-126","page","type-page","status-publish","hentry"],"_links":{"self":[{"href":"https:\/\/blogs2.abo.fi\/tin\/wp-json\/wp\/v2\/pages\/126","targetHints":{"allow":["GET"]}}],"collection":[{"href":"https:\/\/blogs2.abo.fi\/tin\/wp-json\/wp\/v2\/pages"}],"about":[{"href":"https:\/\/blogs2.abo.fi\/tin\/wp-json\/wp\/v2\/types\/page"}],"author":[{"embeddable":true,"href":"https:\/\/blogs2.abo.fi\/tin\/wp-json\/wp\/v2\/users\/567"}],"replies":[{"embeddable":true,"href":"https:\/\/blogs2.abo.fi\/tin\/wp-json\/wp\/v2\/comments?post=126"}],"version-history":[{"count":5,"href":"https:\/\/blogs2.abo.fi\/tin\/wp-json\/wp\/v2\/pages\/126\/revisions"}],"predecessor-version":[{"id":198,"href":"https:\/\/blogs2.abo.fi\/tin\/wp-json\/wp\/v2\/pages\/126\/revisions\/198"}],"wp:attachment":[{"href":"https:\/\/blogs2.abo.fi\/tin\/wp-json\/wp\/v2\/media?parent=126"}],"curies":[{"name":"wp","href":"https:\/\/api.w.org\/{rel}","templated":true}]}}