{"id":123,"date":"2020-10-27T11:28:36","date_gmt":"2020-10-27T11:28:36","guid":{"rendered":"http:\/\/blogs2.abo.fi\/tin\/?page_id=123"},"modified":"2020-11-19T08:04:47","modified_gmt":"2020-11-19T08:04:47","slug":"finansiering-fran-natverket","status":"publish","type":"page","link":"https:\/\/blogs2.abo.fi\/tin\/finansiering-fran-natverket\/","title":{"rendered":"Finansiering fr\u00e5n n\u00e4tverket"},"content":{"rendered":"<p><strong>N\u00e4tverkets doktorander ska sj\u00e4lva skaffa finsieringen f\u00f6r den normalt fyra\u00e5riga doktorandperioden, tillsammans med sina handledare<\/strong>, exempelvis via \u00c5bo Akademis doktorandskola, externa stipendier, projektverksamhet eller finansiering inom industrin. Det \u00e4r ganska vanligt att finansieringen man har under doktorandperioden kommer fr\u00e5n fler olika k\u00e4llor.<\/p>\n<p>F\u00f6rutom ovann\u00e4mnda finansiering str\u00e4var vi efter att det via n\u00e4tverket skall finnas m\u00f6jlighet att finansiera f\u00f6ljand typer av verksamhet f\u00f6r doktoranderna:<\/p>\n<ul>\n<li>1-2 m\u00e5naders tillf\u00e4llig finansiering (doktorand stipendium), ifall annan finansiering saknas<\/li>\n<li>Publikationskostnader (exempelvis open access avgifter)<\/li>\n<li>Spr\u00e5kgranskning<\/li>\n<li>Resebidrag<\/li>\n<\/ul>\n<p>Vi informerar om m\u00f6jligheterna p\u00e5 denna webbsida, men informerar ocks\u00e5 direkt n\u00e4tverkets doktorander och handledare. Eventuella medel som finns att s\u00f6ka blir alltid utlysta och ans\u00f6kan skall skickas till n\u00e4tverkets e-mail adress: <strong>tin@abo.fi.<br \/>\n<\/strong><\/p>\n<p>&nbsp;<\/p>\n<p>&nbsp;<\/p>\n","protected":false},"excerpt":{"rendered":"<p>N\u00e4tverkets doktorander ska sj\u00e4lva skaffa finsieringen f\u00f6r den normalt fyra\u00e5riga doktorandperioden, tillsammans med sina handledare, exempelvis via \u00c5bo Akademis doktorandskola, externa stipendier, projektverksamhet eller finansiering inom industrin. Det \u00e4r ganska vanligt att finansieringen man har under doktorandperioden kommer fr\u00e5n fler olika k\u00e4llor. F\u00f6rutom ovann\u00e4mnda finansiering str\u00e4var vi efter att det via n\u00e4tverket skall finnas m\u00f6jlighet &hellip; <\/p>\n<p class=\"link-more\"><a href=\"https:\/\/blogs2.abo.fi\/tin\/finansiering-fran-natverket\/\" class=\"more-link\">Forts\u00e4tt l\u00e4sa<span class=\"screen-reader-text\"> \u201dFinansiering fr\u00e5n n\u00e4tverket\u201d<\/span><\/a><\/p>\n","protected":false},"author":567,"featured_media":0,"parent":0,"menu_order":0,"comment_status":"closed","ping_status":"closed","template":"","meta":{"footnotes":""},"class_list":["post-123","page","type-page","status-publish","hentry"],"_links":{"self":[{"href":"https:\/\/blogs2.abo.fi\/tin\/wp-json\/wp\/v2\/pages\/123","targetHints":{"allow":["GET"]}}],"collection":[{"href":"https:\/\/blogs2.abo.fi\/tin\/wp-json\/wp\/v2\/pages"}],"about":[{"href":"https:\/\/blogs2.abo.fi\/tin\/wp-json\/wp\/v2\/types\/page"}],"author":[{"embeddable":true,"href":"https:\/\/blogs2.abo.fi\/tin\/wp-json\/wp\/v2\/users\/567"}],"replies":[{"embeddable":true,"href":"https:\/\/blogs2.abo.fi\/tin\/wp-json\/wp\/v2\/comments?post=123"}],"version-history":[{"count":7,"href":"https:\/\/blogs2.abo.fi\/tin\/wp-json\/wp\/v2\/pages\/123\/revisions"}],"predecessor-version":[{"id":196,"href":"https:\/\/blogs2.abo.fi\/tin\/wp-json\/wp\/v2\/pages\/123\/revisions\/196"}],"wp:attachment":[{"href":"https:\/\/blogs2.abo.fi\/tin\/wp-json\/wp\/v2\/media?parent=123"}],"curies":[{"name":"wp","href":"https:\/\/api.w.org\/{rel}","templated":true}]}}