{"id":120,"date":"2020-10-27T11:27:55","date_gmt":"2020-10-27T11:27:55","guid":{"rendered":"http:\/\/blogs2.abo.fi\/tin\/?page_id=120"},"modified":"2024-06-04T11:44:43","modified_gmt":"2024-06-04T11:44:43","slug":"aktiva-doktorander-och-postdocs","status":"publish","type":"page","link":"https:\/\/blogs2.abo.fi\/tin\/aktiva-doktorander-och-postdocs\/","title":{"rendered":"Aktiva doktorander och PostDocs"},"content":{"rendered":"<p>H\u00e4r samlas information om de personer i n\u00e4tverket som vill anv\u00e4nda bloggen f\u00f6r att \u00f6ka synligheten (forskningsprofil och publikationer) och forskningssamarbete!<\/p>\n<p><a href=\"https:\/\/research.abo.fi\/sv\/persons\/margareta-bj%C3%B6rklund-s%C3%A4nkiaho\">Margareta Bj\u00f6rklund-S\u00e4nkiaho<\/a> (Energiteknik)<\/p>\n<p><a href=\"https:\/\/research.abo.fi\/sv\/persons\/cataldo-de-blasio\">Cataldo de Blasio<\/a> (Energiteknik)<\/p>\n<p><a href=\"https:\/\/research.abo.fi\/sv\/persons\/magnus-hellstr%C3%B6m\">Magnus Hellstr\u00f6m<\/a> (Industriell ekonomi)<\/p>\n<p><a href=\"https:\/\/research.abo.fi\/sv\/persons\/andreas-lundell\">Andreas Lundell<\/a> (Informationsteknologi)<\/p>\n<p>&nbsp;<\/p>\n<p>L\u00e4nkar till deltagande grupper och organisationer:<\/p>\n<p><a href=\"https:\/\/www.abo.fi\/energiteknik-forskning-och-personal\/\">Energiteknikens forskande personal<\/a><\/p>\n<p>&nbsp;<\/p>\n","protected":false},"excerpt":{"rendered":"<p>H\u00e4r samlas information om de personer i n\u00e4tverket som vill anv\u00e4nda bloggen f\u00f6r att \u00f6ka synligheten (forskningsprofil och publikationer) och forskningssamarbete! Margareta Bj\u00f6rklund-S\u00e4nkiaho (Energiteknik) Cataldo de Blasio (Energiteknik) Magnus Hellstr\u00f6m (Industriell ekonomi) Andreas Lundell (Informationsteknologi) &nbsp; L\u00e4nkar till deltagande grupper och organisationer: Energiteknikens forskande personal &nbsp;<\/p>\n","protected":false},"author":567,"featured_media":0,"parent":0,"menu_order":0,"comment_status":"closed","ping_status":"closed","template":"","meta":{"footnotes":""},"class_list":["post-120","page","type-page","status-publish","hentry"],"_links":{"self":[{"href":"https:\/\/blogs2.abo.fi\/tin\/wp-json\/wp\/v2\/pages\/120","targetHints":{"allow":["GET"]}}],"collection":[{"href":"https:\/\/blogs2.abo.fi\/tin\/wp-json\/wp\/v2\/pages"}],"about":[{"href":"https:\/\/blogs2.abo.fi\/tin\/wp-json\/wp\/v2\/types\/page"}],"author":[{"embeddable":true,"href":"https:\/\/blogs2.abo.fi\/tin\/wp-json\/wp\/v2\/users\/567"}],"replies":[{"embeddable":true,"href":"https:\/\/blogs2.abo.fi\/tin\/wp-json\/wp\/v2\/comments?post=120"}],"version-history":[{"count":7,"href":"https:\/\/blogs2.abo.fi\/tin\/wp-json\/wp\/v2\/pages\/120\/revisions"}],"predecessor-version":[{"id":501,"href":"https:\/\/blogs2.abo.fi\/tin\/wp-json\/wp\/v2\/pages\/120\/revisions\/501"}],"wp:attachment":[{"href":"https:\/\/blogs2.abo.fi\/tin\/wp-json\/wp\/v2\/media?parent=120"}],"curies":[{"name":"wp","href":"https:\/\/api.w.org\/{rel}","templated":true}]}}