{"id":12,"date":"2020-10-12T09:33:34","date_gmt":"2020-10-12T09:33:34","guid":{"rendered":"http:\/\/blogs2.abo.fi\/tin\/?page_id=12"},"modified":"2020-10-13T11:41:46","modified_gmt":"2020-10-13T11:41:46","slug":"doktorera-vid-aa","status":"publish","type":"page","link":"https:\/\/blogs2.abo.fi\/tin\/doktorera-vid-aa\/","title":{"rendered":"Doktorera vid \u00c5A"},"content":{"rendered":"<p>Brinner du f\u00f6r n\u00e5got \u00e4mnesomr\u00e5de? \u00c4r du intresserad av att doktorera inom Teknik, Naturvetenskaper eller Informationsteknologi? \u00c4r du kanske redan i arbetslivet och funderar p\u00e5 hur man kunde kombinera doktorandstudier med heltidsjobb?<\/p>\n<p>Ett av doktorandn\u00e4tverkets m\u00e5ls\u00e4ttningar \u00e4r att fungera som st\u00f6d vid dylika fr\u00e5gest\u00e4llningar.<\/p>\n<p>Vid \u00c5bo Akademi \u00e4r det m\u00f6jligt att utf\u00f6ra doktorandstudier; b\u00e5de som heltidsdoktorand eller som doktorand p\u00e5 deltid.<\/p>\n<p>Mera information om forskarstudier vid \u00c5A hittas p\u00e5:<\/p>\n<p><a href=\"https:\/\/www.abo.fi\/forska-hos-oss\/forskarutbildning\/\">https:\/\/www.abo.fi\/forska-hos-oss\/forskarutbildning\/<\/a><\/p>\n","protected":false},"excerpt":{"rendered":"<p>Brinner du f\u00f6r n\u00e5got \u00e4mnesomr\u00e5de? \u00c4r du intresserad av att doktorera inom Teknik, Naturvetenskaper eller Informationsteknologi? \u00c4r du kanske redan i arbetslivet och funderar p\u00e5 hur man kunde kombinera doktorandstudier med heltidsjobb? Ett av doktorandn\u00e4tverkets m\u00e5ls\u00e4ttningar \u00e4r att fungera som st\u00f6d vid dylika fr\u00e5gest\u00e4llningar. Vid \u00c5bo Akademi \u00e4r det m\u00f6jligt att utf\u00f6ra doktorandstudier; b\u00e5de som &hellip; <\/p>\n<p class=\"link-more\"><a href=\"https:\/\/blogs2.abo.fi\/tin\/doktorera-vid-aa\/\" class=\"more-link\">Forts\u00e4tt l\u00e4sa<span class=\"screen-reader-text\"> \u201dDoktorera vid \u00c5A\u201d<\/span><\/a><\/p>\n","protected":false},"author":567,"featured_media":0,"parent":0,"menu_order":0,"comment_status":"closed","ping_status":"closed","template":"","meta":{"footnotes":""},"class_list":["post-12","page","type-page","status-publish","hentry"],"_links":{"self":[{"href":"https:\/\/blogs2.abo.fi\/tin\/wp-json\/wp\/v2\/pages\/12","targetHints":{"allow":["GET"]}}],"collection":[{"href":"https:\/\/blogs2.abo.fi\/tin\/wp-json\/wp\/v2\/pages"}],"about":[{"href":"https:\/\/blogs2.abo.fi\/tin\/wp-json\/wp\/v2\/types\/page"}],"author":[{"embeddable":true,"href":"https:\/\/blogs2.abo.fi\/tin\/wp-json\/wp\/v2\/users\/567"}],"replies":[{"embeddable":true,"href":"https:\/\/blogs2.abo.fi\/tin\/wp-json\/wp\/v2\/comments?post=12"}],"version-history":[{"count":9,"href":"https:\/\/blogs2.abo.fi\/tin\/wp-json\/wp\/v2\/pages\/12\/revisions"}],"predecessor-version":[{"id":32,"href":"https:\/\/blogs2.abo.fi\/tin\/wp-json\/wp\/v2\/pages\/12\/revisions\/32"}],"wp:attachment":[{"href":"https:\/\/blogs2.abo.fi\/tin\/wp-json\/wp\/v2\/media?parent=12"}],"curies":[{"name":"wp","href":"https:\/\/api.w.org\/{rel}","templated":true}]}}