{"id":118,"date":"2020-10-27T11:27:23","date_gmt":"2020-10-27T11:27:23","guid":{"rendered":"http:\/\/blogs2.abo.fi\/tin\/?page_id=118"},"modified":"2020-11-16T14:33:59","modified_gmt":"2020-11-16T14:33:59","slug":"forskning-som-hobby","status":"publish","type":"page","link":"https:\/\/blogs2.abo.fi\/tin\/forskning-som-hobby\/","title":{"rendered":"Forskning som hobby"},"content":{"rendered":"<p>Vi i projektet f\u00f6rs\u00f6ker identifiera och utveckla nya samarbetsformer med personer som jobbar inom industrin eller andra organisationer i Vasaregionen. Man beh\u00f6ver inte n\u00f6dv\u00e4ndigtvis vara inskriven som doktorand eller ha en docentur vid ett universitet f\u00f6r att syssla med forskning! Forskning och forskarstudier kan ha m\u00e5nga former: ske p\u00e5 heltid vid universitetet, p\u00e5 arbetstid men utanf\u00f6r universitetet, p\u00e5 deltid, men kan ocks\u00e5 f\u00f6r n\u00e5gon vara bara en hobby! Gemensamt f\u00f6r alla former \u00e4r v\u00e4l dock att man har som m\u00e5ls\u00e4ttning att publicera sin forskning i vetenskapliga sammanhang?<\/p>\n<h1><a href=\"http:\/\/blogs2.abo.fi\/tin\/forskning-som-hobby\/pre-doktorand-samarbete\/\">Pre-doktorand samarbete<\/a><\/h1>\n<h1><a href=\"http:\/\/blogs2.abo.fi\/tin\/forskning-som-hobby\/post-doc-samarbete-efter-doktorsexamen\/\">Post doc samarbete (efter doktorsexamen)<\/a><\/h1>\n","protected":false},"excerpt":{"rendered":"<p>Vi i projektet f\u00f6rs\u00f6ker identifiera och utveckla nya samarbetsformer med personer som jobbar inom industrin eller andra organisationer i Vasaregionen. Man beh\u00f6ver inte n\u00f6dv\u00e4ndigtvis vara inskriven som doktorand eller ha en docentur vid ett universitet f\u00f6r att syssla med forskning! Forskning och forskarstudier kan ha m\u00e5nga former: ske p\u00e5 heltid vid universitetet, p\u00e5 arbetstid men &hellip; <\/p>\n<p class=\"link-more\"><a href=\"https:\/\/blogs2.abo.fi\/tin\/forskning-som-hobby\/\" class=\"more-link\">Forts\u00e4tt l\u00e4sa<span class=\"screen-reader-text\"> \u201dForskning som hobby\u201d<\/span><\/a><\/p>\n","protected":false},"author":567,"featured_media":0,"parent":0,"menu_order":0,"comment_status":"closed","ping_status":"closed","template":"","meta":{"footnotes":""},"class_list":["post-118","page","type-page","status-publish","hentry"],"_links":{"self":[{"href":"https:\/\/blogs2.abo.fi\/tin\/wp-json\/wp\/v2\/pages\/118","targetHints":{"allow":["GET"]}}],"collection":[{"href":"https:\/\/blogs2.abo.fi\/tin\/wp-json\/wp\/v2\/pages"}],"about":[{"href":"https:\/\/blogs2.abo.fi\/tin\/wp-json\/wp\/v2\/types\/page"}],"author":[{"embeddable":true,"href":"https:\/\/blogs2.abo.fi\/tin\/wp-json\/wp\/v2\/users\/567"}],"replies":[{"embeddable":true,"href":"https:\/\/blogs2.abo.fi\/tin\/wp-json\/wp\/v2\/comments?post=118"}],"version-history":[{"count":4,"href":"https:\/\/blogs2.abo.fi\/tin\/wp-json\/wp\/v2\/pages\/118\/revisions"}],"predecessor-version":[{"id":168,"href":"https:\/\/blogs2.abo.fi\/tin\/wp-json\/wp\/v2\/pages\/118\/revisions\/168"}],"wp:attachment":[{"href":"https:\/\/blogs2.abo.fi\/tin\/wp-json\/wp\/v2\/media?parent=118"}],"curies":[{"name":"wp","href":"https:\/\/api.w.org\/{rel}","templated":true}]}}