{"id":93,"date":"2020-05-12T13:49:16","date_gmt":"2020-05-12T11:49:16","guid":{"rendered":"http:\/\/blogs2.abo.fi\/tidigalgebra\/?page_id=93"},"modified":"2021-02-23T22:08:37","modified_gmt":"2021-02-23T20:08:37","slug":"uttryck-ekvationer-och-olikheter","status":"publish","type":"page","link":"https:\/\/blogs2.abo.fi\/tidigalgebra\/uttryck-ekvationer-och-olikheter\/","title":{"rendered":"Uttryck, ekvationer och olikheter"},"content":{"rendered":"<p><a href=\"http:\/\/blogs2.abo.fi\/tidigalgebra\/wp-content\/uploads\/sites\/108\/2021\/02\/Evationeruttryck-olikheter_elevversion.png\"><img loading=\"lazy\" decoding=\"async\" class=\"size-full wp-image-405 alignleft\" src=\"http:\/\/blogs2.abo.fi\/tidigalgebra\/wp-content\/uploads\/sites\/108\/2021\/02\/Evationeruttryck-olikheter_elevversion.png\" alt=\"\" width=\"215\" height=\"292\" \/><\/a><strong>Elevversion<\/strong> med enbart uppgifter:<\/p>\n<p><a href=\"http:\/\/blogs2.abo.fi\/tidigalgebra\/wp-content\/uploads\/sites\/108\/2021\/02\/Ekvationer-uttryck-och-olikheter_elevversion-2.pdf\">Ekvationer, uttryck och olikheter_elevversion<\/a><\/p>\n<p>&nbsp;<\/p>\n<p>&nbsp;<\/p>\n<p>&nbsp;<\/p>\n<p>&nbsp;<\/p>\n<p>&nbsp;<\/p>\n<p>&nbsp;<\/p>\n<p><strong><a href=\"http:\/\/blogs2.abo.fi\/tidigalgebra\/wp-content\/uploads\/sites\/108\/2021\/02\/Evationeruttryck-olikheter_l\u00e4rarversion.png\"><img loading=\"lazy\" decoding=\"async\" class=\"size-full wp-image-406 alignleft\" src=\"http:\/\/blogs2.abo.fi\/tidigalgebra\/wp-content\/uploads\/sites\/108\/2021\/02\/Evationeruttryck-olikheter_l\u00e4rarversion.png\" alt=\"\" width=\"213\" height=\"292\" \/><\/a>L\u00e4rarversion<\/strong> med b\u00e5de uppgifter och kommentarer:<\/p>\n<p><a href=\"http:\/\/blogs2.abo.fi\/tidigalgebra\/wp-content\/uploads\/sites\/108\/2021\/02\/Ekvationer-uttryck-och-olikheter_lararversion-1.pdf\">Ekvationer, uttryck och olikheter_l\u00e4rarversion<\/a><\/p>\n<p>&nbsp;<\/p>\n<p>&nbsp;<\/p>\n<p>&nbsp;<\/p>\n<p>&nbsp;<\/p>\n<p>&nbsp;<\/p>\n<p>I den <a href=\"https:\/\/blogs2.abo.fi\/tidigalgebra\/uttryck-ekvationer-och-olikheter-2\/\">teoretiska delen<\/a> p\u00e5 MaMa-Algebra hemsidan kan du l\u00e4sa om <strong>ekvationer, uttryck och olikheter<\/strong> inom den tidiga algebran.<\/p>\n","protected":false},"excerpt":{"rendered":"<p>Elevversion med enbart uppgifter: Ekvationer, uttryck och olikheter_elevversion &nbsp; &nbsp; &nbsp; &nbsp; &nbsp; &nbsp; L\u00e4rarversion med b\u00e5de uppgifter och kommentarer: Ekvationer, uttryck och olikheter_l\u00e4rarversion &nbsp; &nbsp; &nbsp; &nbsp; &nbsp; I den teoretiska delen p\u00e5 MaMa-Algebra hemsidan kan du l\u00e4sa om &hellip; <a href=\"https:\/\/blogs2.abo.fi\/tidigalgebra\/uttryck-ekvationer-och-olikheter\/\">Forts\u00e4tt l\u00e4sa <span class=\"meta-nav\">&rarr;<\/span><\/a><\/p>\n","protected":false},"author":511,"featured_media":0,"parent":0,"menu_order":0,"comment_status":"closed","ping_status":"closed","template":"","meta":{"footnotes":""},"class_list":["post-93","page","type-page","status-publish","hentry"],"_links":{"self":[{"href":"https:\/\/blogs2.abo.fi\/tidigalgebra\/wp-json\/wp\/v2\/pages\/93","targetHints":{"allow":["GET"]}}],"collection":[{"href":"https:\/\/blogs2.abo.fi\/tidigalgebra\/wp-json\/wp\/v2\/pages"}],"about":[{"href":"https:\/\/blogs2.abo.fi\/tidigalgebra\/wp-json\/wp\/v2\/types\/page"}],"author":[{"embeddable":true,"href":"https:\/\/blogs2.abo.fi\/tidigalgebra\/wp-json\/wp\/v2\/users\/511"}],"replies":[{"embeddable":true,"href":"https:\/\/blogs2.abo.fi\/tidigalgebra\/wp-json\/wp\/v2\/comments?post=93"}],"version-history":[{"count":11,"href":"https:\/\/blogs2.abo.fi\/tidigalgebra\/wp-json\/wp\/v2\/pages\/93\/revisions"}],"predecessor-version":[{"id":429,"href":"https:\/\/blogs2.abo.fi\/tidigalgebra\/wp-json\/wp\/v2\/pages\/93\/revisions\/429"}],"wp:attachment":[{"href":"https:\/\/blogs2.abo.fi\/tidigalgebra\/wp-json\/wp\/v2\/media?parent=93"}],"curies":[{"name":"wp","href":"https:\/\/api.w.org\/{rel}","templated":true}]}}