{"id":87,"date":"2020-05-12T11:35:39","date_gmt":"2020-05-12T09:35:39","guid":{"rendered":"http:\/\/blogs2.abo.fi\/tidigalgebra\/?page_id=87"},"modified":"2020-06-13T20:53:13","modified_gmt":"2020-06-13T18:53:13","slug":"algebra-for-alla","status":"publish","type":"page","link":"https:\/\/blogs2.abo.fi\/tidigalgebra\/algebra-for-alla\/","title":{"rendered":"Algebra f\u00f6r alla-r\u00f6relsen i den finl\u00e4ndska skolmatematiken"},"content":{"rendered":"<p>Ocks\u00e5 i Finland fick algebra en mer framst\u00e5ende plats i nyb\u00f6rjarundervisning i <em>Grunderna f\u00f6r l\u00e4roplanen f\u00f6r den grundl\u00e4ggande utbildningen<\/em> (GLGU 2004; Utbildningsstyrelsen 2004). GLGU 2004 inkluderade s\u00e5 kallad \u201dpre-algebra\u201d, n\u00e5got som dock har strukits i den nya l\u00e4roplanen (GLGU 2014).<\/p>\n<p>I den f\u00f6rra l\u00e4roplanen f\u00f6r matematik i Finland (GLGU 2004) fanns det en egen rubrik f\u00f6r algebra redan f\u00f6r \u00e5k 1-2. Detta reflekterade tydligen den internationella <em>Algebra f\u00f6r alla-<\/em>r\u00f6relsen. Algebra f\u00f6r \u00e5k 1-2 inneh\u00f6ll f\u00f6ljande:<\/p>\n<ul>\n<li>Att i bilder se regelbundenheter, f\u00f6rh\u00e5llanden och beroenden<\/li>\n<li>Enkla talf\u00f6ljder<\/li>\n<\/ul>\n<p>Algebra f\u00f6r \u00e5k 3-6 i GLGU 2004 inneh\u00f6ll:<\/p>\n<ul>\n<li>Begrepp och uttryck<\/li>\n<li>Att tolka och skriva talf\u00f6ljder<\/li>\n<li>Regelbundenheter, f\u00f6rh\u00e5llanden och beroenden<\/li>\n<li>Att s\u00f6ka l\u00f6sningar till ekvationer och olikheter genom slutledning<\/li>\n<\/ul>\n<p>Samband mellan r\u00e4knes\u00e4tten fanns ocks\u00e5 i GLGU 2004 men inte under algebra.<\/p>\n<p>I den nya l\u00e4roplanen GLGU 2014 har algebra f\u00f6r nyb\u00f6rjarundervisningen tonats ner. Begrepp och uttryck samt anv\u00e4ndning av parenteser har ocks\u00e5 f\u00f6rsvunnit fr\u00e5n \u00e5k 3-6 och enbart informell ekvationsl\u00f6sning finns med (<em>Ekvivalenser, ekvationer, uttryck och olikheter [1]<\/em>). Att se regelbundenheter finns dock kvar f\u00f6r \u00e5k 1-2 samt 3-6 (<em>Funktionellt t\u00e4nkande, <\/em>[3]). Det samma g\u00e4ller samband mellan r\u00e4knes\u00e4tten (<em>Generaliserad aritmetik<\/em>, [5]). Det som \u00e4r nytt f\u00f6r \u00e5k 1-2 och som ocks\u00e5 kan kopplas till generaliserad aritmetik \u00e4r aritmetikens r\u00e4knelagar och deras anv\u00e4ndning i ber\u00e4kningar. En hel del av aktiviteter kopplade till det nertonade inneh\u00e5llet \u00e4r dock kvar i l\u00e4rob\u00f6cker. F\u00f6r noggrannare redovisning av algebrans plats i GLGU 2014 och l\u00e4romedel f\u00f6r \u00e5k 1-3 se sammanfattning av artikeln [] samt konferensbidraget [].<\/p>\n","protected":false},"excerpt":{"rendered":"<p>Ocks\u00e5 i Finland fick algebra en mer framst\u00e5ende plats i nyb\u00f6rjarundervisning i Grunderna f\u00f6r l\u00e4roplanen f\u00f6r den grundl\u00e4ggande utbildningen (GLGU 2004; Utbildningsstyrelsen 2004). GLGU 2004 inkluderade s\u00e5 kallad \u201dpre-algebra\u201d, n\u00e5got som dock har strukits i den nya l\u00e4roplanen (GLGU 2014). &hellip; <a href=\"https:\/\/blogs2.abo.fi\/tidigalgebra\/algebra-for-alla\/\">Forts\u00e4tt l\u00e4sa <span class=\"meta-nav\">&rarr;<\/span><\/a><\/p>\n","protected":false},"author":511,"featured_media":0,"parent":0,"menu_order":0,"comment_status":"closed","ping_status":"closed","template":"","meta":{"footnotes":""},"class_list":["post-87","page","type-page","status-publish","hentry"],"_links":{"self":[{"href":"https:\/\/blogs2.abo.fi\/tidigalgebra\/wp-json\/wp\/v2\/pages\/87","targetHints":{"allow":["GET"]}}],"collection":[{"href":"https:\/\/blogs2.abo.fi\/tidigalgebra\/wp-json\/wp\/v2\/pages"}],"about":[{"href":"https:\/\/blogs2.abo.fi\/tidigalgebra\/wp-json\/wp\/v2\/types\/page"}],"author":[{"embeddable":true,"href":"https:\/\/blogs2.abo.fi\/tidigalgebra\/wp-json\/wp\/v2\/users\/511"}],"replies":[{"embeddable":true,"href":"https:\/\/blogs2.abo.fi\/tidigalgebra\/wp-json\/wp\/v2\/comments?post=87"}],"version-history":[{"count":4,"href":"https:\/\/blogs2.abo.fi\/tidigalgebra\/wp-json\/wp\/v2\/pages\/87\/revisions"}],"predecessor-version":[{"id":302,"href":"https:\/\/blogs2.abo.fi\/tidigalgebra\/wp-json\/wp\/v2\/pages\/87\/revisions\/302"}],"wp:attachment":[{"href":"https:\/\/blogs2.abo.fi\/tidigalgebra\/wp-json\/wp\/v2\/media?parent=87"}],"curies":[{"name":"wp","href":"https:\/\/api.w.org\/{rel}","templated":true}]}}