{"id":83,"date":"2020-05-12T11:29:55","date_gmt":"2020-05-12T09:29:55","guid":{"rendered":"http:\/\/blogs2.abo.fi\/tidigalgebra\/?page_id=83"},"modified":"2021-02-19T15:49:38","modified_gmt":"2021-02-19T13:49:38","slug":"mama-projektets-andra-delar","status":"publish","type":"page","link":"https:\/\/blogs2.abo.fi\/tidigalgebra\/mama-projektets-andra-delar\/","title":{"rendered":"MaMa-projektets utbildningsmoduler"},"content":{"rendered":"<p><strong>MaMa-projektets utbildningsmoduler<\/strong><\/p>\n<p><strong>Turun yliopisto:<br \/>\n<\/strong>Maailma matemaattisin silmin \u201dPikkumatikka\u201d-verkkokurssi (Minna Hannula-Sormunen, TY)<br \/>\n<a href=\"https:\/\/www.youtube.com\/channel\/UCmyL0nK7iGwfUN7qj_JU11w\">Pikkumatikka p\u00e5 Youtube<\/a><\/p>\n<p><strong>Helsingin yliopisto:<\/strong><br \/>\nThinkMath-materiaali opettajankoulutuksessa\u00a0(Anu Laine, HY)<br \/>\n<a href=\"https:\/\/blogs.helsinki.fi\/thinkmath\/\">ThinkMath-verkkopalvelu<\/a><\/p>\n<p><strong>Jyv\u00e4skyl\u00e4n yliopisto:<br \/>\n<\/strong>My\u00f6nteisen min\u00e4kuvan tukeminen matematiikassa (Marja-Kristiina Lerkkanen, JY)<br \/>\n<a href=\"https:\/\/www.jyu.fi\/edupsy\/fi\/tutkimus\/hankkeet-projects\/matematiikan-maailmaan\">Matematiikan maailmaan: Min\u00e4uskomukset ja matematiikan oppiminen<\/a><\/p>\n<p><strong>\u00c5bo Akademi (Vasa)<\/strong><br \/>\nAlgebrallisen ajattelun pohjustaminen esi- ja alkuopetuksessa \/ Tidig algebra i f\u00f6rskole- och nyb\u00f6rjarundervisning (Kirsti Hemmi, \u00c5A)<br \/>\n<a href=\"http:\/\/blogs2.abo.fi\/tidigalgebra\/\">MaMa-algebra<\/a>\u00a0(suomeksi\/svenska)<\/p>\n","protected":false},"excerpt":{"rendered":"<p>MaMa-projektets utbildningsmoduler Turun yliopisto: Maailma matemaattisin silmin \u201dPikkumatikka\u201d-verkkokurssi (Minna Hannula-Sormunen, TY) Pikkumatikka p\u00e5 Youtube Helsingin yliopisto: ThinkMath-materiaali opettajankoulutuksessa\u00a0(Anu Laine, HY) ThinkMath-verkkopalvelu Jyv\u00e4skyl\u00e4n yliopisto: My\u00f6nteisen min\u00e4kuvan tukeminen matematiikassa (Marja-Kristiina Lerkkanen, JY) Matematiikan maailmaan: Min\u00e4uskomukset ja matematiikan oppiminen \u00c5bo Akademi (Vasa) Algebrallisen &hellip; <a href=\"https:\/\/blogs2.abo.fi\/tidigalgebra\/mama-projektets-andra-delar\/\">Forts\u00e4tt l\u00e4sa <span class=\"meta-nav\">&rarr;<\/span><\/a><\/p>\n","protected":false},"author":511,"featured_media":0,"parent":0,"menu_order":0,"comment_status":"closed","ping_status":"closed","template":"","meta":{"footnotes":""},"class_list":["post-83","page","type-page","status-publish","hentry"],"_links":{"self":[{"href":"https:\/\/blogs2.abo.fi\/tidigalgebra\/wp-json\/wp\/v2\/pages\/83","targetHints":{"allow":["GET"]}}],"collection":[{"href":"https:\/\/blogs2.abo.fi\/tidigalgebra\/wp-json\/wp\/v2\/pages"}],"about":[{"href":"https:\/\/blogs2.abo.fi\/tidigalgebra\/wp-json\/wp\/v2\/types\/page"}],"author":[{"embeddable":true,"href":"https:\/\/blogs2.abo.fi\/tidigalgebra\/wp-json\/wp\/v2\/users\/511"}],"replies":[{"embeddable":true,"href":"https:\/\/blogs2.abo.fi\/tidigalgebra\/wp-json\/wp\/v2\/comments?post=83"}],"version-history":[{"count":10,"href":"https:\/\/blogs2.abo.fi\/tidigalgebra\/wp-json\/wp\/v2\/pages\/83\/revisions"}],"predecessor-version":[{"id":418,"href":"https:\/\/blogs2.abo.fi\/tidigalgebra\/wp-json\/wp\/v2\/pages\/83\/revisions\/418"}],"wp:attachment":[{"href":"https:\/\/blogs2.abo.fi\/tidigalgebra\/wp-json\/wp\/v2\/media?parent=83"}],"curies":[{"name":"wp","href":"https:\/\/api.w.org\/{rel}","templated":true}]}}