{"id":61,"date":"2020-05-12T10:27:10","date_gmt":"2020-05-12T08:27:10","guid":{"rendered":"http:\/\/blogs2.abo.fi\/tidigalgebra\/?page_id=61"},"modified":"2020-06-17T08:59:26","modified_gmt":"2020-06-17T06:59:26","slug":"uppgifter-och-aktiviteter-for-lararstuderande","status":"publish","type":"page","link":"https:\/\/blogs2.abo.fi\/tidigalgebra\/uppgifter-och-aktiviteter-for-lararstuderande\/","title":{"rendered":"Aktiviteter f\u00f6r l\u00e4rarstuderande"},"content":{"rendered":"<p>Aktiviteterna och uppgifterna riktade till l\u00e4rarstuderande inneh\u00e5ller b\u00e5de teoretiska och praktiska exempel p\u00e5 hur arbeta kring temat tidig algebra med f\u00f6r att \u00f6ka l\u00e4rarstuderandes f\u00f6rst\u00e5else och kunskap kring tidig algebra och algebraisk probleml\u00f6sning.<\/p>\n","protected":false},"excerpt":{"rendered":"<p>Aktiviteterna och uppgifterna riktade till l\u00e4rarstuderande inneh\u00e5ller b\u00e5de teoretiska och praktiska exempel p\u00e5 hur arbeta kring temat tidig algebra med f\u00f6r att \u00f6ka l\u00e4rarstuderandes f\u00f6rst\u00e5else och kunskap kring tidig algebra och algebraisk probleml\u00f6sning.<\/p>\n","protected":false},"author":511,"featured_media":0,"parent":0,"menu_order":0,"comment_status":"closed","ping_status":"closed","template":"","meta":{"footnotes":""},"class_list":["post-61","page","type-page","status-publish","hentry"],"_links":{"self":[{"href":"https:\/\/blogs2.abo.fi\/tidigalgebra\/wp-json\/wp\/v2\/pages\/61","targetHints":{"allow":["GET"]}}],"collection":[{"href":"https:\/\/blogs2.abo.fi\/tidigalgebra\/wp-json\/wp\/v2\/pages"}],"about":[{"href":"https:\/\/blogs2.abo.fi\/tidigalgebra\/wp-json\/wp\/v2\/types\/page"}],"author":[{"embeddable":true,"href":"https:\/\/blogs2.abo.fi\/tidigalgebra\/wp-json\/wp\/v2\/users\/511"}],"replies":[{"embeddable":true,"href":"https:\/\/blogs2.abo.fi\/tidigalgebra\/wp-json\/wp\/v2\/comments?post=61"}],"version-history":[{"count":4,"href":"https:\/\/blogs2.abo.fi\/tidigalgebra\/wp-json\/wp\/v2\/pages\/61\/revisions"}],"predecessor-version":[{"id":328,"href":"https:\/\/blogs2.abo.fi\/tidigalgebra\/wp-json\/wp\/v2\/pages\/61\/revisions\/328"}],"wp:attachment":[{"href":"https:\/\/blogs2.abo.fi\/tidigalgebra\/wp-json\/wp\/v2\/media?parent=61"}],"curies":[{"name":"wp","href":"https:\/\/api.w.org\/{rel}","templated":true}]}}