{"id":285,"date":"2020-06-09T10:16:39","date_gmt":"2020-06-09T08:16:39","guid":{"rendered":"http:\/\/blogs2.abo.fi\/tidigalgebra\/?page_id=285"},"modified":"2020-06-17T10:01:07","modified_gmt":"2020-06-17T08:01:07","slug":"geometrisk-algebra","status":"publish","type":"page","link":"https:\/\/blogs2.abo.fi\/tidigalgebra\/geometrisk-algebra\/","title":{"rendered":"Geometrisk algebra"},"content":{"rendered":"<p>Grekernas talv\u00e4rld bestod av geometriska objekt som str\u00e4ckor och rektanglar. De hade ett antalsbegrepp men inga reella tal. Str\u00e4ckor kunde multipliceras och resultatet blev en rektangel. Produkten av tre str\u00e4ckor blev ett r\u00e4tblock, men multiplikation av fyra str\u00e4ckor kunde inte utf\u00f6ras. Ekvationsl\u00f6sning beskrevs i geometriska termer, vilket ocks\u00e5 kallas geometrisk algebra. Ett typiskt s\u00e5dant exempel \u00e4r f\u00f6ljande.<\/p>\n<p><em><strong>Problem.<\/strong><\/em> Tre str\u00e4ckor <em>a<\/em>, <em>b<\/em> och <em>c<\/em> \u00e4r givna. S\u00f6kt \u00e4r en str\u00e4cka <em>x<\/em> s\u00e5 att rektangeln med sidorna <em>b<\/em> och <em>c<\/em> \u00e4r lika stor som rektangeln med sidorna <em>a<\/em> och <em>x<\/em>.<a href=\"http:\/\/blogs2.abo.fi\/tidigalgebra\/wp-content\/uploads\/sites\/108\/2020\/06\/geometrisk-algebra_problem1.jpg\"><img loading=\"lazy\" decoding=\"async\" class=\"aligncenter size-full wp-image-289\" src=\"http:\/\/blogs2.abo.fi\/tidigalgebra\/wp-content\/uploads\/sites\/108\/2020\/06\/geometrisk-algebra_problem1.jpg\" alt=\"\" width=\"744\" height=\"168\" srcset=\"https:\/\/blogs2.abo.fi\/tidigalgebra\/wp-content\/uploads\/sites\/108\/2020\/06\/geometrisk-algebra_problem1.jpg 744w, https:\/\/blogs2.abo.fi\/tidigalgebra\/wp-content\/uploads\/sites\/108\/2020\/06\/geometrisk-algebra_problem1-300x68.jpg 300w, https:\/\/blogs2.abo.fi\/tidigalgebra\/wp-content\/uploads\/sites\/108\/2020\/06\/geometrisk-algebra_problem1-500x113.jpg 500w\" sizes=\"auto, (max-width: 744px) 100vw, 744px\" \/><\/a><\/p>\n<p>Idag skulle vi l\u00f6sa problemet genom att m\u00e4ta str\u00e4ckorna <em>a<\/em>, <em>b<\/em> och <em>c<\/em> och f\u00e5 tre reella tal, som vi ocks\u00e5 betecknar med <em>a<\/em>, <em>b<\/em> och <em>c<\/em>. L\u00e4ngden av str\u00e4ckan <em>x <\/em>f\u00e5r vi genom att vi f\u00f6rst multiplicerar str\u00e4ckorna <em>b<\/em> och <em>c <\/em>och sedan dividerar resultatet med <em>a<\/em>. D\u00e5 blir de tv\u00e5 rektanglarna lika stora eftersom <em>a<\/em> multiplicerad med <em>x<\/em> blir arean av den ena rektangeln och produkten av <em>b<\/em> och <em>c<\/em> blir arean av den andra rektangeln.<\/p>\n<p>Hur l\u00f6ste grekerna problemet utan att anv\u00e4nda sig av l\u00e4ngder och areor? Som ofta \u00e4r fallet med geometriska problem, s\u00e5 best\u00e5r l\u00f6sningen av en genial konstruktion f\u00f6ljd av ett likas\u00e5 genialt bevis f\u00f6r att konstruktionen \u00e4r korrekt.<\/p>\n<p><strong>Konstruktion<\/strong><br \/>\nAvs\u00e4tt str\u00e4ckan <em>a<\/em>, som vi antar \u00e4r kortare \u00e4n <em>c<\/em>, p\u00e5 str\u00e4ckan <em>BC<\/em> med b\u00f6rjan vid\u00a0<em>B<\/em>. L\u00e5t E vara h\u00f6gra \u00e4ndpunkten av str\u00e4ckan <em>a<\/em>. Dra <em>AE<\/em> och f\u00f6rl\u00e4ng den tills den sk\u00e4r f\u00f6rl\u00e4ngningen av <em>CD<\/em>. L\u00e5t <em>F<\/em> vara denna sk\u00e4rningspunkt. Den s\u00f6kta str\u00e4ckan <em>x<\/em> \u00e4r d\u00e5\u00a0<em>DF<\/em>.<\/p>\n<p><a href=\"http:\/\/blogs2.abo.fi\/tidigalgebra\/wp-content\/uploads\/sites\/108\/2020\/06\/geometrisk-algebra_problem2.jpg\"><img loading=\"lazy\" decoding=\"async\" class=\"aligncenter size-full wp-image-292\" src=\"http:\/\/blogs2.abo.fi\/tidigalgebra\/wp-content\/uploads\/sites\/108\/2020\/06\/geometrisk-algebra_problem2.jpg\" alt=\"\" width=\"548\" height=\"393\" srcset=\"https:\/\/blogs2.abo.fi\/tidigalgebra\/wp-content\/uploads\/sites\/108\/2020\/06\/geometrisk-algebra_problem2.jpg 548w, https:\/\/blogs2.abo.fi\/tidigalgebra\/wp-content\/uploads\/sites\/108\/2020\/06\/geometrisk-algebra_problem2-300x215.jpg 300w, https:\/\/blogs2.abo.fi\/tidigalgebra\/wp-content\/uploads\/sites\/108\/2020\/06\/geometrisk-algebra_problem2-418x300.jpg 418w\" sizes=\"auto, (max-width: 548px) 100vw, 548px\" \/><\/a><strong>Bevis<\/strong><br \/>\nF\u00f6r att bevisa att <em>DF<\/em> \u00e4r den s\u00f6kta str\u00e4ckan, fullborda rektangeln <em>ADFG<\/em> och dra\u00a0en linje genom <em>E<\/em> parallell med <em>DF<\/em>. Denna linje sk\u00e4r <em>GF<\/em> i punkten <em>H <\/em>och <em>AD<\/em> i punkten <em>I<\/em>.<\/p>\n<p><a href=\"http:\/\/blogs2.abo.fi\/tidigalgebra\/wp-content\/uploads\/sites\/108\/2020\/06\/geometrisk-algebra_bevis.jpg\"><img loading=\"lazy\" decoding=\"async\" class=\"aligncenter size-full wp-image-293\" src=\"http:\/\/blogs2.abo.fi\/tidigalgebra\/wp-content\/uploads\/sites\/108\/2020\/06\/geometrisk-algebra_bevis.jpg\" alt=\"\" width=\"562\" height=\"388\" srcset=\"https:\/\/blogs2.abo.fi\/tidigalgebra\/wp-content\/uploads\/sites\/108\/2020\/06\/geometrisk-algebra_bevis.jpg 562w, https:\/\/blogs2.abo.fi\/tidigalgebra\/wp-content\/uploads\/sites\/108\/2020\/06\/geometrisk-algebra_bevis-300x207.jpg 300w, https:\/\/blogs2.abo.fi\/tidigalgebra\/wp-content\/uploads\/sites\/108\/2020\/06\/geometrisk-algebra_bevis-435x300.jpg 435w\" sizes=\"auto, (max-width: 562px) 100vw, 562px\" \/><\/a>Eftersom str\u00e4ckan <em>DF<\/em> \u00e4r lika med str\u00e4ckan <em>AG<\/em> s\u00e5 g\u00e4ller det att bevisa att rektangeln <em>AGHI<\/em> \u00e4r lika stor som rektangeln <em>ABCD<\/em>. Men triangeln <em>GAF<\/em> \u00e4r lika med triangeln <em>DFA<\/em> eftersom b\u00e5da \u00e4r r\u00e4tvinkliga och har lika l\u00e5nga sidor. P\u00e5 samma s\u00e4tt \u00e4r trianglarna <em>BAE<\/em> och <em>IEA<\/em> lika och \u00e4ven trianglarna <em>HEF<\/em> och <em>CFE<\/em>. H\u00e4rav f\u00f6ljer att rektanglarna <em>BGHE<\/em> och <em>IECD<\/em> \u00e4r lika stora enligt principen att om man subtraherar lika mycket fr\u00e5n tv\u00e5 lika storheter s\u00e5 blir<br \/>\n\u00e5terst\u00e5ende delar lika. Genom addition av lika storheter f\u00e5r man till slut att rektanglarna <em>AGHI<\/em> och <em>ABCD<\/em> \u00e4r lika stora.<\/p>\n<p><a href=\"http:\/\/blogs2.abo.fi\/tidigalgebra\/wp-content\/uploads\/sites\/108\/2020\/06\/geometrisk-algebra_uppgift1.jpg\"><img loading=\"lazy\" decoding=\"async\" class=\"aligncenter size-full wp-image-296\" src=\"http:\/\/blogs2.abo.fi\/tidigalgebra\/wp-content\/uploads\/sites\/108\/2020\/06\/geometrisk-algebra_uppgift1.jpg\" alt=\"\" width=\"742\" height=\"117\" srcset=\"https:\/\/blogs2.abo.fi\/tidigalgebra\/wp-content\/uploads\/sites\/108\/2020\/06\/geometrisk-algebra_uppgift1.jpg 742w, https:\/\/blogs2.abo.fi\/tidigalgebra\/wp-content\/uploads\/sites\/108\/2020\/06\/geometrisk-algebra_uppgift1-300x47.jpg 300w, https:\/\/blogs2.abo.fi\/tidigalgebra\/wp-content\/uploads\/sites\/108\/2020\/06\/geometrisk-algebra_uppgift1-500x79.jpg 500w\" sizes=\"auto, (max-width: 742px) 100vw, 742px\" \/><\/a><a href=\"http:\/\/blogs2.abo.fi\/tidigalgebra\/wp-content\/uploads\/sites\/108\/2020\/06\/geometrisk-algebra_uppgift2.jpg\"><img loading=\"lazy\" decoding=\"async\" class=\"aligncenter size-full wp-image-297\" src=\"http:\/\/blogs2.abo.fi\/tidigalgebra\/wp-content\/uploads\/sites\/108\/2020\/06\/geometrisk-algebra_uppgift2.jpg\" alt=\"\" width=\"743\" height=\"156\" srcset=\"https:\/\/blogs2.abo.fi\/tidigalgebra\/wp-content\/uploads\/sites\/108\/2020\/06\/geometrisk-algebra_uppgift2.jpg 743w, https:\/\/blogs2.abo.fi\/tidigalgebra\/wp-content\/uploads\/sites\/108\/2020\/06\/geometrisk-algebra_uppgift2-300x63.jpg 300w, https:\/\/blogs2.abo.fi\/tidigalgebra\/wp-content\/uploads\/sites\/108\/2020\/06\/geometrisk-algebra_uppgift2-500x105.jpg 500w\" sizes=\"auto, (max-width: 743px) 100vw, 743px\" \/><\/a><\/p>\n<p>&nbsp;<\/p>\n<p><em>Texterna och uppgifterna om algebrans historia och geometrisk algebra \u00e4r skrivna av professor emeritus Clas L\u00f6fwall.<\/em><\/p>\n","protected":false},"excerpt":{"rendered":"<p>Grekernas talv\u00e4rld bestod av geometriska objekt som str\u00e4ckor och rektanglar. De hade ett antalsbegrepp men inga reella tal. Str\u00e4ckor kunde multipliceras och resultatet blev en rektangel. Produkten av tre str\u00e4ckor blev ett r\u00e4tblock, men multiplikation av fyra str\u00e4ckor kunde inte &hellip; <a href=\"https:\/\/blogs2.abo.fi\/tidigalgebra\/geometrisk-algebra\/\">Forts\u00e4tt l\u00e4sa <span class=\"meta-nav\">&rarr;<\/span><\/a><\/p>\n","protected":false},"author":511,"featured_media":0,"parent":0,"menu_order":0,"comment_status":"closed","ping_status":"closed","template":"","meta":{"footnotes":""},"class_list":["post-285","page","type-page","status-publish","hentry"],"_links":{"self":[{"href":"https:\/\/blogs2.abo.fi\/tidigalgebra\/wp-json\/wp\/v2\/pages\/285","targetHints":{"allow":["GET"]}}],"collection":[{"href":"https:\/\/blogs2.abo.fi\/tidigalgebra\/wp-json\/wp\/v2\/pages"}],"about":[{"href":"https:\/\/blogs2.abo.fi\/tidigalgebra\/wp-json\/wp\/v2\/types\/page"}],"author":[{"embeddable":true,"href":"https:\/\/blogs2.abo.fi\/tidigalgebra\/wp-json\/wp\/v2\/users\/511"}],"replies":[{"embeddable":true,"href":"https:\/\/blogs2.abo.fi\/tidigalgebra\/wp-json\/wp\/v2\/comments?post=285"}],"version-history":[{"count":8,"href":"https:\/\/blogs2.abo.fi\/tidigalgebra\/wp-json\/wp\/v2\/pages\/285\/revisions"}],"predecessor-version":[{"id":329,"href":"https:\/\/blogs2.abo.fi\/tidigalgebra\/wp-json\/wp\/v2\/pages\/285\/revisions\/329"}],"wp:attachment":[{"href":"https:\/\/blogs2.abo.fi\/tidigalgebra\/wp-json\/wp\/v2\/media?parent=285"}],"curies":[{"name":"wp","href":"https:\/\/api.w.org\/{rel}","templated":true}]}}