{"id":231,"date":"2020-05-19T12:26:45","date_gmt":"2020-05-19T10:26:45","guid":{"rendered":"http:\/\/blogs2.abo.fi\/tidigalgebra\/?page_id=231"},"modified":"2020-05-19T12:26:45","modified_gmt":"2020-05-19T10:26:45","slug":"forekomsten-av-olika-perspektiv","status":"publish","type":"page","link":"https:\/\/blogs2.abo.fi\/tidigalgebra\/forekomsten-av-olika-perspektiv\/","title":{"rendered":"F\u00f6rekomsten av olika perspektiv"},"content":{"rendered":"<p>Bara i USA har man identifierat b\u00e5de funktionella och traditionella perspektiv p\u00e5 utveckling av algebraiskt t\u00e4nkande i olika l\u00e4romedel. \u00c4ven id\u00e9er fr\u00e5n Davydov-skolan har testats och forskats kring i skolor i USA. I v\u00e5r studie d\u00e4r vi j\u00e4mf\u00f6r algebraundervisning i Estland, Finland och Sverige har vi sett att den nuvarande finl\u00e4ndska l\u00e4roplanen i matematik \u00e4r n\u00e4ra det traditionella strukturella perspektivet d\u00e5 algebraiska inneh\u00e5ll har tonats ner under de tidiga skol\u00e5ren men b\u00f6rjar r\u00e4tt formellt p\u00e5 senare \u00e5ren och tar en stor del av inneh\u00e5llet f\u00f6r \u00e5k 7-9. Det finns dock n\u00e5gra drag fr\u00e5n det funktionella perspektivet, n\u00e4mligen arbetet med m\u00f6nster under \u00e5k 1-6. Den svenska l\u00e4roplanen \u00e4r n\u00e4rmast det funktionella perspektivet medan den estniska inneh\u00e5ller m\u00e5nga drag fr\u00e5n Davydov-skolans algebra.<\/p>\n<p>F\u00f6r att l\u00e4ra dig mera om olika perspektiv studera artikel []<\/p>\n","protected":false},"excerpt":{"rendered":"<p>Bara i USA har man identifierat b\u00e5de funktionella och traditionella perspektiv p\u00e5 utveckling av algebraiskt t\u00e4nkande i olika l\u00e4romedel. \u00c4ven id\u00e9er fr\u00e5n Davydov-skolan har testats och forskats kring i skolor i USA. I v\u00e5r studie d\u00e4r vi j\u00e4mf\u00f6r algebraundervisning i &hellip; <a href=\"https:\/\/blogs2.abo.fi\/tidigalgebra\/forekomsten-av-olika-perspektiv\/\">Forts\u00e4tt l\u00e4sa <span class=\"meta-nav\">&rarr;<\/span><\/a><\/p>\n","protected":false},"author":511,"featured_media":0,"parent":0,"menu_order":0,"comment_status":"closed","ping_status":"closed","template":"","meta":{"footnotes":""},"class_list":["post-231","page","type-page","status-publish","hentry"],"_links":{"self":[{"href":"https:\/\/blogs2.abo.fi\/tidigalgebra\/wp-json\/wp\/v2\/pages\/231","targetHints":{"allow":["GET"]}}],"collection":[{"href":"https:\/\/blogs2.abo.fi\/tidigalgebra\/wp-json\/wp\/v2\/pages"}],"about":[{"href":"https:\/\/blogs2.abo.fi\/tidigalgebra\/wp-json\/wp\/v2\/types\/page"}],"author":[{"embeddable":true,"href":"https:\/\/blogs2.abo.fi\/tidigalgebra\/wp-json\/wp\/v2\/users\/511"}],"replies":[{"embeddable":true,"href":"https:\/\/blogs2.abo.fi\/tidigalgebra\/wp-json\/wp\/v2\/comments?post=231"}],"version-history":[{"count":1,"href":"https:\/\/blogs2.abo.fi\/tidigalgebra\/wp-json\/wp\/v2\/pages\/231\/revisions"}],"predecessor-version":[{"id":232,"href":"https:\/\/blogs2.abo.fi\/tidigalgebra\/wp-json\/wp\/v2\/pages\/231\/revisions\/232"}],"wp:attachment":[{"href":"https:\/\/blogs2.abo.fi\/tidigalgebra\/wp-json\/wp\/v2\/media?parent=231"}],"curies":[{"name":"wp","href":"https:\/\/api.w.org\/{rel}","templated":true}]}}