{"id":208,"date":"2020-05-18T13:25:52","date_gmt":"2020-05-18T11:25:52","guid":{"rendered":"http:\/\/blogs2.abo.fi\/tidigalgebra\/?page_id=208"},"modified":"2021-02-19T15:52:01","modified_gmt":"2021-02-19T13:52:01","slug":"mama-algebra","status":"publish","type":"page","link":"https:\/\/blogs2.abo.fi\/tidigalgebra\/mama-algebra\/","title":{"rendered":"MaMa-projektet"},"content":{"rendered":"<p><strong><img loading=\"lazy\" decoding=\"async\" class=\"alignnone size-medium wp-image-67\" src=\"http:\/\/blogs2.abo.fi\/tidigalgebra\/wp-content\/uploads\/sites\/108\/2020\/05\/MaMa-logo-v-300x131.png\" alt=\"\" width=\"300\" height=\"131\" srcset=\"https:\/\/blogs2.abo.fi\/tidigalgebra\/wp-content\/uploads\/sites\/108\/2020\/05\/MaMa-logo-v-300x131.png 300w, https:\/\/blogs2.abo.fi\/tidigalgebra\/wp-content\/uploads\/sites\/108\/2020\/05\/MaMa-logo-v-500x219.png 500w, https:\/\/blogs2.abo.fi\/tidigalgebra\/wp-content\/uploads\/sites\/108\/2020\/05\/MaMa-logo-v.png 712w\" sizes=\"auto, (max-width: 300px) 100vw, 300px\" \/><br \/>\nTill Matematikens V\u00e4rld &#8211; Matematiikan Maailmaan\u00a0<\/strong><\/p>\n<p>Spetsprojektet <em>Till Matematikens v\u00e4rld<\/em> (<a href=\"https:\/\/oppiminenuudistuu.wordpress.com\/2018\/11\/13\/matematiikan-maailmaan\/\">Matematiikan maailmaan<\/a>, MaMa) startade 2017. MaMa \u00e4r ett samarbetsprojekt mellan \u00c5bo universitet (ledande), Helsingfors universitet, Jyv\u00e4skyl\u00e4 universitet och \u00c5bo Akademi. Projektledare \u00e4r professor Minna Hannula-Sormunen fr\u00e5n \u00c5bo universitet. Projektet \u00e4r finansierat av undervisnings- och kulturministeriet i Finland. Denna utbildningsmodul om tidig algebra, MaMa-algebra, som \u00c5bo Akademi ansvarar f\u00f6r \u00e4r en del av det nationella MaMa-projektet.<\/p>\n<p>Syftet med MaMa-projektet \u00e4r att utveckla <strong>forskningsbaserade moduler f\u00f6r l\u00e4rarutbildning g\u00e4llande matematik<\/strong> inom sm\u00e5barnspedagogik och nyb\u00f6rjarundervisning. Vi p\u00e5 \u00c5bo Akademi har producerat och testat material som fokuserar p\u00e5 ett omr\u00e5de vilket inte tidigare har f\u00e5tt s\u00e5 stor uppm\u00e4rksamhet i Finland, n\u00e4mligen <strong>tidig algebra<\/strong>. Materialet bygger p\u00e5 l\u00e4rdomar fr\u00e5n ett forskningsprojekt finansierat av svenska Vetenskapsr\u00e5det (Bidragsnummer 2015\u201302043) som ber\u00f6r algebraundervisningen f\u00f6r grundskolan och delvis \u00e4ven gymnasieskolan. V\u00e5r del av MaMa-projektet, <strong>MaMa-algebra, riktar sig speciellt mot nyb\u00f6rjarundervisning men vi ber\u00f6r \u00e4ven progressionen fr\u00e5n sm\u00e5barnspedagogiken fram till grundskolans senare \u00e5r<\/strong>. Detta \u00e4r viktigt f\u00f6r att blivande l\u00e4rare ska f\u00e5 en helhetsbild av skolalgebra. V\u00e5ra kollegor inom v\u00e5rt nordiska algebra-n\u00e4tverk<a href=\"#_ftn1\" name=\"_ftnref1\">[1]<\/a> har ocks\u00e5 utvecklat forskningsbaserat material f\u00f6r tidiga \u00e5ren inom ramen av andra projekt och vi kommer att l\u00e4nka till deras material vid l\u00e4mpliga omr\u00e5den som vi kommer att behandla inom MaMa-algebra (<a href=\"https:\/\/ouluma.fi\/alakoulun-aritmetiikkaa-uusin-silmin\/\">https:\/\/ouluma.fi\/alakoulun-aritmetiikkaa-uusin-silmin\/<\/a>).<\/p>\n<p><strong>Probleml\u00f6sning och diskussioner<\/strong> om olika l\u00f6sningar lyfts som en viktig del av matematikundervisning enligt GLGU 2014. M\u00e5nga probleml\u00f6sningsuppgifter kan man hitta just inom algebra. Vi har d\u00e4rf\u00f6r \u00e4ven inkluderat id\u00e9er om problem och hur de kan behandlas i klassens gemensamma diskussioner i materialet.<\/p>\n<p>Denna utbildningsmodul inneh\u00e5ller b\u00e5de <strong>teoretiska och praktiska delar om algebra<\/strong>. Vi har \u00e4ven samlat <strong>l\u00e4nkar<\/strong> till annat material som vi anser kan bidra till utveckling av undervisning p\u00e5 detta omr\u00e5de.<\/p>\n<p><a href=\"#_ftnref1\" name=\"_ftn1\">[1]<\/a> Nordic Network for Algebra Learning (N2AL)\u00a0\u00a0 <a href=\"https:\/\/www.edu.uu.se\/forskning\/didaktik\/matematikdidaktik\/n2al\/\">https:\/\/www.edu.uu.se\/forskning\/didaktik\/matematikdidaktik\/n2al\/<\/a><\/p>\n<p>&nbsp;<\/p>\n","protected":false},"excerpt":{"rendered":"<p>Till Matematikens V\u00e4rld &#8211; Matematiikan Maailmaan\u00a0 Spetsprojektet Till Matematikens v\u00e4rld (Matematiikan maailmaan, MaMa) startade 2017. MaMa \u00e4r ett samarbetsprojekt mellan \u00c5bo universitet (ledande), Helsingfors universitet, Jyv\u00e4skyl\u00e4 universitet och \u00c5bo Akademi. Projektledare \u00e4r professor Minna Hannula-Sormunen fr\u00e5n \u00c5bo universitet. Projektet \u00e4r &hellip; <a href=\"https:\/\/blogs2.abo.fi\/tidigalgebra\/mama-algebra\/\">Forts\u00e4tt l\u00e4sa <span class=\"meta-nav\">&rarr;<\/span><\/a><\/p>\n","protected":false},"author":511,"featured_media":0,"parent":0,"menu_order":0,"comment_status":"closed","ping_status":"closed","template":"","meta":{"footnotes":""},"class_list":["post-208","page","type-page","status-publish","hentry"],"_links":{"self":[{"href":"https:\/\/blogs2.abo.fi\/tidigalgebra\/wp-json\/wp\/v2\/pages\/208","targetHints":{"allow":["GET"]}}],"collection":[{"href":"https:\/\/blogs2.abo.fi\/tidigalgebra\/wp-json\/wp\/v2\/pages"}],"about":[{"href":"https:\/\/blogs2.abo.fi\/tidigalgebra\/wp-json\/wp\/v2\/types\/page"}],"author":[{"embeddable":true,"href":"https:\/\/blogs2.abo.fi\/tidigalgebra\/wp-json\/wp\/v2\/users\/511"}],"replies":[{"embeddable":true,"href":"https:\/\/blogs2.abo.fi\/tidigalgebra\/wp-json\/wp\/v2\/comments?post=208"}],"version-history":[{"count":4,"href":"https:\/\/blogs2.abo.fi\/tidigalgebra\/wp-json\/wp\/v2\/pages\/208\/revisions"}],"predecessor-version":[{"id":420,"href":"https:\/\/blogs2.abo.fi\/tidigalgebra\/wp-json\/wp\/v2\/pages\/208\/revisions\/420"}],"wp:attachment":[{"href":"https:\/\/blogs2.abo.fi\/tidigalgebra\/wp-json\/wp\/v2\/media?parent=208"}],"curies":[{"name":"wp","href":"https:\/\/api.w.org\/{rel}","templated":true}]}}