{"id":177,"date":"2020-05-12T22:25:33","date_gmt":"2020-05-12T20:25:33","guid":{"rendered":"http:\/\/blogs2.abo.fi\/tidigalgebra\/?page_id=177"},"modified":"2020-06-04T13:54:09","modified_gmt":"2020-06-04T11:54:09","slug":"exempel-pa-uppgifter-i-en-estnisk-matematikbok-i-ak-2","status":"publish","type":"page","link":"https:\/\/blogs2.abo.fi\/tidigalgebra\/exempel-pa-uppgifter-i-en-estnisk-matematikbok-i-ak-2\/","title":{"rendered":"Exempel p\u00e5 uppgifter enligt Davydovs id\u00e9er"},"content":{"rendered":"<p><strong>Exempel p\u00e5 uppgifter i ett estnisk l\u00e4romedel i matematik f\u00f6r \u00e5k 2<\/strong><\/p>\n<p>Exempel 1: Addition och subtraktion med obekanta tal och variabler<\/p>\n<p><a href=\"http:\/\/blogs2.abo.fi\/tidigalgebra\/wp-content\/uploads\/sites\/108\/2020\/06\/l\u00e4romedel-estland_bild1.png\"><img loading=\"lazy\" decoding=\"async\" class=\"alignnone size-medium wp-image-264\" src=\"http:\/\/blogs2.abo.fi\/tidigalgebra\/wp-content\/uploads\/sites\/108\/2020\/06\/l\u00e4romedel-estland_bild1-246x300.png\" alt=\"\" width=\"246\" height=\"300\" srcset=\"https:\/\/blogs2.abo.fi\/tidigalgebra\/wp-content\/uploads\/sites\/108\/2020\/06\/l\u00e4romedel-estland_bild1-246x300.png 246w, https:\/\/blogs2.abo.fi\/tidigalgebra\/wp-content\/uploads\/sites\/108\/2020\/06\/l\u00e4romedel-estland_bild1.png 557w\" sizes=\"auto, (max-width: 246px) 100vw, 246px\" \/><\/a><\/p>\n<p>Exempel 2: Multiplikation med obekanta tal och variabler<\/p>\n<p><a href=\"http:\/\/blogs2.abo.fi\/tidigalgebra\/wp-content\/uploads\/sites\/108\/2020\/06\/l\u00e4romedel-estland_bild2.png\"><img loading=\"lazy\" decoding=\"async\" class=\"alignnone size-medium wp-image-265\" src=\"http:\/\/blogs2.abo.fi\/tidigalgebra\/wp-content\/uploads\/sites\/108\/2020\/06\/l\u00e4romedel-estland_bild2-228x300.png\" alt=\"\" width=\"228\" height=\"300\" srcset=\"https:\/\/blogs2.abo.fi\/tidigalgebra\/wp-content\/uploads\/sites\/108\/2020\/06\/l\u00e4romedel-estland_bild2-228x300.png 228w, https:\/\/blogs2.abo.fi\/tidigalgebra\/wp-content\/uploads\/sites\/108\/2020\/06\/l\u00e4romedel-estland_bild2.png 532w\" sizes=\"auto, (max-width: 228px) 100vw, 228px\" \/><\/a><\/p>\n","protected":false},"excerpt":{"rendered":"<p>Exempel p\u00e5 uppgifter i ett estnisk l\u00e4romedel i matematik f\u00f6r \u00e5k 2 Exempel 1: Addition och subtraktion med obekanta tal och variabler Exempel 2: Multiplikation med obekanta tal och variabler<\/p>\n","protected":false},"author":511,"featured_media":0,"parent":0,"menu_order":0,"comment_status":"closed","ping_status":"closed","template":"","meta":{"footnotes":""},"class_list":["post-177","page","type-page","status-publish","hentry"],"_links":{"self":[{"href":"https:\/\/blogs2.abo.fi\/tidigalgebra\/wp-json\/wp\/v2\/pages\/177","targetHints":{"allow":["GET"]}}],"collection":[{"href":"https:\/\/blogs2.abo.fi\/tidigalgebra\/wp-json\/wp\/v2\/pages"}],"about":[{"href":"https:\/\/blogs2.abo.fi\/tidigalgebra\/wp-json\/wp\/v2\/types\/page"}],"author":[{"embeddable":true,"href":"https:\/\/blogs2.abo.fi\/tidigalgebra\/wp-json\/wp\/v2\/users\/511"}],"replies":[{"embeddable":true,"href":"https:\/\/blogs2.abo.fi\/tidigalgebra\/wp-json\/wp\/v2\/comments?post=177"}],"version-history":[{"count":5,"href":"https:\/\/blogs2.abo.fi\/tidigalgebra\/wp-json\/wp\/v2\/pages\/177\/revisions"}],"predecessor-version":[{"id":266,"href":"https:\/\/blogs2.abo.fi\/tidigalgebra\/wp-json\/wp\/v2\/pages\/177\/revisions\/266"}],"wp:attachment":[{"href":"https:\/\/blogs2.abo.fi\/tidigalgebra\/wp-json\/wp\/v2\/media?parent=177"}],"curies":[{"name":"wp","href":"https:\/\/api.w.org\/{rel}","templated":true}]}}