{"id":170,"date":"2020-05-12T22:18:36","date_gmt":"2020-05-12T20:18:36","guid":{"rendered":"http:\/\/blogs2.abo.fi\/tidigalgebra\/?page_id=170"},"modified":"2020-06-04T12:01:26","modified_gmt":"2020-06-04T10:01:26","slug":"generaliserad-aritmetik","status":"publish","type":"page","link":"https:\/\/blogs2.abo.fi\/tidigalgebra\/generaliserad-aritmetik\/","title":{"rendered":"Generaliserad aritmetik"},"content":{"rendered":"<p><strong>Generaliserad aritmetik<\/strong><\/p>\n<p>Generaliserad aritmetik fokuserar p\u00e5 strukturer och relationer som uppkommer inom aritmetiken. Detta kan handla om olika r\u00e4knelagar som exempelvis kommutativa och associativa lagen och relationen mellan olika r\u00e4knes\u00e4tt. Det \u00e4r viktigt att barnen l\u00e4r sig fr\u00e5n f\u00f6rsta b\u00f6rjan se hur t.ex. addition och subtraktion samt multiplikation och division \u00e4r omv\u00e4nda (inversa) operationer. Generaliserad aritmetik f\u00f6rekommer ofta i aktiviteter inom de andra stora id\u00e9erna.<\/p>\n","protected":false},"excerpt":{"rendered":"<p>Generaliserad aritmetik Generaliserad aritmetik fokuserar p\u00e5 strukturer och relationer som uppkommer inom aritmetiken. Detta kan handla om olika r\u00e4knelagar som exempelvis kommutativa och associativa lagen och relationen mellan olika r\u00e4knes\u00e4tt. Det \u00e4r viktigt att barnen l\u00e4r sig fr\u00e5n f\u00f6rsta b\u00f6rjan &hellip; <a href=\"https:\/\/blogs2.abo.fi\/tidigalgebra\/generaliserad-aritmetik\/\">Forts\u00e4tt l\u00e4sa <span class=\"meta-nav\">&rarr;<\/span><\/a><\/p>\n","protected":false},"author":511,"featured_media":0,"parent":0,"menu_order":0,"comment_status":"closed","ping_status":"closed","template":"","meta":{"footnotes":""},"class_list":["post-170","page","type-page","status-publish","hentry"],"_links":{"self":[{"href":"https:\/\/blogs2.abo.fi\/tidigalgebra\/wp-json\/wp\/v2\/pages\/170","targetHints":{"allow":["GET"]}}],"collection":[{"href":"https:\/\/blogs2.abo.fi\/tidigalgebra\/wp-json\/wp\/v2\/pages"}],"about":[{"href":"https:\/\/blogs2.abo.fi\/tidigalgebra\/wp-json\/wp\/v2\/types\/page"}],"author":[{"embeddable":true,"href":"https:\/\/blogs2.abo.fi\/tidigalgebra\/wp-json\/wp\/v2\/users\/511"}],"replies":[{"embeddable":true,"href":"https:\/\/blogs2.abo.fi\/tidigalgebra\/wp-json\/wp\/v2\/comments?post=170"}],"version-history":[{"count":3,"href":"https:\/\/blogs2.abo.fi\/tidigalgebra\/wp-json\/wp\/v2\/pages\/170\/revisions"}],"predecessor-version":[{"id":257,"href":"https:\/\/blogs2.abo.fi\/tidigalgebra\/wp-json\/wp\/v2\/pages\/170\/revisions\/257"}],"wp:attachment":[{"href":"https:\/\/blogs2.abo.fi\/tidigalgebra\/wp-json\/wp\/v2\/media?parent=170"}],"curies":[{"name":"wp","href":"https:\/\/api.w.org\/{rel}","templated":true}]}}