{"id":152,"date":"2020-05-12T21:36:19","date_gmt":"2020-05-12T19:36:19","guid":{"rendered":"http:\/\/blogs2.abo.fi\/tidigalgebra\/?page_id=152"},"modified":"2020-06-04T10:51:56","modified_gmt":"2020-06-04T08:51:56","slug":"tidig-algebra","status":"publish","type":"page","link":"https:\/\/blogs2.abo.fi\/tidigalgebra\/tidig-algebra\/","title":{"rendered":"Tidig algebra"},"content":{"rendered":"<p>Algebra \u00e4r ett matematiskt omr\u00e5de som traditionellt i v\u00e4stv\u00e4rlden behandlats f\u00f6rst p\u00e5 senare skol\u00e5ren, ocks\u00e5 i Finland. Den h\u00e4r traditionen har ifr\u00e5gasatts under senaste decennier och forskningen visar att det \u00e4r m\u00f6jligt och f\u00f6rdelaktigt att utveckla elevers algebraiska t\u00e4nkande redan under nyb\u00f6rjarundervisningen. Tidigare anv\u00e4ndes begreppet <em>pre-algebra<\/em>, men genom att anv\u00e4nda begreppet <em>tidig algebra<\/em> vill man starkare markera att det handlar om begynnande algebraundervisning, d\u00e4r algebran och aritmetiken sammanknyts.<\/p>\n<p>I denna del kan du l\u00e4sa om historiska inblickar i algebra, om algebra i dagens skola, om kategorisering av skolalgebran och om olika syns\u00e4tt p\u00e5 hur barns algebraiska t\u00e4nkande utvecklas.<\/p>\n","protected":false},"excerpt":{"rendered":"<p>Algebra \u00e4r ett matematiskt omr\u00e5de som traditionellt i v\u00e4stv\u00e4rlden behandlats f\u00f6rst p\u00e5 senare skol\u00e5ren, ocks\u00e5 i Finland. Den h\u00e4r traditionen har ifr\u00e5gasatts under senaste decennier och forskningen visar att det \u00e4r m\u00f6jligt och f\u00f6rdelaktigt att utveckla elevers algebraiska t\u00e4nkande redan &hellip; <a href=\"https:\/\/blogs2.abo.fi\/tidigalgebra\/tidig-algebra\/\">Forts\u00e4tt l\u00e4sa <span class=\"meta-nav\">&rarr;<\/span><\/a><\/p>\n","protected":false},"author":511,"featured_media":0,"parent":0,"menu_order":0,"comment_status":"closed","ping_status":"closed","template":"","meta":{"footnotes":""},"class_list":["post-152","page","type-page","status-publish","hentry"],"_links":{"self":[{"href":"https:\/\/blogs2.abo.fi\/tidigalgebra\/wp-json\/wp\/v2\/pages\/152","targetHints":{"allow":["GET"]}}],"collection":[{"href":"https:\/\/blogs2.abo.fi\/tidigalgebra\/wp-json\/wp\/v2\/pages"}],"about":[{"href":"https:\/\/blogs2.abo.fi\/tidigalgebra\/wp-json\/wp\/v2\/types\/page"}],"author":[{"embeddable":true,"href":"https:\/\/blogs2.abo.fi\/tidigalgebra\/wp-json\/wp\/v2\/users\/511"}],"replies":[{"embeddable":true,"href":"https:\/\/blogs2.abo.fi\/tidigalgebra\/wp-json\/wp\/v2\/comments?post=152"}],"version-history":[{"count":5,"href":"https:\/\/blogs2.abo.fi\/tidigalgebra\/wp-json\/wp\/v2\/pages\/152\/revisions"}],"predecessor-version":[{"id":242,"href":"https:\/\/blogs2.abo.fi\/tidigalgebra\/wp-json\/wp\/v2\/pages\/152\/revisions\/242"}],"wp:attachment":[{"href":"https:\/\/blogs2.abo.fi\/tidigalgebra\/wp-json\/wp\/v2\/media?parent=152"}],"curies":[{"name":"wp","href":"https:\/\/api.w.org\/{rel}","templated":true}]}}