{"id":103,"date":"2020-05-12T13:52:48","date_gmt":"2020-05-12T11:52:48","guid":{"rendered":"http:\/\/blogs2.abo.fi\/tidigalgebra\/?page_id=103"},"modified":"2021-02-23T22:11:36","modified_gmt":"2021-02-23T20:11:36","slug":"proportionellt-tankande","status":"publish","type":"page","link":"https:\/\/blogs2.abo.fi\/tidigalgebra\/proportionellt-tankande\/","title":{"rendered":"Proportionella relationer"},"content":{"rendered":"<p><a href=\"http:\/\/blogs2.abo.fi\/tidigalgebra\/wp-content\/uploads\/sites\/108\/2021\/02\/Proportionella-relationer_elev.png\"><img loading=\"lazy\" decoding=\"async\" class=\"wp-image-390 alignleft\" src=\"http:\/\/blogs2.abo.fi\/tidigalgebra\/wp-content\/uploads\/sites\/108\/2021\/02\/Proportionella-relationer_elev-213x300.png\" alt=\"\" width=\"135\" height=\"186\" \/><\/a><strong>Elevversion<\/strong> med enbart uppgifter:<br \/>\n<a href=\"http:\/\/blogs2.abo.fi\/tidigalgebra\/wp-content\/uploads\/sites\/108\/2020\/08\/MaMa_Proportionella-relationer_elevversion.pdf\">MaMa_Proportionella relationer_elevversion<\/a><\/p>\n<p>&nbsp;<\/p>\n<p>&nbsp;<\/p>\n<p>&nbsp;<\/p>\n<p>&nbsp;<\/p>\n<p><a href=\"http:\/\/blogs2.abo.fi\/tidigalgebra\/wp-content\/uploads\/sites\/108\/2021\/02\/Proportionella-relationer_l\u00e4rarversion.png\"><img loading=\"lazy\" decoding=\"async\" class=\"wp-image-391 alignleft\" src=\"http:\/\/blogs2.abo.fi\/tidigalgebra\/wp-content\/uploads\/sites\/108\/2021\/02\/Proportionella-relationer_l\u00e4rarversion-209x300.png\" alt=\"\" width=\"136\" height=\"191\" \/><\/a><\/p>\n<p><strong>L\u00e4rarversion<\/strong> med b\u00e5de uppgifterna och kommentarer kring uppgifterna:<br \/>\n<a href=\"http:\/\/blogs2.abo.fi\/tidigalgebra\/wp-content\/uploads\/sites\/108\/2021\/02\/Proportionella-relationer_l\u00e4rarversion-1.pdf\">MaMa_Proportionella relationer_l\u00e4rarversion<\/a><\/p>\n<p>&nbsp;<\/p>\n<p>&nbsp;<\/p>\n<p>&nbsp;<\/p>\n<p><a href=\"http:\/\/blogs2.abo.fi\/tidigalgebra\/wp-content\/uploads\/sites\/108\/2021\/02\/Sp\u00f6khuset_videobild.png\"><img loading=\"lazy\" decoding=\"async\" class=\" wp-image-392 alignleft\" src=\"http:\/\/blogs2.abo.fi\/tidigalgebra\/wp-content\/uploads\/sites\/108\/2021\/02\/Sp\u00f6khuset_videobild-300x183.png\" alt=\"\" width=\"123\" height=\"79\" \/><\/a>H\u00e4r hittar du en<strong> video med ett exempel p\u00e5 hur man har jobbat med problemet &#8221;<a href=\"https:\/\/panopto.abo.fi\/Panopto\/Pages\/Viewer.aspx?id=61bd2e5c-2ed9-4236-b942-ac5b007afb6b\">Sp\u00f6khuset<\/a>&#8221;<\/strong> med eleverna. Filmen \u00e4r gjord av Martina Wilhelms vid Vasa \u00f6vningsskola.<\/p>\n<p>&nbsp;<\/p>\n<p>I den\u00a0<a href=\"https:\/\/blogs2.abo.fi\/tidigalgebra\/proportionellt-tankande-2\/\">teoretiska delen<\/a>\u00a0p\u00e5 MaMa-Algebra hemsidan kan du l\u00e4sa om\u00a0<strong>proportionella relationer<\/strong>\u00a0inom den tidiga algebran.<\/p>\n","protected":false},"excerpt":{"rendered":"<p>Elevversion med enbart uppgifter: MaMa_Proportionella relationer_elevversion &nbsp; &nbsp; &nbsp; &nbsp; L\u00e4rarversion med b\u00e5de uppgifterna och kommentarer kring uppgifterna: MaMa_Proportionella relationer_l\u00e4rarversion &nbsp; &nbsp; &nbsp; H\u00e4r hittar du en video med ett exempel p\u00e5 hur man har jobbat med problemet &#8221;Sp\u00f6khuset&#8221; med &hellip; <a href=\"https:\/\/blogs2.abo.fi\/tidigalgebra\/proportionellt-tankande\/\">Forts\u00e4tt l\u00e4sa <span class=\"meta-nav\">&rarr;<\/span><\/a><\/p>\n","protected":false},"author":511,"featured_media":0,"parent":0,"menu_order":0,"comment_status":"closed","ping_status":"closed","template":"","meta":{"footnotes":""},"class_list":["post-103","page","type-page","status-publish","hentry"],"_links":{"self":[{"href":"https:\/\/blogs2.abo.fi\/tidigalgebra\/wp-json\/wp\/v2\/pages\/103","targetHints":{"allow":["GET"]}}],"collection":[{"href":"https:\/\/blogs2.abo.fi\/tidigalgebra\/wp-json\/wp\/v2\/pages"}],"about":[{"href":"https:\/\/blogs2.abo.fi\/tidigalgebra\/wp-json\/wp\/v2\/types\/page"}],"author":[{"embeddable":true,"href":"https:\/\/blogs2.abo.fi\/tidigalgebra\/wp-json\/wp\/v2\/users\/511"}],"replies":[{"embeddable":true,"href":"https:\/\/blogs2.abo.fi\/tidigalgebra\/wp-json\/wp\/v2\/comments?post=103"}],"version-history":[{"count":16,"href":"https:\/\/blogs2.abo.fi\/tidigalgebra\/wp-json\/wp\/v2\/pages\/103\/revisions"}],"predecessor-version":[{"id":431,"href":"https:\/\/blogs2.abo.fi\/tidigalgebra\/wp-json\/wp\/v2\/pages\/103\/revisions\/431"}],"wp:attachment":[{"href":"https:\/\/blogs2.abo.fi\/tidigalgebra\/wp-json\/wp\/v2\/media?parent=103"}],"curies":[{"name":"wp","href":"https:\/\/api.w.org\/{rel}","templated":true}]}}