{"id":101,"date":"2020-05-12T13:52:27","date_gmt":"2020-05-12T11:52:27","guid":{"rendered":"http:\/\/blogs2.abo.fi\/tidigalgebra\/?page_id=101"},"modified":"2021-02-23T22:57:08","modified_gmt":"2021-02-23T20:57:08","slug":"funktionellt-tankande","status":"publish","type":"page","link":"https:\/\/blogs2.abo.fi\/tidigalgebra\/funktionellt-tankande\/","title":{"rendered":"Funktionella samband"},"content":{"rendered":"<p><a href=\"http:\/\/blogs2.abo.fi\/tidigalgebra\/wp-content\/uploads\/sites\/108\/2021\/02\/Funktionella-samband_elevversion-1.png\"><img loading=\"lazy\" decoding=\"async\" class=\"size-medium wp-image-408 alignleft\" src=\"http:\/\/blogs2.abo.fi\/tidigalgebra\/wp-content\/uploads\/sites\/108\/2021\/02\/Funktionella-samband_elevversion-1-214x300.png\" alt=\"\" width=\"214\" height=\"300\" srcset=\"https:\/\/blogs2.abo.fi\/tidigalgebra\/wp-content\/uploads\/sites\/108\/2021\/02\/Funktionella-samband_elevversion-1-214x300.png 214w, https:\/\/blogs2.abo.fi\/tidigalgebra\/wp-content\/uploads\/sites\/108\/2021\/02\/Funktionella-samband_elevversion-1.png 262w\" sizes=\"auto, (max-width: 214px) 100vw, 214px\" \/><\/a><strong>Elevversion<\/strong> med enbart uppgifter:<\/p>\n<p><a href=\"http:\/\/blogs2.abo.fi\/tidigalgebra\/wp-content\/uploads\/sites\/108\/2021\/02\/Funktionella-samband_elevversion-2.pdf\">Funktionella samband_elevversion<\/a><\/p>\n<p>&nbsp;<\/p>\n<p>&nbsp;<\/p>\n<p>&nbsp;<\/p>\n<p>&nbsp;<\/p>\n<p>&nbsp;<\/p>\n<p>&nbsp;<\/p>\n<p><a href=\"http:\/\/blogs2.abo.fi\/tidigalgebra\/wp-content\/uploads\/sites\/108\/2021\/02\/Funktionella-samband_l\u00e4rarversion-1.png\"><img loading=\"lazy\" decoding=\"async\" class=\"size-medium wp-image-409 alignleft\" src=\"http:\/\/blogs2.abo.fi\/tidigalgebra\/wp-content\/uploads\/sites\/108\/2021\/02\/Funktionella-samband_l\u00e4rarversion-1-214x300.png\" alt=\"\" width=\"214\" height=\"300\" srcset=\"https:\/\/blogs2.abo.fi\/tidigalgebra\/wp-content\/uploads\/sites\/108\/2021\/02\/Funktionella-samband_l\u00e4rarversion-1-214x300.png 214w, https:\/\/blogs2.abo.fi\/tidigalgebra\/wp-content\/uploads\/sites\/108\/2021\/02\/Funktionella-samband_l\u00e4rarversion-1.png 262w\" sizes=\"auto, (max-width: 214px) 100vw, 214px\" \/><\/a><\/p>\n<p><strong>L\u00e4rarversion<\/strong> med b\u00e5de uppgifterna och kommentarer kring uppgifterna:<\/p>\n<p><a href=\"http:\/\/blogs2.abo.fi\/tidigalgebra\/wp-content\/uploads\/sites\/108\/2021\/02\/Funktionella-samband_lararversion-1.pdf\">Funktionella samband_l\u00e4rarversion<\/a><\/p>\n<p>&nbsp;<\/p>\n<p>&nbsp;<\/p>\n<p>&nbsp;<\/p>\n<p>&nbsp;<\/p>\n<p>&nbsp;<\/p>\n<p>I den <a href=\"https:\/\/blogs2.abo.fi\/tidigalgebra\/forstaelse-av-funktionella-samband\/\">teoretiska delen<\/a> p\u00e5 MaMa-Algebra hemsidan kan du l\u00e4sa om <strong>funktionella samband<\/strong> inom den tidiga algebran.<\/p>\n","protected":false},"excerpt":{"rendered":"<p>Elevversion med enbart uppgifter: Funktionella samband_elevversion &nbsp; &nbsp; &nbsp; &nbsp; &nbsp; &nbsp; L\u00e4rarversion med b\u00e5de uppgifterna och kommentarer kring uppgifterna: Funktionella samband_l\u00e4rarversion &nbsp; &nbsp; &nbsp; &nbsp; &nbsp; I den teoretiska delen p\u00e5 MaMa-Algebra hemsidan kan du l\u00e4sa om funktionella samband &hellip; <a href=\"https:\/\/blogs2.abo.fi\/tidigalgebra\/funktionellt-tankande\/\">Forts\u00e4tt l\u00e4sa <span class=\"meta-nav\">&rarr;<\/span><\/a><\/p>\n","protected":false},"author":511,"featured_media":0,"parent":0,"menu_order":0,"comment_status":"closed","ping_status":"closed","template":"","meta":{"footnotes":""},"class_list":["post-101","page","type-page","status-publish","hentry"],"_links":{"self":[{"href":"https:\/\/blogs2.abo.fi\/tidigalgebra\/wp-json\/wp\/v2\/pages\/101","targetHints":{"allow":["GET"]}}],"collection":[{"href":"https:\/\/blogs2.abo.fi\/tidigalgebra\/wp-json\/wp\/v2\/pages"}],"about":[{"href":"https:\/\/blogs2.abo.fi\/tidigalgebra\/wp-json\/wp\/v2\/types\/page"}],"author":[{"embeddable":true,"href":"https:\/\/blogs2.abo.fi\/tidigalgebra\/wp-json\/wp\/v2\/users\/511"}],"replies":[{"embeddable":true,"href":"https:\/\/blogs2.abo.fi\/tidigalgebra\/wp-json\/wp\/v2\/comments?post=101"}],"version-history":[{"count":11,"href":"https:\/\/blogs2.abo.fi\/tidigalgebra\/wp-json\/wp\/v2\/pages\/101\/revisions"}],"predecessor-version":[{"id":442,"href":"https:\/\/blogs2.abo.fi\/tidigalgebra\/wp-json\/wp\/v2\/pages\/101\/revisions\/442"}],"wp:attachment":[{"href":"https:\/\/blogs2.abo.fi\/tidigalgebra\/wp-json\/wp\/v2\/media?parent=101"}],"curies":[{"name":"wp","href":"https:\/\/api.w.org\/{rel}","templated":true}]}}