{"id":9,"date":"2018-06-11T10:53:22","date_gmt":"2018-06-11T10:53:22","guid":{"rendered":"http:\/\/blogs2.abo.fi\/tandem\/?page_id=9"},"modified":"2025-04-28T06:30:47","modified_gmt":"2025-04-28T06:30:47","slug":"startsida","status":"publish","type":"page","link":"https:\/\/blogs2.abo.fi\/tandem\/","title":{"rendered":"Startsida"},"content":{"rendered":"<p>Den h\u00e4r webbplatsen riktar sig till alla som \u00e4r intresserade av tandempedagogik och dess till\u00e4mpningsm\u00f6jligheter i skolkontext. De tandempedagogiska modeller som presenteras p\u00e5 denna sida bygger p\u00e5 flera forsknings- och utvecklingsarbeten d\u00e4r forskare vid Fakulteten f\u00f6r pedagogik och v\u00e4lf\u00e4rdsstudier vid \u00c5bo Akademi i Vasa tillsammans med l\u00e4rare i svensk- och finskspr\u00e5kiga skolor utvecklat tandempedagogik i olika l\u00e4rmilj\u00f6er och f\u00f6r olika m\u00e5lgrupper.<\/p>\n<h1><strong>Aktuellt<\/strong><\/h1>\n<h6><strong>Kartl\u00e4ggning av tandem i Finland 2025<\/strong><\/h6>\n<p>Sedan 2012 har forskare vid \u00c5bo Akademi tillsammans med l\u00e4rare utvecklat ett antal olika modeller f\u00f6r tandemsamarbete, fr\u00e5n sm\u00e5barnspedagogik till gymnasiet. Nu \u00e4r vi intresserade av att veta i vilken m\u00e5n och p\u00e5 vilket s\u00e4tt tandemsamarbete bedrivs i Finland.<\/p>\n<p>En enk\u00e4t utg\u00f6r grunden f\u00f6r kartl\u00e4ggningen av samarbete mellan finsk- och svenskspr\u00e5kiga skolor och daghem i Finland. Kartl\u00e4ggningen utf\u00f6rs av forskare vid \u00c5bo Akademi inom ramen f\u00f6r projektet Tandem p\u00e5 spel. Enk\u00e4ten besvaras anonymt.<\/p>\n<p>Delta i kartl\u00e4ggningen <a href=\"https:\/\/redcap.link\/tandem_kartlaggning_kartoitus_2025\" target=\"_blank\" rel=\"noopener\">h\u00e4r<\/a>!<\/p>\n","protected":false},"excerpt":{"rendered":"<p>Den h\u00e4r webbplatsen riktar sig till alla som \u00e4r intresserade av tandempedagogik och dess till\u00e4mpningsm\u00f6jligheter i skolkontext. De tandempedagogiska modeller som presenteras p\u00e5 denna sida bygger p\u00e5 flera forsknings- och utvecklingsarbeten d\u00e4r forskare vid Fakulteten f\u00f6r pedagogik och v\u00e4lf\u00e4rdsstudier vid &hellip; <a href=\"https:\/\/blogs2.abo.fi\/tandem\/\">Forts\u00e4tt l\u00e4sa <span class=\"meta-nav\">&rarr;<\/span><\/a><\/p>\n","protected":false},"author":409,"featured_media":0,"parent":0,"menu_order":0,"comment_status":"closed","ping_status":"closed","template":"","meta":{"footnotes":""},"class_list":["post-9","page","type-page","status-publish","hentry"],"_links":{"self":[{"href":"https:\/\/blogs2.abo.fi\/tandem\/wp-json\/wp\/v2\/pages\/9","targetHints":{"allow":["GET"]}}],"collection":[{"href":"https:\/\/blogs2.abo.fi\/tandem\/wp-json\/wp\/v2\/pages"}],"about":[{"href":"https:\/\/blogs2.abo.fi\/tandem\/wp-json\/wp\/v2\/types\/page"}],"author":[{"embeddable":true,"href":"https:\/\/blogs2.abo.fi\/tandem\/wp-json\/wp\/v2\/users\/409"}],"replies":[{"embeddable":true,"href":"https:\/\/blogs2.abo.fi\/tandem\/wp-json\/wp\/v2\/comments?post=9"}],"version-history":[{"count":12,"href":"https:\/\/blogs2.abo.fi\/tandem\/wp-json\/wp\/v2\/pages\/9\/revisions"}],"predecessor-version":[{"id":818,"href":"https:\/\/blogs2.abo.fi\/tandem\/wp-json\/wp\/v2\/pages\/9\/revisions\/818"}],"wp:attachment":[{"href":"https:\/\/blogs2.abo.fi\/tandem\/wp-json\/wp\/v2\/media?parent=9"}],"curies":[{"name":"wp","href":"https:\/\/api.w.org\/{rel}","templated":true}]}}