{"id":757,"date":"2022-09-20T13:43:08","date_gmt":"2022-09-20T13:43:08","guid":{"rendered":"https:\/\/blogs2.abo.fi\/tandem\/?page_id=757"},"modified":"2022-09-20T13:45:32","modified_gmt":"2022-09-20T13:45:32","slug":"kielisuihkutandem-alkuopetuksessa-hanke","status":"publish","type":"page","link":"https:\/\/blogs2.abo.fi\/tandem\/etusivu\/kielisuihkutandem-alkuopetuksessa-hanke\/","title":{"rendered":"Kielisuihkutandem alkuopetuksessa-hanke"},"content":{"rendered":"<p>Alkuopetuksen Kielisuihkutandem-hankkeessa tutkijat ja luokanopettajat kehittiv\u00e4t yhdess\u00e4 uusia tandempedagogiikan malleja vuosiluokkien 1\u22123 oppilaille. Hanke toteutettiin suomenkielisen ja ruotsinkielisen koulun opettajien v\u00e4lisen\u00e4 yhteisty\u00f6n\u00e4. Koulut sijaitsevat Vaasassa vain k\u00e4velymatkan p\u00e4\u00e4ss\u00e4 toisistaan.<\/p>\n","protected":false},"excerpt":{"rendered":"<p>Alkuopetuksen Kielisuihkutandem-hankkeessa tutkijat ja luokanopettajat kehittiv\u00e4t yhdess\u00e4 uusia tandempedagogiikan malleja vuosiluokkien 1\u22123 oppilaille. Hanke toteutettiin suomenkielisen ja ruotsinkielisen koulun opettajien v\u00e4lisen\u00e4 yhteisty\u00f6n\u00e4. Koulut sijaitsevat Vaasassa vain k\u00e4velymatkan p\u00e4\u00e4ss\u00e4 toisistaan.<\/p>\n","protected":false},"author":409,"featured_media":0,"parent":197,"menu_order":5,"comment_status":"closed","ping_status":"closed","template":"","meta":{"footnotes":""},"class_list":["post-757","page","type-page","status-publish","hentry"],"_links":{"self":[{"href":"https:\/\/blogs2.abo.fi\/tandem\/wp-json\/wp\/v2\/pages\/757","targetHints":{"allow":["GET"]}}],"collection":[{"href":"https:\/\/blogs2.abo.fi\/tandem\/wp-json\/wp\/v2\/pages"}],"about":[{"href":"https:\/\/blogs2.abo.fi\/tandem\/wp-json\/wp\/v2\/types\/page"}],"author":[{"embeddable":true,"href":"https:\/\/blogs2.abo.fi\/tandem\/wp-json\/wp\/v2\/users\/409"}],"replies":[{"embeddable":true,"href":"https:\/\/blogs2.abo.fi\/tandem\/wp-json\/wp\/v2\/comments?post=757"}],"version-history":[{"count":2,"href":"https:\/\/blogs2.abo.fi\/tandem\/wp-json\/wp\/v2\/pages\/757\/revisions"}],"predecessor-version":[{"id":763,"href":"https:\/\/blogs2.abo.fi\/tandem\/wp-json\/wp\/v2\/pages\/757\/revisions\/763"}],"up":[{"embeddable":true,"href":"https:\/\/blogs2.abo.fi\/tandem\/wp-json\/wp\/v2\/pages\/197"}],"wp:attachment":[{"href":"https:\/\/blogs2.abo.fi\/tandem\/wp-json\/wp\/v2\/media?parent=757"}],"curies":[{"name":"wp","href":"https:\/\/api.w.org\/{rel}","templated":true}]}}