{"id":755,"date":"2022-09-20T13:43:08","date_gmt":"2022-09-20T13:43:08","guid":{"rendered":"https:\/\/blogs2.abo.fi\/tandem\/?page_id=755"},"modified":"2022-09-20T13:45:42","modified_gmt":"2022-09-20T13:45:42","slug":"kielisuihkutandem-varhaiskasvatuksessa-hanke","status":"publish","type":"page","link":"https:\/\/blogs2.abo.fi\/tandem\/etusivu\/kielisuihkutandem-varhaiskasvatuksessa-hanke\/","title":{"rendered":"Kielisuihkutandem varhaiskasvatuksessa-hanke"},"content":{"rendered":"<p>Varhaiskasvatuksen Kielisuihkutandem-hankkeessa tutkijat tekiv\u00e4t yhteisty\u00f6t\u00e4 varhaiskasvatuksen opettajien ja lastenhoitajien kanssa, jotka sovelsivat toiminnassaan tandemopetuksen periaatteita. Hanke toteutettiin kahden suomenkielisen ja kahden ruotsinkielisen p\u00e4iv\u00e4kotiryhm\u00e4n yhteisty\u00f6n\u00e4 Vaasassa.<\/p>\n","protected":false},"excerpt":{"rendered":"<p>Varhaiskasvatuksen Kielisuihkutandem-hankkeessa tutkijat tekiv\u00e4t yhteisty\u00f6t\u00e4 varhaiskasvatuksen opettajien ja lastenhoitajien kanssa, jotka sovelsivat toiminnassaan tandemopetuksen periaatteita. Hanke toteutettiin kahden suomenkielisen ja kahden ruotsinkielisen p\u00e4iv\u00e4kotiryhm\u00e4n yhteisty\u00f6n\u00e4 Vaasassa.<\/p>\n","protected":false},"author":409,"featured_media":0,"parent":197,"menu_order":4,"comment_status":"closed","ping_status":"closed","template":"","meta":{"footnotes":""},"class_list":["post-755","page","type-page","status-publish","hentry"],"_links":{"self":[{"href":"https:\/\/blogs2.abo.fi\/tandem\/wp-json\/wp\/v2\/pages\/755","targetHints":{"allow":["GET"]}}],"collection":[{"href":"https:\/\/blogs2.abo.fi\/tandem\/wp-json\/wp\/v2\/pages"}],"about":[{"href":"https:\/\/blogs2.abo.fi\/tandem\/wp-json\/wp\/v2\/types\/page"}],"author":[{"embeddable":true,"href":"https:\/\/blogs2.abo.fi\/tandem\/wp-json\/wp\/v2\/users\/409"}],"replies":[{"embeddable":true,"href":"https:\/\/blogs2.abo.fi\/tandem\/wp-json\/wp\/v2\/comments?post=755"}],"version-history":[{"count":2,"href":"https:\/\/blogs2.abo.fi\/tandem\/wp-json\/wp\/v2\/pages\/755\/revisions"}],"predecessor-version":[{"id":762,"href":"https:\/\/blogs2.abo.fi\/tandem\/wp-json\/wp\/v2\/pages\/755\/revisions\/762"}],"up":[{"embeddable":true,"href":"https:\/\/blogs2.abo.fi\/tandem\/wp-json\/wp\/v2\/pages\/197"}],"wp:attachment":[{"href":"https:\/\/blogs2.abo.fi\/tandem\/wp-json\/wp\/v2\/media?parent=755"}],"curies":[{"name":"wp","href":"https:\/\/api.w.org\/{rel}","templated":true}]}}