{"id":748,"date":"2022-09-20T13:36:59","date_gmt":"2022-09-20T13:36:59","guid":{"rendered":"https:\/\/blogs2.abo.fi\/tandem\/?page_id=748"},"modified":"2022-09-20T13:49:42","modified_gmt":"2022-09-20T13:49:42","slug":"projektet-sprakduschtandem-i-nyborjarundervisningen","status":"publish","type":"page","link":"https:\/\/blogs2.abo.fi\/tandem\/startsida\/projektet-sprakduschtandem-i-nyborjarundervisningen\/","title":{"rendered":"Projektet Spr\u00e5kduschtandem i nyb\u00f6rjarundervisningen"},"content":{"rendered":"<p>I projektet\u00a0Spr\u00e5kduschtandem i nyb\u00f6rjarundervisningen\u00a0samarbetade forskare med klassl\u00e4rare f\u00f6r att utveckla nya modeller f\u00f6r tandempedagogik f\u00f6r elever i \u00e5k 1\u22123. Projektet genomf\u00f6rdes genom samarbete mellan l\u00e4rare i en finskspr\u00e5kig och en svenskspr\u00e5kig skola som ligger inom g\u00e5ngavst\u00e5nd fr\u00e5n varandra i Vasa.<\/p>\n","protected":false},"excerpt":{"rendered":"<p>I projektet\u00a0Spr\u00e5kduschtandem i nyb\u00f6rjarundervisningen\u00a0samarbetade forskare med klassl\u00e4rare f\u00f6r att utveckla nya modeller f\u00f6r tandempedagogik f\u00f6r elever i \u00e5k 1\u22123. Projektet genomf\u00f6rdes genom samarbete mellan l\u00e4rare i en finskspr\u00e5kig och en svenskspr\u00e5kig skola som ligger inom g\u00e5ngavst\u00e5nd fr\u00e5n varandra i Vasa.<\/p>\n","protected":false},"author":409,"featured_media":0,"parent":9,"menu_order":5,"comment_status":"closed","ping_status":"closed","template":"","meta":{"footnotes":""},"class_list":["post-748","page","type-page","status-publish","hentry"],"_links":{"self":[{"href":"https:\/\/blogs2.abo.fi\/tandem\/wp-json\/wp\/v2\/pages\/748","targetHints":{"allow":["GET"]}}],"collection":[{"href":"https:\/\/blogs2.abo.fi\/tandem\/wp-json\/wp\/v2\/pages"}],"about":[{"href":"https:\/\/blogs2.abo.fi\/tandem\/wp-json\/wp\/v2\/types\/page"}],"author":[{"embeddable":true,"href":"https:\/\/blogs2.abo.fi\/tandem\/wp-json\/wp\/v2\/users\/409"}],"replies":[{"embeddable":true,"href":"https:\/\/blogs2.abo.fi\/tandem\/wp-json\/wp\/v2\/comments?post=748"}],"version-history":[{"count":2,"href":"https:\/\/blogs2.abo.fi\/tandem\/wp-json\/wp\/v2\/pages\/748\/revisions"}],"predecessor-version":[{"id":753,"href":"https:\/\/blogs2.abo.fi\/tandem\/wp-json\/wp\/v2\/pages\/748\/revisions\/753"}],"up":[{"embeddable":true,"href":"https:\/\/blogs2.abo.fi\/tandem\/wp-json\/wp\/v2\/pages\/9"}],"wp:attachment":[{"href":"https:\/\/blogs2.abo.fi\/tandem\/wp-json\/wp\/v2\/media?parent=748"}],"curies":[{"name":"wp","href":"https:\/\/api.w.org\/{rel}","templated":true}]}}