{"id":70,"date":"2018-06-11T13:40:50","date_gmt":"2018-06-11T13:40:50","guid":{"rendered":"http:\/\/blogs2.abo.fi\/tandem\/?page_id=70"},"modified":"2022-09-20T13:57:43","modified_gmt":"2022-09-20T13:57:43","slug":"projektgruppen","status":"publish","type":"page","link":"https:\/\/blogs2.abo.fi\/tandem\/startsida\/projektet-eklasstandem\/projektgruppen\/","title":{"rendered":"Projektgruppen"},"content":{"rendered":"<p id=\"wnd_TextBlock_97075_inner_0\"><span class=\"wsw-02\"><b>Projektledare:<\/b> Professor Michaela P\u00f6rn michaela.poern@abo.fi, tfn. 06-324 7373<\/span><\/p>\n<p id=\"wnd_TextBlock_97075_inner_1\"><span class=\"wsw-02\"><b>Projektforskare: \u00a0\u00a0<\/b>FD Katri Hansell katri.hansell@abo.fi<br \/>\n<\/span><span class=\"wsw-02\">\u00a0 \u00a0 \u00a0 \u00a0 \u00a0 \u00a0 \u00a0 \u00a0 \u00a0 \u00a0 \u00a0 \u00a0 \u00a0 \u00a0 \u00a0 \u00a0FD Fredrik Rusk (Nord universitet) fredrik.k.rusk@nord.no<br \/>\n<\/span><span class=\"wsw-02\">\u00a0 \u00a0 \u00a0 \u00a0 \u00a0 \u00a0 \u00a0 \u00a0 \u00a0 \u00a0 \u00a0 \u00a0 \u00a0 \u00a0 \u00a0 \u00a0FM Anna Korhonen (\u00c5A) anna.korhonen@abo.fi<\/span><\/p>\n<p id=\"wnd_TextBlock_97075_inner_4\"><span class=\"wsw-02\"><b>Projektassistenter:\u00a0<\/b> FK Sandra B\u00e4ck, sandra.back@abo.fi<br \/>\n<\/span><span class=\"wsw-02\">\u00a0 \u00a0 \u00a0 \u00a0 \u00a0 \u00a0 \u00a0 \u00a0 \u00a0 \u00a0 \u00a0 \u00a0 \u00a0 \u00a0 \u00a0 \u00a0 \u00a0 PeM Matilda St\u00e5hl<br \/>\n<\/span><span class=\"wsw-02\">\u00a0 \u00a0 \u00a0 \u00a0 \u00a0 \u00a0 \u00a0 \u00a0 \u00a0 \u00a0 \u00a0 \u00a0 \u00a0 \u00a0 \u00a0 \u00a0 \u00a0 PeM Charlotta Engberg <\/span><\/p>\n<p id=\"wnd_TextBlock_97075_inner_7\"><span class=\"wsw-02\"><b>Koordinator f\u00f6r fortbildningsserien:<\/b> FM Tiina Rautiainen tiina.rautiainen@abo.fi<\/span><\/p>\n<p id=\"wnd_TextBlock_97075_inner_8\"><span class=\"wsw-02\"><b>IKT-pedagog:<\/b> Simon Hansell (Gymnasiet i Petalax) <\/span><\/p>\n<p id=\"wnd_TextBlock_97075_inner_9\"><span class=\"wsw-02\"><b>Svenskl\u00e4rare: <\/b>Satu Savolainen (Lepp\u00e4virran lukio) <\/span><\/p>\n<p id=\"wnd_TextBlock_97075_inner_10\"><span class=\"wsw-02\"><b>Finskl\u00e4rare:<\/b> Marianne Backlund (Gymnasiet i Petalax)<\/span><\/p>\n<p id=\"wnd_TextBlock_97075_inner_11\"><span class=\"wsw-02\"><b>Finskl\u00e4rare:<\/b> Jari L\u00f6f (Gymnasiet i Petalax)<\/span><\/p>\n<p id=\"wnd_TextBlock_97075_inner_12\"><span class=\"wsw-02\"><b>Finskl\u00e4rare:<\/b> \u00c5sa L\u00f6f (Vasa \u00f6vningsskolas gymnasium)<\/span><\/p>\n<p id=\"wnd_TextBlock_97075_inner_13\"><span class=\"wsw-02\"><b>Svenskl\u00e4rare: <\/b>Olli-Pekka Salo (Jyv\u00e4skyl\u00e4n normaalikoulu)<\/span><\/p>\n","protected":false},"excerpt":{"rendered":"<p>Projektledare: Professor Michaela P\u00f6rn michaela.poern@abo.fi, tfn. 06-324 7373 Projektforskare: \u00a0\u00a0FD Katri Hansell katri.hansell@abo.fi \u00a0 \u00a0 \u00a0 \u00a0 \u00a0 \u00a0 \u00a0 \u00a0 \u00a0 \u00a0 \u00a0 \u00a0 \u00a0 \u00a0 \u00a0 \u00a0FD Fredrik Rusk (Nord universitet) fredrik.k.rusk@nord.no \u00a0 \u00a0 \u00a0 \u00a0 \u00a0 \u00a0 &hellip; <a href=\"https:\/\/blogs2.abo.fi\/tandem\/startsida\/projektet-eklasstandem\/projektgruppen\/\">Forts\u00e4tt l\u00e4sa <span class=\"meta-nav\">&rarr;<\/span><\/a><\/p>\n","protected":false},"author":409,"featured_media":134,"parent":66,"menu_order":0,"comment_status":"closed","ping_status":"closed","template":"","meta":{"footnotes":""},"class_list":["post-70","page","type-page","status-publish","has-post-thumbnail","hentry"],"_links":{"self":[{"href":"https:\/\/blogs2.abo.fi\/tandem\/wp-json\/wp\/v2\/pages\/70","targetHints":{"allow":["GET"]}}],"collection":[{"href":"https:\/\/blogs2.abo.fi\/tandem\/wp-json\/wp\/v2\/pages"}],"about":[{"href":"https:\/\/blogs2.abo.fi\/tandem\/wp-json\/wp\/v2\/types\/page"}],"author":[{"embeddable":true,"href":"https:\/\/blogs2.abo.fi\/tandem\/wp-json\/wp\/v2\/users\/409"}],"replies":[{"embeddable":true,"href":"https:\/\/blogs2.abo.fi\/tandem\/wp-json\/wp\/v2\/comments?post=70"}],"version-history":[{"count":4,"href":"https:\/\/blogs2.abo.fi\/tandem\/wp-json\/wp\/v2\/pages\/70\/revisions"}],"predecessor-version":[{"id":770,"href":"https:\/\/blogs2.abo.fi\/tandem\/wp-json\/wp\/v2\/pages\/70\/revisions\/770"}],"up":[{"embeddable":true,"href":"https:\/\/blogs2.abo.fi\/tandem\/wp-json\/wp\/v2\/pages\/66"}],"wp:featuredmedia":[{"embeddable":true,"href":"https:\/\/blogs2.abo.fi\/tandem\/wp-json\/wp\/v2\/media\/134"}],"wp:attachment":[{"href":"https:\/\/blogs2.abo.fi\/tandem\/wp-json\/wp\/v2\/media?parent=70"}],"curies":[{"name":"wp","href":"https:\/\/api.w.org\/{rel}","templated":true}]}}