{"id":660,"date":"2022-05-12T09:38:52","date_gmt":"2022-05-12T09:38:52","guid":{"rendered":"https:\/\/blogs2.abo.fi\/tandem\/?page_id=660"},"modified":"2022-09-20T14:06:18","modified_gmt":"2022-09-20T14:06:18","slug":"oppaat-ja-materiaalit","status":"publish","type":"page","link":"https:\/\/blogs2.abo.fi\/tandem\/oppaat-ja-materiaalit\/","title":{"rendered":"Oppaat ja materiaalit"},"content":{"rendered":"<h1><\/h1>\n<h1><a href=\"https:\/\/blogs2.abo.fi\/tandem\/luokkatandemkasikirja\/\"><img loading=\"lazy\" decoding=\"async\" class=\"wp-image-683 size-medium alignleft\" src=\"http:\/\/blogs2.abo.fi\/tandem\/wp-content\/uploads\/sites\/93\/2022\/05\/Klasstandem-parmbild-finska-227x300.png\" alt=\"\" width=\"227\" height=\"300\" srcset=\"https:\/\/blogs2.abo.fi\/tandem\/wp-content\/uploads\/sites\/93\/2022\/05\/Klasstandem-parmbild-finska-227x300.png 227w, https:\/\/blogs2.abo.fi\/tandem\/wp-content\/uploads\/sites\/93\/2022\/05\/Klasstandem-parmbild-finska.png 690w\" sizes=\"auto, (max-width: 227px) 100vw, 227px\" \/><\/a>Luokkatandemk\u00e4sikirja<\/h1>\n<p>Kirjassa kuvataan luokkatandemia kielenopetuksen mallina ja sen k\u00e4yt\u00e4nn\u00f6n soveltamista opetusty\u00f6h\u00f6n. Kirjassa annetaan konkreettisia neuvoja ja ideoita tandemkurssien suunnitteluun, toteutukseen ja arviointiin sek\u00e4 ehdotuksia luokkatandemiin sopiviksi teht\u00e4viksi ja aktiviteeteiksi. Kirja perustuu lukiossa tehtyyn kehitt\u00e4misty\u00f6h\u00f6n, mutta se soveltuu tuki-lukemistoksi ja inspiraation l\u00e4hteeksi my\u00f6s muilla asteilla ty\u00f6skenteleville kieltenopettajille peruskoulusta korkeakouluihin.<\/p>\n<h1><\/h1>\n<h1><\/h1>\n<p>&nbsp;<\/p>\n<h1><\/h1>\n<h1><a href=\"https:\/\/blogs2.abo.fi\/eklasstandem\/\" target=\"_blank\" rel=\"noopener\"><img loading=\"lazy\" decoding=\"async\" class=\"alignleft wp-image-606\" src=\"http:\/\/blogs2.abo.fi\/tandem\/wp-content\/uploads\/sites\/93\/2021\/10\/Lararhandledning_NY-e1663682541938-300x266.png\" alt=\"\" width=\"214\" height=\"190\" srcset=\"https:\/\/blogs2.abo.fi\/tandem\/wp-content\/uploads\/sites\/93\/2021\/10\/Lararhandledning_NY-e1663682541938-300x266.png 300w, https:\/\/blogs2.abo.fi\/tandem\/wp-content\/uploads\/sites\/93\/2021\/10\/Lararhandledning_NY-e1663682541938-1024x908.png 1024w, https:\/\/blogs2.abo.fi\/tandem\/wp-content\/uploads\/sites\/93\/2021\/10\/Lararhandledning_NY-e1663682541938-768x681.png 768w, https:\/\/blogs2.abo.fi\/tandem\/wp-content\/uploads\/sites\/93\/2021\/10\/Lararhandledning_NY-e1663682541938-1536x1362.png 1536w, https:\/\/blogs2.abo.fi\/tandem\/wp-content\/uploads\/sites\/93\/2021\/10\/Lararhandledning_NY-e1663682541938-2048x1815.png 2048w, https:\/\/blogs2.abo.fi\/tandem\/wp-content\/uploads\/sites\/93\/2021\/10\/Lararhandledning_NY-e1663682541938-338x300.png 338w\" sizes=\"auto, (max-width: 214px) 100vw, 214px\" \/><\/a>Eluokkatandem opettajan opas &#8211; verkkosivu<\/h1>\n<p>T\u00e4ll\u00e4 verkkosivulla kerromme eluokkatandemista yhten\u00e4 kielenopetuksen ty\u00f6skentely- ja oppimismenetelm\u00e4n\u00e4, tarjoamme k\u00e4yt\u00e4nn\u00f6n ohjausta, kuvailemme toimivia luokkahuonek\u00e4yt\u00e4nt\u00f6j\u00e4 sek\u00e4 tarjoamme esimerkkej\u00e4 erilaisista teht\u00e4v\u00e4tyypeist\u00e4 ja digitaalisista ty\u00f6kaluista, joita voi hy\u00f6dynt\u00e4\u00e4 tandemopetuksessa.<\/p>\n<p>&nbsp;<\/p>\n<h1><\/h1>\n<h1><\/h1>\n<h1><\/h1>\n<h1><\/h1>\n<h1><a href=\"https:\/\/urn.fi\/URN:ISBN:978-952-12-4116-1\" target=\"_blank\" rel=\"noopener\"><img loading=\"lazy\" decoding=\"async\" class=\"alignleft wp-image-669\" src=\"http:\/\/blogs2.abo.fi\/tandem\/wp-content\/uploads\/sites\/93\/2022\/05\/Sprakduschtandem-smp-bakparm-212x300.png\" alt=\"\" width=\"212\" height=\"300\" srcset=\"https:\/\/blogs2.abo.fi\/tandem\/wp-content\/uploads\/sites\/93\/2022\/05\/Sprakduschtandem-smp-bakparm-212x300.png 212w, https:\/\/blogs2.abo.fi\/tandem\/wp-content\/uploads\/sites\/93\/2022\/05\/Sprakduschtandem-smp-bakparm-724x1024.png 724w, https:\/\/blogs2.abo.fi\/tandem\/wp-content\/uploads\/sites\/93\/2022\/05\/Sprakduschtandem-smp-bakparm-768x1086.png 768w, https:\/\/blogs2.abo.fi\/tandem\/wp-content\/uploads\/sites\/93\/2022\/05\/Sprakduschtandem-smp-bakparm-1086x1536.png 1086w, https:\/\/blogs2.abo.fi\/tandem\/wp-content\/uploads\/sites\/93\/2022\/05\/Sprakduschtandem-smp-bakparm-1448x2048.png 1448w, https:\/\/blogs2.abo.fi\/tandem\/wp-content\/uploads\/sites\/93\/2022\/05\/Sprakduschtandem-smp-bakparm.png 1587w\" sizes=\"auto, (max-width: 212px) 100vw, 212px\" \/><\/a>Kielisuihkutandem varhaiskasvatuksessa:<br \/>\nOpettajan opas (pdf)<\/h1>\n<p style=\"padding-left: 240px\">T\u00e4m\u00e4 kaksikielinen tukimateriaali on tarkoitettu varhaiskasvatuksen henkil\u00f6kunnalle. Oppaassa kielisuihkutandemia kuvataan ty\u00f6skentelytapana, jonka pohjana ovat tandempedagogiikkaa k\u00e4sittelev\u00e4t tutkimukset sek\u00e4 <em>Varhaiskasvatus-suunnitelmien perusteet<\/em>. Siin\u00e4 k\u00e4sitell\u00e4\u00e4n kielisuihkutandemin soveltamismahdollisuuksia erityisesti varhaiskasvatuksessa, mutta sit\u00e4 voidaan soveltaa my\u00f6s esiopetuksessa. T\u00e4m\u00e4n lis\u00e4ksi materiaali sis\u00e4lt\u00e4\u00e4 konkreettisia esimerkkej\u00e4 erilaisista teht\u00e4vist\u00e4 ja menetelmist\u00e4, joiden tarkoituksena on toimia mallina ja inspiraationl\u00e4hteen\u00e4 uusien tandemopettajien omassa opetuksessa.<\/p>\n<h1><\/h1>\n<p>&nbsp;<\/p>\n<h1><\/h1>\n<h1><a href=\"https:\/\/urn.fi\/URN:ISBN:978-952-12-4117-8\" target=\"_blank\" rel=\"noopener\"><img loading=\"lazy\" decoding=\"async\" class=\"alignleft wp-image-668 size-medium\" style=\"color: #333333;font-weight: 300\" src=\"http:\/\/blogs2.abo.fi\/tandem\/wp-content\/uploads\/sites\/93\/2022\/05\/sdt-nyb-parmild-212x300.png\" alt=\"\" width=\"212\" height=\"300\" srcset=\"https:\/\/blogs2.abo.fi\/tandem\/wp-content\/uploads\/sites\/93\/2022\/05\/sdt-nyb-parmild-212x300.png 212w, https:\/\/blogs2.abo.fi\/tandem\/wp-content\/uploads\/sites\/93\/2022\/05\/sdt-nyb-parmild-724x1024.png 724w, https:\/\/blogs2.abo.fi\/tandem\/wp-content\/uploads\/sites\/93\/2022\/05\/sdt-nyb-parmild-768x1086.png 768w, https:\/\/blogs2.abo.fi\/tandem\/wp-content\/uploads\/sites\/93\/2022\/05\/sdt-nyb-parmild-1086x1536.png 1086w, https:\/\/blogs2.abo.fi\/tandem\/wp-content\/uploads\/sites\/93\/2022\/05\/sdt-nyb-parmild-1448x2048.png 1448w, https:\/\/blogs2.abo.fi\/tandem\/wp-content\/uploads\/sites\/93\/2022\/05\/sdt-nyb-parmild.png 1587w\" sizes=\"auto, (max-width: 212px) 100vw, 212px\" \/><\/a>Kielisuihkutandem alkuopetuksessa:<br \/>\n<strong><span style=\"color: #333333\">Opettajan opas (pdf)<\/span><\/strong><\/h1>\n<p style=\"padding-left: 240px\">T\u00e4m\u00e4 kaksikielinen tukimateriaali on tarkoitettu perusopetuksen alempien luokkien opettajille. Opas kuvaa kielisuihkutandemia ty\u00f6skentely-tapana, jonka taustalla vaikuttavat tandem-pedagogiikkaa k\u00e4sittelev\u00e4t tutkimukset sek\u00e4 opetussuunnitelman perusteet. Siin\u00e4 k\u00e4sitell\u00e4\u00e4n my\u00f6s kielisuihkutandemin soveltamis-mahdollisuuksia alkuopetuksessa. T\u00e4m\u00e4n lis\u00e4ksi materiaali sis\u00e4lt\u00e4\u00e4 konkreettisia esimerkkej\u00e4 erilaisista teht\u00e4vist\u00e4 ja menetelmist\u00e4, joiden tarkoituksena on toimia mallina ja inspiraation-l\u00e4hteen\u00e4 uusien tandemopettajien omassa opetuksessa.<\/p>\n<p>&nbsp;<\/p>\n","protected":false},"excerpt":{"rendered":"<p>Luokkatandemk\u00e4sikirja Kirjassa kuvataan luokkatandemia kielenopetuksen mallina ja sen k\u00e4yt\u00e4nn\u00f6n soveltamista opetusty\u00f6h\u00f6n. Kirjassa annetaan konkreettisia neuvoja ja ideoita tandemkurssien suunnitteluun, toteutukseen ja arviointiin sek\u00e4 ehdotuksia luokkatandemiin sopiviksi teht\u00e4viksi ja aktiviteeteiksi. Kirja perustuu lukiossa tehtyyn kehitt\u00e4misty\u00f6h\u00f6n, mutta se soveltuu tuki-lukemistoksi ja inspiraation &hellip; <a href=\"https:\/\/blogs2.abo.fi\/tandem\/oppaat-ja-materiaalit\/\">Forts\u00e4tt l\u00e4sa <span class=\"meta-nav\">&rarr;<\/span><\/a><\/p>\n","protected":false},"author":409,"featured_media":0,"parent":0,"menu_order":0,"comment_status":"closed","ping_status":"closed","template":"","meta":{"footnotes":""},"class_list":["post-660","page","type-page","status-publish","hentry"],"_links":{"self":[{"href":"https:\/\/blogs2.abo.fi\/tandem\/wp-json\/wp\/v2\/pages\/660","targetHints":{"allow":["GET"]}}],"collection":[{"href":"https:\/\/blogs2.abo.fi\/tandem\/wp-json\/wp\/v2\/pages"}],"about":[{"href":"https:\/\/blogs2.abo.fi\/tandem\/wp-json\/wp\/v2\/types\/page"}],"author":[{"embeddable":true,"href":"https:\/\/blogs2.abo.fi\/tandem\/wp-json\/wp\/v2\/users\/409"}],"replies":[{"embeddable":true,"href":"https:\/\/blogs2.abo.fi\/tandem\/wp-json\/wp\/v2\/comments?post=660"}],"version-history":[{"count":15,"href":"https:\/\/blogs2.abo.fi\/tandem\/wp-json\/wp\/v2\/pages\/660\/revisions"}],"predecessor-version":[{"id":778,"href":"https:\/\/blogs2.abo.fi\/tandem\/wp-json\/wp\/v2\/pages\/660\/revisions\/778"}],"wp:attachment":[{"href":"https:\/\/blogs2.abo.fi\/tandem\/wp-json\/wp\/v2\/media?parent=660"}],"curies":[{"name":"wp","href":"https:\/\/api.w.org\/{rel}","templated":true}]}}