{"id":555,"date":"2020-08-18T11:12:14","date_gmt":"2020-08-18T11:12:14","guid":{"rendered":"http:\/\/blogs2.abo.fi\/tandem\/?page_id=555"},"modified":"2022-09-15T09:27:02","modified_gmt":"2022-09-15T09:27:02","slug":"kielisuihkutandem-alkuopetuksessa","status":"publish","type":"page","link":"https:\/\/blogs2.abo.fi\/tandem\/kielisuihkutandem-alkuopetuksessa\/","title":{"rendered":"Kielisuihkutandem alkuopetuksessa"},"content":{"rendered":"<p><em>Alkuopetuksen kielisuihkutandem<\/em> on suunnattu oppilaille, joilla ei aikaisemmin v\u00e4ltt\u00e4m\u00e4tt\u00e4 ole ollut toisen kotimaisen kielen opetusta. Sit\u00e4 voi kuitenkin soveltaa my\u00f6s sellaisten oppilaiden kanssa, joilla on kaksikielinen tausta. Tarkoituksena on luoda hyv\u00e4 perusta my\u00f6nteiselle suhtautumiselle toista kielt\u00e4 ja kulttuuria kohtaan. T\u00e4m\u00e4n kohderyhm\u00e4n osalta on t\u00e4rke\u00e4\u00e4 pyrki\u00e4 luomaan turvallinen ymp\u00e4rist\u00f6, jossa lapset p\u00e4\u00e4sev\u00e4t tutustumaan toistensa kieleen opettavaisten ja leikinomaisten aktiviteettien avulla.<\/p>\n<p>Alla olevalla videolla saat lis\u00e4\u00e4 tietoa kielisuihkutandemista alkuopetuksessa.<\/p>\n<figure class=\"wp-block-embed wp-block-embed-youtube is-type-video is-provider-youtube epyt-figure\"><div class=\"wp-block-embed__wrapper\"><iframe loading=\"lazy\"  id=\"_ytid_41996\"  width=\"584\" height=\"329\"  data-origwidth=\"584\" data-origheight=\"329\" src=\"https:\/\/www.youtube.com\/embed\/k4gl9hysIMg?enablejsapi=1&autoplay=0&cc_load_policy=0&cc_lang_pref=&iv_load_policy=1&loop=0&rel=1&fs=1&playsinline=0&autohide=2&theme=dark&color=red&controls=1&disablekb=0&\" class=\"__youtube_prefs__  no-lazyload\" title=\"YouTube player\"  allow=\"fullscreen; accelerometer; autoplay; clipboard-write; encrypted-media; gyroscope; picture-in-picture; web-share\" referrerpolicy=\"strict-origin-when-cross-origin\" allowfullscreen data-no-lazy=\"1\" data-skipgform_ajax_framebjll=\"\"><\/iframe><\/div><\/figure>\n","protected":false},"excerpt":{"rendered":"<p>Alkuopetuksen kielisuihkutandem on suunnattu oppilaille, joilla ei aikaisemmin v\u00e4ltt\u00e4m\u00e4tt\u00e4 ole ollut toisen kotimaisen kielen opetusta. Sit\u00e4 voi kuitenkin soveltaa my\u00f6s sellaisten oppilaiden kanssa, joilla on kaksikielinen tausta. Tarkoituksena on luoda hyv\u00e4 perusta my\u00f6nteiselle suhtautumiselle toista kielt\u00e4 ja kulttuuria kohtaan. T\u00e4m\u00e4n &hellip; <a href=\"https:\/\/blogs2.abo.fi\/tandem\/kielisuihkutandem-alkuopetuksessa\/\">Forts\u00e4tt l\u00e4sa <span class=\"meta-nav\">&rarr;<\/span><\/a><\/p>\n","protected":false},"author":409,"featured_media":0,"parent":0,"menu_order":0,"comment_status":"closed","ping_status":"closed","template":"","meta":{"footnotes":""},"class_list":["post-555","page","type-page","status-publish","hentry"],"_links":{"self":[{"href":"https:\/\/blogs2.abo.fi\/tandem\/wp-json\/wp\/v2\/pages\/555","targetHints":{"allow":["GET"]}}],"collection":[{"href":"https:\/\/blogs2.abo.fi\/tandem\/wp-json\/wp\/v2\/pages"}],"about":[{"href":"https:\/\/blogs2.abo.fi\/tandem\/wp-json\/wp\/v2\/types\/page"}],"author":[{"embeddable":true,"href":"https:\/\/blogs2.abo.fi\/tandem\/wp-json\/wp\/v2\/users\/409"}],"replies":[{"embeddable":true,"href":"https:\/\/blogs2.abo.fi\/tandem\/wp-json\/wp\/v2\/comments?post=555"}],"version-history":[{"count":5,"href":"https:\/\/blogs2.abo.fi\/tandem\/wp-json\/wp\/v2\/pages\/555\/revisions"}],"predecessor-version":[{"id":730,"href":"https:\/\/blogs2.abo.fi\/tandem\/wp-json\/wp\/v2\/pages\/555\/revisions\/730"}],"wp:attachment":[{"href":"https:\/\/blogs2.abo.fi\/tandem\/wp-json\/wp\/v2\/media?parent=555"}],"curies":[{"name":"wp","href":"https:\/\/api.w.org\/{rel}","templated":true}]}}