{"id":55,"date":"2018-06-11T13:28:28","date_gmt":"2018-06-11T13:28:28","guid":{"rendered":"http:\/\/blogs2.abo.fi\/tandem\/?page_id=55"},"modified":"2018-06-29T06:52:55","modified_gmt":"2018-06-29T06:52:55","slug":"praktiska-arrangemang","status":"publish","type":"page","link":"https:\/\/blogs2.abo.fi\/tandem\/praktiska-arrangemang\/","title":{"rendered":"Praktiska arrangemang"},"content":{"rendered":"<p>I finl\u00e4ndsk skolkontext f\u00f6ruts\u00e4tter klasstandem i praktiken samarbete mellan tv\u00e5 skolor med olika undervisningsspr\u00e5k. Hittills har klasstandem d\u00e4rf\u00f6r till\u00e4mpats fr\u00e4mst inom undervisningen i det andra inhemska spr\u00e5ket, svenska och finska.<\/p>\n<p>Klasstandem g\u00e5r n\u00e5got f\u00f6renklat ut p\u00e5 att finsk- respektive svenskundervisningen i vardera skolan organiseras i klasser best\u00e5ende till h\u00e4lften av svenskspr\u00e5kiga och h\u00e4lften av<br \/>\nfinskspr\u00e5kiga elever eller studerande. L\u00e4rarna undervisar p\u00e5 s\u00e5 s\u00e4tt i spr\u00e5kligt blandade elevgrupper. Grupperna undervisas parallellt. Under den f\u00f6rsta lektionen undervisar finskl\u00e4raren finska f\u00f6r grupp A samtidigt som svenskl\u00e4raren undervisar svenska f\u00f6r grupp B. Under den andra lektionen byts l\u00e4rarna och rollerna s\u00e5 att finskl\u00e4raren undervisar grupp B och svenskl\u00e4raren grupp A. Studerandena byter roller fr\u00e5n den som l\u00e4r sig till den st\u00f6djande beroende p\u00e5 vilken lektion de deltar i. Under finsklektionerna fungerar de finskspr\u00e5kiga som modeller och st\u00f6d och under svensklektionerna \u00e4r det de svenskspr\u00e5kiga som st\u00f6der och ger modell f\u00f6r de finskspr\u00e5kiga.<\/p>\n<p><a href=\"http:\/\/blogs2.abo.fi\/tandem\/praktiska-arrangemang\/skarmavbild-2018-06-26-kl-15-47-18\/\" target=\"_blank\" rel=\"noopener\"><img loading=\"lazy\" decoding=\"async\" class=\"aligncenter wp-image-264 size-medium\" src=\"http:\/\/blogs2.abo.fi\/tandem\/wp-content\/uploads\/sites\/93\/2018\/06\/Sk\u00e4rmavbild-2018-06-26-kl.-15.47.18-282x300.png\" alt=\"\" width=\"282\" height=\"300\" srcset=\"https:\/\/blogs2.abo.fi\/tandem\/wp-content\/uploads\/sites\/93\/2018\/06\/Sk\u00e4rmavbild-2018-06-26-kl.-15.47.18-282x300.png 282w, https:\/\/blogs2.abo.fi\/tandem\/wp-content\/uploads\/sites\/93\/2018\/06\/Sk\u00e4rmavbild-2018-06-26-kl.-15.47.18.png 482w\" sizes=\"auto, (max-width: 282px) 100vw, 282px\" \/><\/a><\/p>\n<p>&nbsp;<\/p>\n","protected":false},"excerpt":{"rendered":"<p>I finl\u00e4ndsk skolkontext f\u00f6ruts\u00e4tter klasstandem i praktiken samarbete mellan tv\u00e5 skolor med olika undervisningsspr\u00e5k. Hittills har klasstandem d\u00e4rf\u00f6r till\u00e4mpats fr\u00e4mst inom undervisningen i det andra inhemska spr\u00e5ket, svenska och finska. Klasstandem g\u00e5r n\u00e5got f\u00f6renklat ut p\u00e5 att finsk- respektive svenskundervisningen &hellip; <a href=\"https:\/\/blogs2.abo.fi\/tandem\/praktiska-arrangemang\/\">Forts\u00e4tt l\u00e4sa <span class=\"meta-nav\">&rarr;<\/span><\/a><\/p>\n","protected":false},"author":409,"featured_media":0,"parent":0,"menu_order":0,"comment_status":"closed","ping_status":"closed","template":"","meta":{"footnotes":""},"class_list":["post-55","page","type-page","status-publish","hentry"],"_links":{"self":[{"href":"https:\/\/blogs2.abo.fi\/tandem\/wp-json\/wp\/v2\/pages\/55","targetHints":{"allow":["GET"]}}],"collection":[{"href":"https:\/\/blogs2.abo.fi\/tandem\/wp-json\/wp\/v2\/pages"}],"about":[{"href":"https:\/\/blogs2.abo.fi\/tandem\/wp-json\/wp\/v2\/types\/page"}],"author":[{"embeddable":true,"href":"https:\/\/blogs2.abo.fi\/tandem\/wp-json\/wp\/v2\/users\/409"}],"replies":[{"embeddable":true,"href":"https:\/\/blogs2.abo.fi\/tandem\/wp-json\/wp\/v2\/comments?post=55"}],"version-history":[{"count":6,"href":"https:\/\/blogs2.abo.fi\/tandem\/wp-json\/wp\/v2\/pages\/55\/revisions"}],"predecessor-version":[{"id":263,"href":"https:\/\/blogs2.abo.fi\/tandem\/wp-json\/wp\/v2\/pages\/55\/revisions\/263"}],"wp:attachment":[{"href":"https:\/\/blogs2.abo.fi\/tandem\/wp-json\/wp\/v2\/media?parent=55"}],"curies":[{"name":"wp","href":"https:\/\/api.w.org\/{rel}","templated":true}]}}