{"id":358,"date":"2019-02-19T11:23:25","date_gmt":"2019-02-19T11:23:25","guid":{"rendered":"http:\/\/blogs2.abo.fi\/tandem\/?page_id=358"},"modified":"2020-08-18T11:09:50","modified_gmt":"2020-08-18T11:09:50","slug":"tandemmuodot","status":"publish","type":"page","link":"https:\/\/blogs2.abo.fi\/tandem\/tandemmuodot\/","title":{"rendered":"Tandemmuodot"},"content":{"rendered":"<p>Vuodesta 2012 l\u00e4htien \u00c5bo Akademilla on ty\u00f6skennelty eri tandemhankkeiden parissa, jotka ovat johtaneet eri tandemmuotoihin. <a href=\"http:\/\/blogs2.abo.fi\/tandem\/luokkatandem\/\">Luokkatandem<\/a> (2012-2015), <a href=\"http:\/\/blogs2.abo.fi\/tandem\/eluokkatandem\/\">Eluokkatandem<\/a> (2015-2018) ja <a href=\"http:\/\/blogs2.abo.fi\/tandem\/kielisuihkutandem\/\">Kielisuihkutandem<\/a> (2018-2021). L\u00f6yd\u00e4t lis\u00e4\u00e4 tietoja hankkeista ja tandemmuodoista valikosta.<\/p>\n","protected":false},"excerpt":{"rendered":"<p>Vuodesta 2012 l\u00e4htien \u00c5bo Akademilla on ty\u00f6skennelty eri tandemhankkeiden parissa, jotka ovat johtaneet eri tandemmuotoihin. Luokkatandem (2012-2015), Eluokkatandem (2015-2018) ja Kielisuihkutandem (2018-2021). L\u00f6yd\u00e4t lis\u00e4\u00e4 tietoja hankkeista ja tandemmuodoista valikosta.<\/p>\n","protected":false},"author":409,"featured_media":0,"parent":0,"menu_order":0,"comment_status":"closed","ping_status":"closed","template":"","meta":{"footnotes":""},"class_list":["post-358","page","type-page","status-publish","hentry"],"_links":{"self":[{"href":"https:\/\/blogs2.abo.fi\/tandem\/wp-json\/wp\/v2\/pages\/358","targetHints":{"allow":["GET"]}}],"collection":[{"href":"https:\/\/blogs2.abo.fi\/tandem\/wp-json\/wp\/v2\/pages"}],"about":[{"href":"https:\/\/blogs2.abo.fi\/tandem\/wp-json\/wp\/v2\/types\/page"}],"author":[{"embeddable":true,"href":"https:\/\/blogs2.abo.fi\/tandem\/wp-json\/wp\/v2\/users\/409"}],"replies":[{"embeddable":true,"href":"https:\/\/blogs2.abo.fi\/tandem\/wp-json\/wp\/v2\/comments?post=358"}],"version-history":[{"count":5,"href":"https:\/\/blogs2.abo.fi\/tandem\/wp-json\/wp\/v2\/pages\/358\/revisions"}],"predecessor-version":[{"id":552,"href":"https:\/\/blogs2.abo.fi\/tandem\/wp-json\/wp\/v2\/pages\/358\/revisions\/552"}],"wp:attachment":[{"href":"https:\/\/blogs2.abo.fi\/tandem\/wp-json\/wp\/v2\/media?parent=358"}],"curies":[{"name":"wp","href":"https:\/\/api.w.org\/{rel}","templated":true}]}}