{"id":357,"date":"2019-02-19T11:23:25","date_gmt":"2019-02-19T11:23:25","guid":{"rendered":"http:\/\/blogs2.abo.fi\/tandem\/?page_id=357"},"modified":"2020-08-18T10:25:23","modified_gmt":"2020-08-18T10:25:23","slug":"projekt","status":"publish","type":"page","link":"https:\/\/blogs2.abo.fi\/tandem\/projekt\/","title":{"rendered":"Tandemformer"},"content":{"rendered":"<p>Sedan 2012 har man jobbat med olika tandemprojekt p\u00e5 \u00c5bo Akademi som har resulterat i olika tandemformer. <a href=\"http:\/\/blogs2.abo.fi\/tandem\/klasstandem\/\">Klasstandem<\/a> (2012-2015), <a href=\"http:\/\/blogs2.abo.fi\/tandem\/eklasstandem\/\">Eklasstandem <\/a>(2015-2018) och <a href=\"http:\/\/blogs2.abo.fi\/tandem\/sprakduschtandem\/\">Spr\u00e5kduschtandem<\/a> (2018-2021). I menyn hittar du mer information om tandemformerna och projekten.<\/p>\n","protected":false},"excerpt":{"rendered":"<p>Sedan 2012 har man jobbat med olika tandemprojekt p\u00e5 \u00c5bo Akademi som har resulterat i olika tandemformer. Klasstandem (2012-2015), Eklasstandem (2015-2018) och Spr\u00e5kduschtandem (2018-2021). I menyn hittar du mer information om tandemformerna och projekten.<\/p>\n","protected":false},"author":409,"featured_media":0,"parent":0,"menu_order":0,"comment_status":"closed","ping_status":"closed","template":"","meta":{"footnotes":""},"class_list":["post-357","page","type-page","status-publish","hentry"],"_links":{"self":[{"href":"https:\/\/blogs2.abo.fi\/tandem\/wp-json\/wp\/v2\/pages\/357","targetHints":{"allow":["GET"]}}],"collection":[{"href":"https:\/\/blogs2.abo.fi\/tandem\/wp-json\/wp\/v2\/pages"}],"about":[{"href":"https:\/\/blogs2.abo.fi\/tandem\/wp-json\/wp\/v2\/types\/page"}],"author":[{"embeddable":true,"href":"https:\/\/blogs2.abo.fi\/tandem\/wp-json\/wp\/v2\/users\/409"}],"replies":[{"embeddable":true,"href":"https:\/\/blogs2.abo.fi\/tandem\/wp-json\/wp\/v2\/comments?post=357"}],"version-history":[{"count":7,"href":"https:\/\/blogs2.abo.fi\/tandem\/wp-json\/wp\/v2\/pages\/357\/revisions"}],"predecessor-version":[{"id":547,"href":"https:\/\/blogs2.abo.fi\/tandem\/wp-json\/wp\/v2\/pages\/357\/revisions\/547"}],"wp:attachment":[{"href":"https:\/\/blogs2.abo.fi\/tandem\/wp-json\/wp\/v2\/media?parent=357"}],"curies":[{"name":"wp","href":"https:\/\/api.w.org\/{rel}","templated":true}]}}