{"id":232,"date":"2018-06-26T11:24:56","date_gmt":"2018-06-26T11:24:56","guid":{"rendered":"http:\/\/blogs2.abo.fi\/tandem\/?page_id=232"},"modified":"2018-06-26T11:24:56","modified_gmt":"2018-06-26T11:24:56","slug":"luokkatandemkasikirja","status":"publish","type":"page","link":"https:\/\/blogs2.abo.fi\/tandem\/luokkatandemkasikirja\/","title":{"rendered":"Luokkatandemk\u00e4sikirja"},"content":{"rendered":"<p id=\"wnd_TextBlock_384773_inner_2\"><span class=\"wsw-02\"><em>Klasstandem &#8211; en resa \u00f6ver spr\u00e5kgr\u00e4nsen. Luokkatandem &#8211; Matka yli kielirajan<\/em>. L\u00f6f, \u00c5., Koskinen, H., P\u00f6rn, M., Hansell, K. &amp; Korhonen, A., Engberg, C. (2016). \u00c5bo Akademi. Pedagogik och v\u00e4lf\u00e4rdsstudier.\u00a0<\/span><\/p>\n<p id=\"wnd_TextBlock_384773_inner_3\"><span class=\"wsw-02\"><b>Selailtava e-kirja:<\/b>\u00a0<a href=\"http:\/\/web.abo.fi\/e-mag\/klasstandem\/index.html\" target=\"_blank\" rel=\"noopener\">http:\/\/web.abo.fi\/e-mag\/klasstandem\/index.html<\/a><\/span><\/p>\n<p id=\"wnd_TextBlock_384773_inner_4\"><span class=\"wsw-02\"><b>Selailtava e-kirja matkapuhelimeen:<\/b> <a href=\"http:\/\/web.abo.fi\/e-mag\/klasstandem\/mobile\/index.html\" target=\"_blank\" rel=\"noopener\">web.abo.fi\/e-mag\/klasstandem\/mobile\/index.html\u00a0<\/a><\/span><\/p>\n<p id=\"wnd_TextBlock_384773_inner_5\"><span class=\"wsw-02\"><b>Tavallinen PDF-tiedosto:<\/b>\u00a0<a href=\"http:\/\/web.abo.fi\/e-mag\/klasstandem\/pdf.pdf\" target=\"_blank\" rel=\"noopener\">web.abo.fi\/e-mag\/klasstandem\/pdf.pdf\u00a0<\/a><\/span><\/p>\n<p id=\"wnd_TextBlock_384773_inner_6\"><span class=\"wsw-02\">Kirjasta voi tilata itselleen my\u00f6s <b>paperiversion<\/b> (kts. <a href=\"http:\/\/cms.luokkatandem-com.webnode.se\/yhteystiedot\/\" target=\"\">yhteystiedot<\/a>).\u00a0<\/span><\/p>\n","protected":false},"excerpt":{"rendered":"<p>Klasstandem &#8211; en resa \u00f6ver spr\u00e5kgr\u00e4nsen. Luokkatandem &#8211; Matka yli kielirajan. L\u00f6f, \u00c5., Koskinen, H., P\u00f6rn, M., Hansell, K. &amp; Korhonen, A., Engberg, C. (2016). \u00c5bo Akademi. Pedagogik och v\u00e4lf\u00e4rdsstudier.\u00a0 Selailtava e-kirja:\u00a0http:\/\/web.abo.fi\/e-mag\/klasstandem\/index.html Selailtava e-kirja matkapuhelimeen: web.abo.fi\/e-mag\/klasstandem\/mobile\/index.html\u00a0 Tavallinen PDF-tiedosto:\u00a0web.abo.fi\/e-mag\/klasstandem\/pdf.pdf\u00a0 Kirjasta voi &hellip; <a href=\"https:\/\/blogs2.abo.fi\/tandem\/luokkatandemkasikirja\/\">Forts\u00e4tt l\u00e4sa <span class=\"meta-nav\">&rarr;<\/span><\/a><\/p>\n","protected":false},"author":409,"featured_media":0,"parent":0,"menu_order":0,"comment_status":"closed","ping_status":"closed","template":"","meta":{"footnotes":""},"class_list":["post-232","page","type-page","status-publish","hentry"],"_links":{"self":[{"href":"https:\/\/blogs2.abo.fi\/tandem\/wp-json\/wp\/v2\/pages\/232","targetHints":{"allow":["GET"]}}],"collection":[{"href":"https:\/\/blogs2.abo.fi\/tandem\/wp-json\/wp\/v2\/pages"}],"about":[{"href":"https:\/\/blogs2.abo.fi\/tandem\/wp-json\/wp\/v2\/types\/page"}],"author":[{"embeddable":true,"href":"https:\/\/blogs2.abo.fi\/tandem\/wp-json\/wp\/v2\/users\/409"}],"replies":[{"embeddable":true,"href":"https:\/\/blogs2.abo.fi\/tandem\/wp-json\/wp\/v2\/comments?post=232"}],"version-history":[{"count":1,"href":"https:\/\/blogs2.abo.fi\/tandem\/wp-json\/wp\/v2\/pages\/232\/revisions"}],"predecessor-version":[{"id":233,"href":"https:\/\/blogs2.abo.fi\/tandem\/wp-json\/wp\/v2\/pages\/232\/revisions\/233"}],"wp:attachment":[{"href":"https:\/\/blogs2.abo.fi\/tandem\/wp-json\/wp\/v2\/media?parent=232"}],"curies":[{"name":"wp","href":"https:\/\/api.w.org\/{rel}","templated":true}]}}