{"id":226,"date":"2018-06-26T11:16:54","date_gmt":"2018-06-26T11:16:54","guid":{"rendered":"http:\/\/blogs2.abo.fi\/tandem\/?page_id=226"},"modified":"2022-09-20T13:44:51","modified_gmt":"2022-09-20T13:44:51","slug":"luokkatandem-hanke","status":"publish","type":"page","link":"https:\/\/blogs2.abo.fi\/tandem\/etusivu\/luokkatandem-hanke\/","title":{"rendered":"Luokkatandem-hanke"},"content":{"rendered":"<p id=\"wnd_TextBlock_939236_inner_0\" class=\"wnd-align-justify\"><span class=\"wsw-02\">Luokkatandem-hanke (2012\u20132015) toteutettiin toimintatutkimussuuntautuneena kehitysty\u00f6n\u00e4 Vaasan kaksikielisell\u00e4 lukiokampuksella Lykeionilla, jossa <a href=\"http:\/\/www.abo.fi\/\" target=\"_blank\" rel=\"noopener\">\u00c5bo Akademin<\/a> ja <a href=\"http:\/\/www.uva.fi\/\" target=\"_blank\" rel=\"noopener\">Vaasan yliopiston<\/a> tutkijat tekiv\u00e4t yhteisty\u00f6t\u00e4 <a href=\"http:\/\/gymnasium.vaasa.fi\/\" target=\"_blank\" rel=\"noopener\">Vasa gymnasiumin<\/a> suomen kielen ja <a href=\"http:\/\/lyseo.vaasa.fi\/\" target=\"_blank\" rel=\"noopener\">Vaasan lyseon lukion<\/a> ruotsin kielen opettajien kanssa. Hanke kuului Vaasan yliopiston ja \u00c5bo Akademin yhteiseen <a href=\"http:\/\/www.multilingualism.fi\/\" target=\"_blank\" rel=\"noopener\">Monikielisyysinstituuttiin<\/a>.\u00a0<\/span><\/p>\n<p class=\"wnd-align-justify\"><span class=\"wsw-02\">Hanketta rahoittivat <a href=\"https:\/\/www.kulturfonden.fi\/\" target=\"_blank\" rel=\"noopener\">Svenska kulturfonden<\/a>, <a href=\"https:\/\/www.hss.fi\/\" target=\"_blank\" rel=\"noopener\">Harry Schaumanin s\u00e4\u00e4ti\u00f6,<\/a> <a href=\"http:\/\/www.oph.fi\/\" target=\"_blank\" rel=\"noopener\">Opetushallitus<\/a>, <a href=\"http:\/\/aws.samfundet.fi\/\" target=\"_blank\" rel=\"noopener\">Svensk-\u00d6sterbottniska samfundet<\/a>, <a href=\"http:\/\/www.vasa.abo.fi\/hogskolestiftelsen\/\" target=\"_blank\" rel=\"noopener\">H\u00f6gskolestiftelsen<\/a> ja <a href=\"http:\/\/www.foundationweb.net\/frenckell\/\" target=\"_blank\" rel=\"noopener\">Waldemar von Frenckellin s\u00e4\u00e4ti\u00f6<\/a>.<\/span><\/p>\n<p id=\"wnd_TextBlock_939236_inner_2\" class=\"wnd-align-justify\"><span class=\"wsw-02\">Luokkatandem-hankkeessa kehitettiin empiiristen menetelmien avulla kehitt\u00e4\u00e4 kielipedagogisia malleja toisen kotimaisen kielen opetukseen kielellisesti sekoittuneissa oppilasryhmiss\u00e4. Hankkeen tuloksia esitell\u00e4\u00e4n tutkimukseen pohjautuvassa <em><a href=\"http:\/\/cms.luokkatandem-com.webnode.se\/luokkatandemkasikirja\/\" target=\"\" rel=\"noopener\">k\u00e4sikirjassa<\/a><\/em>, joka on suunnattu eri koulutusasteiden opettajille.<\/span><\/p>\n<p id=\"wnd_TextBlock_838542_inner_0\"><span class=\"wsw-02 wnd-font-size-150\"><b>Tutkimus<br \/>\n<\/b><\/span><span class=\"wsw-02\">Luokkatandem-hankkeessa:<\/span><\/p>\n<p style=\"padding-left: 30px\"><span class=\"wsw-02\">&#8211;\u00a0<\/span><span class=\"wsw-02\">Hankittiin lis\u00e4\u00e4 tietoa vuorovaikutuksesta ja kuvailemaan opiskelijoiden vuorovaikutusta tandemoppituntien aikana ruotsin ja suomen kielen opetuksessa suomen- ja ruotsinkielisiss\u00e4 kouluissa<br \/>\n&#8211;\u00a0<\/span><span class=\"wsw-02\">Kehitettiin kielipedagogisia malleja (nk. <em>best practices<\/em>), joita voidaan hy\u00f6dynt\u00e4\u00e4 toisen kotimaisen kielen opetuksessa kielellisesti sekoittuneissa oppilasryhmiss\u00e4<br \/>\n&#8211;\u00a0<\/span><span class=\"wsw-02\">Kartoitettiin opettajien kontakteja yli kielirajojen yli sek\u00e4 ensimm\u00e4isen vuoden opiskelijoiden kontakteja toiseen kotimaiseen kieleen seuraten heit\u00e4 lukioajan loppuun asti.<\/span><\/p>\n<p id=\"wnd_TextBlock_29907_inner_0\"><b><span class=\"wsw-02 wnd-font-size-150\">Design<br \/>\n<\/span><\/b><span class=\"wsw-02\">Hankkeen empiirinen aineisto koostuu:<\/span><\/p>\n<p style=\"padding-left: 30px\"><span class=\"wsw-02\">&#8211; videotallenteista, joissa seurataan tandemparin vuorovaikutusta luokkahuoneessa<br \/>\n<\/span><span class=\"wsw-02\">&#8211; videotallenteista, joissa seurataan tandemopettajan ty\u00f6skentely\u00e4 luokkahuoneessa<br \/>\n<\/span><span class=\"wsw-02\">&#8211; tandem-kursseille osallistuneiden opiskelijoiden haastatteluista ja kyselytutkimuksista<br \/>\n&#8211;\u00a0<\/span><span class=\"wsw-02\">opettajien oman kielipedagogisen ty\u00f6n dokumentoinnista (suulliset p\u00e4iv\u00e4kirjat)<br \/>\n&#8211;\u00a0<\/span><span class=\"wsw-02\">s\u00e4\u00e4nn\u00f6llisist\u00e4 tutkija<em>&#8211;<\/em>opettaja -keskusteluista<\/span><\/p>\n","protected":false},"excerpt":{"rendered":"<p>Luokkatandem-hanke (2012\u20132015) toteutettiin toimintatutkimussuuntautuneena kehitysty\u00f6n\u00e4 Vaasan kaksikielisell\u00e4 lukiokampuksella Lykeionilla, jossa \u00c5bo Akademin ja Vaasan yliopiston tutkijat tekiv\u00e4t yhteisty\u00f6t\u00e4 Vasa gymnasiumin suomen kielen ja Vaasan lyseon lukion ruotsin kielen opettajien kanssa. Hanke kuului Vaasan yliopiston ja \u00c5bo Akademin yhteiseen Monikielisyysinstituuttiin.\u00a0 Hanketta &hellip; <a href=\"https:\/\/blogs2.abo.fi\/tandem\/etusivu\/luokkatandem-hanke\/\">Forts\u00e4tt l\u00e4sa <span class=\"meta-nav\">&rarr;<\/span><\/a><\/p>\n","protected":false},"author":409,"featured_media":0,"parent":197,"menu_order":2,"comment_status":"closed","ping_status":"closed","template":"","meta":{"footnotes":""},"class_list":["post-226","page","type-page","status-publish","hentry"],"_links":{"self":[{"href":"https:\/\/blogs2.abo.fi\/tandem\/wp-json\/wp\/v2\/pages\/226","targetHints":{"allow":["GET"]}}],"collection":[{"href":"https:\/\/blogs2.abo.fi\/tandem\/wp-json\/wp\/v2\/pages"}],"about":[{"href":"https:\/\/blogs2.abo.fi\/tandem\/wp-json\/wp\/v2\/types\/page"}],"author":[{"embeddable":true,"href":"https:\/\/blogs2.abo.fi\/tandem\/wp-json\/wp\/v2\/users\/409"}],"replies":[{"embeddable":true,"href":"https:\/\/blogs2.abo.fi\/tandem\/wp-json\/wp\/v2\/comments?post=226"}],"version-history":[{"count":2,"href":"https:\/\/blogs2.abo.fi\/tandem\/wp-json\/wp\/v2\/pages\/226\/revisions"}],"predecessor-version":[{"id":764,"href":"https:\/\/blogs2.abo.fi\/tandem\/wp-json\/wp\/v2\/pages\/226\/revisions\/764"}],"up":[{"embeddable":true,"href":"https:\/\/blogs2.abo.fi\/tandem\/wp-json\/wp\/v2\/pages\/197"}],"wp:attachment":[{"href":"https:\/\/blogs2.abo.fi\/tandem\/wp-json\/wp\/v2\/media?parent=226"}],"curies":[{"name":"wp","href":"https:\/\/api.w.org\/{rel}","templated":true}]}}