{"id":209,"date":"2018-06-26T10:58:30","date_gmt":"2018-06-26T10:58:30","guid":{"rendered":"http:\/\/blogs2.abo.fi\/tandem\/?page_id=209"},"modified":"2026-01-02T10:47:50","modified_gmt":"2026-01-02T10:47:50","slug":"yhteys","status":"publish","type":"page","link":"https:\/\/blogs2.abo.fi\/tandem\/yhteys\/","title":{"rendered":"Yhteystiedot"},"content":{"rendered":"<p><span class=\"wsw-02\"><b>Tandemhankkeiden johtaja<\/b><br \/>\nMichaela P\u00f6rn<br \/>\n<\/span><span class=\"wsw-02\">michaela.poern@abo.fi<\/span><\/p>\n<p><span class=\"wsw-02\"><b>Projekti<\/b><\/span><span class=\"wsw-02\"><b>tutkija<\/b><br \/>\nKatri Hansell<br \/>\n<\/span><span class=\"wsw-02\">katri.hansell@abo.fi<br \/>\nOta yhteytt\u00e4 fyysisen k\u00e4sikirjan tilaamiseen liittyen.<br \/>\nOta yhteytt\u00e4 nettisivuun liittyviss\u00e4 kysymyksiss\u00e4.<br \/>\n<\/span><\/p>\n<p>&nbsp;<\/p>\n<p id=\"wnd_TextBlock_9804_inner_0\"><strong>Hanke toteutetaan Vaasan\u00a0\u00c5bo Akademissa<br \/>\n<\/strong><span class=\"wsw-02\"><img loading=\"lazy\" decoding=\"async\" class=\"aligncenter wp-image-563 size-large\" src=\"http:\/\/blogs2.abo.fi\/tandem\/wp-content\/uploads\/sites\/93\/2020\/08\/\u00c5bo-akademi-kontaktuppgifter-finska-1-1024x388.png\" alt=\"\" width=\"584\" height=\"221\" srcset=\"https:\/\/blogs2.abo.fi\/tandem\/wp-content\/uploads\/sites\/93\/2020\/08\/\u00c5bo-akademi-kontaktuppgifter-finska-1-1024x388.png 1024w, https:\/\/blogs2.abo.fi\/tandem\/wp-content\/uploads\/sites\/93\/2020\/08\/\u00c5bo-akademi-kontaktuppgifter-finska-1-300x114.png 300w, https:\/\/blogs2.abo.fi\/tandem\/wp-content\/uploads\/sites\/93\/2020\/08\/\u00c5bo-akademi-kontaktuppgifter-finska-1-768x291.png 768w, https:\/\/blogs2.abo.fi\/tandem\/wp-content\/uploads\/sites\/93\/2020\/08\/\u00c5bo-akademi-kontaktuppgifter-finska-1-500x189.png 500w, https:\/\/blogs2.abo.fi\/tandem\/wp-content\/uploads\/sites\/93\/2020\/08\/\u00c5bo-akademi-kontaktuppgifter-finska-1.png 1167w\" sizes=\"auto, (max-width: 584px) 100vw, 584px\" \/><\/span><\/p>\n","protected":false},"excerpt":{"rendered":"<p>Tandemhankkeiden johtaja Michaela P\u00f6rn michaela.poern@abo.fi Projektitutkija Katri Hansell katri.hansell@abo.fi Ota yhteytt\u00e4 fyysisen k\u00e4sikirjan tilaamiseen liittyen. Ota yhteytt\u00e4 nettisivuun liittyviss\u00e4 kysymyksiss\u00e4. &nbsp; Hanke toteutetaan Vaasan\u00a0\u00c5bo Akademissa<\/p>\n","protected":false},"author":409,"featured_media":0,"parent":0,"menu_order":0,"comment_status":"closed","ping_status":"closed","template":"","meta":{"footnotes":""},"class_list":["post-209","page","type-page","status-publish","hentry"],"_links":{"self":[{"href":"https:\/\/blogs2.abo.fi\/tandem\/wp-json\/wp\/v2\/pages\/209","targetHints":{"allow":["GET"]}}],"collection":[{"href":"https:\/\/blogs2.abo.fi\/tandem\/wp-json\/wp\/v2\/pages"}],"about":[{"href":"https:\/\/blogs2.abo.fi\/tandem\/wp-json\/wp\/v2\/types\/page"}],"author":[{"embeddable":true,"href":"https:\/\/blogs2.abo.fi\/tandem\/wp-json\/wp\/v2\/users\/409"}],"replies":[{"embeddable":true,"href":"https:\/\/blogs2.abo.fi\/tandem\/wp-json\/wp\/v2\/comments?post=209"}],"version-history":[{"count":11,"href":"https:\/\/blogs2.abo.fi\/tandem\/wp-json\/wp\/v2\/pages\/209\/revisions"}],"predecessor-version":[{"id":831,"href":"https:\/\/blogs2.abo.fi\/tandem\/wp-json\/wp\/v2\/pages\/209\/revisions\/831"}],"wp:attachment":[{"href":"https:\/\/blogs2.abo.fi\/tandem\/wp-json\/wp\/v2\/media?parent=209"}],"curies":[{"name":"wp","href":"https:\/\/api.w.org\/{rel}","templated":true}]}}