{"id":20,"date":"2018-06-11T11:38:20","date_gmt":"2018-06-11T11:38:20","guid":{"rendered":"http:\/\/blogs2.abo.fi\/tandem\/?page_id=20"},"modified":"2018-09-29T21:06:29","modified_gmt":"2018-09-29T21:06:29","slug":"sprakduschtandem","status":"publish","type":"page","link":"https:\/\/blogs2.abo.fi\/tandem\/sprakduschtandem\/","title":{"rendered":"Spr\u00e5kduschtandem"},"content":{"rendered":"<p>M\u00e5ls\u00e4ttningen med projektet Spr\u00e5kduschtandem \u00e4r att p\u00e5 empirisk grund utveckla tandempedagogik f\u00f6r barn inom sm\u00e5barnspedagogik, f\u00f6rskolan och \u00e5rskurserna 1\u20126 som inte n\u00f6dv\u00e4ndigtvis har f\u00f6rkunskaper i det andra inhemska spr\u00e5ket samt f\u00f6r sm\u00e5barnspedagoger, f\u00f6rskoll\u00e4rare och klassl\u00e4rare som inte \u00e4r specialiserade i spr\u00e5kinl\u00e4rning och spr\u00e5kundervisning. De tandemmodeller som utvecklats f\u00f6r ungdomar och vuxna kan inte till\u00e4mpas direkt i undervisningen p\u00e5 l\u00e4gre stadier pga. barnens \u00a0spr\u00e5kf\u00e4rdigheter samt mognad f\u00f6r sj\u00e4lvst\u00e4ndigt pararbete.<\/p>\n<p>Inom projektet samarbetar forskare vid \u00c5bo Akademi med tandempedagogik som sitt expertisomr\u00e5de med klassl\u00e4rare fr\u00e5n ett antal svensk- och finskspr\u00e5kiga skolor i Vasa. Projektet bygger p\u00e5 ett aktionsforskningsinriktat samarbete mellan forskare och l\u00e4rare d\u00e4r l\u00e4rarna utvecklar sin undervisning och samtidigt skapar nya modeller f\u00f6r samarbete och fungerande arbetss\u00e4tt och klassrumspraxis.<\/p>\n<p>Projektet f\u00f6rv\u00e4ntas resultera i modeller f\u00f6r hur tandempedagogik kan till\u00e4mpas \u00e4ven med yngre elever som inte studerat det andra inhemska spr\u00e5ket tidigare och som har ringa spr\u00e5kkunskaper d\u00e5 samarbetet inleds. F\u00f6r denna m\u00e5lgrupp \u00e4r det viktigt att introducera det andra inhemska spr\u00e5ket genom l\u00e4rorika men lekfulla aktiviteter och skapa en trygg milj\u00f6 f\u00f6r samarbetet mellan spr\u00e5kgrupperna. Genom att initiera kontakter mellan spr\u00e5kgrupperna redan under de f\u00f6rsta \u00e5rskurserna i skolan skapas en god grund f\u00f6r positiva attityder gentemot den andra spr\u00e5kgruppen inklusive spr\u00e5ket och kulturen. Detta kan vidare antas bidra till h\u00f6gre studiemotivation i det andra inhemska spr\u00e5ket och p\u00e5 sikt generera b\u00e4ttre spr\u00e5kkunskaper och b\u00e4ttre samf\u00f6rst\u00e5nd mellan spr\u00e5kgrupperna.<\/p>\n<p>Projektet Spr\u00e5kduschtandem finansieras av <a href=\"https:\/\/www.kulturfonden.fi\/\">Svenska kulturfonden<\/a>,\u00a0<a href=\"https:\/\/vasa.aktiastiftelserna.fi\/sv\/\">Aktiastiftelsen i Vasa<\/a> och <a href=\"https:\/\/www.hss.fi\/\">Harry Schaumans stiftelse<\/a>.<\/p>\n","protected":false},"excerpt":{"rendered":"<p>M\u00e5ls\u00e4ttningen med projektet Spr\u00e5kduschtandem \u00e4r att p\u00e5 empirisk grund utveckla tandempedagogik f\u00f6r barn inom sm\u00e5barnspedagogik, f\u00f6rskolan och \u00e5rskurserna 1\u20126 som inte n\u00f6dv\u00e4ndigtvis har f\u00f6rkunskaper i det andra inhemska spr\u00e5ket samt f\u00f6r sm\u00e5barnspedagoger, f\u00f6rskoll\u00e4rare och klassl\u00e4rare som inte \u00e4r specialiserade i &hellip; <a href=\"https:\/\/blogs2.abo.fi\/tandem\/sprakduschtandem\/\">Forts\u00e4tt l\u00e4sa <span class=\"meta-nav\">&rarr;<\/span><\/a><\/p>\n","protected":false},"author":409,"featured_media":0,"parent":0,"menu_order":0,"comment_status":"closed","ping_status":"closed","template":"","meta":{"footnotes":""},"class_list":["post-20","page","type-page","status-publish","hentry"],"_links":{"self":[{"href":"https:\/\/blogs2.abo.fi\/tandem\/wp-json\/wp\/v2\/pages\/20","targetHints":{"allow":["GET"]}}],"collection":[{"href":"https:\/\/blogs2.abo.fi\/tandem\/wp-json\/wp\/v2\/pages"}],"about":[{"href":"https:\/\/blogs2.abo.fi\/tandem\/wp-json\/wp\/v2\/types\/page"}],"author":[{"embeddable":true,"href":"https:\/\/blogs2.abo.fi\/tandem\/wp-json\/wp\/v2\/users\/409"}],"replies":[{"embeddable":true,"href":"https:\/\/blogs2.abo.fi\/tandem\/wp-json\/wp\/v2\/comments?post=20"}],"version-history":[{"count":6,"href":"https:\/\/blogs2.abo.fi\/tandem\/wp-json\/wp\/v2\/pages\/20\/revisions"}],"predecessor-version":[{"id":312,"href":"https:\/\/blogs2.abo.fi\/tandem\/wp-json\/wp\/v2\/pages\/20\/revisions\/312"}],"wp:attachment":[{"href":"https:\/\/blogs2.abo.fi\/tandem\/wp-json\/wp\/v2\/media?parent=20"}],"curies":[{"name":"wp","href":"https:\/\/api.w.org\/{rel}","templated":true}]}}