{"id":199,"date":"2018-06-26T10:57:10","date_gmt":"2018-06-26T10:57:10","guid":{"rendered":"http:\/\/blogs2.abo.fi\/tandem\/?page_id=199"},"modified":"2022-09-20T13:46:09","modified_gmt":"2022-09-20T13:46:09","slug":"tapahtumakalenteri","status":"publish","type":"page","link":"https:\/\/blogs2.abo.fi\/tandem\/etusivu\/tapahtumakalenteri\/","title":{"rendered":"Tapahtumakalenteri"},"content":{"rendered":"<div>\n<div>\n<p><strong>Lukuvuosi 2021-2022<\/strong><\/p>\n<p style=\"padding-left: 40px\"><strong>29.10.2021<\/strong>\u00a0pidet\u00e4\u00e4n kaksikielinen loppuseminaari toisen Hall\u00e5!-projektin,\u00a0<a href=\"https:\/\/www2.helsinki.fi\/en\/researchgroups\/diversity-multilingualism-and-social-justice-in-education\/projects\/didia-multilingual-didactics-and-dialogs\" target=\"_blank\" rel=\"noopener\">DIDIA<\/a>, yhteisty\u00f6ss\u00e4. Lis\u00e4\u00e4 tietoja\u00a0<a href=\"https:\/\/blogs2.abo.fi\/allasprakmed\/samarbete\/\" target=\"_blank\" rel=\"noopener\">t\u00e4ss\u00e4<\/a>\u00a0(ruotsiksi)<\/p>\n<p><strong>Lukuvuosi 2020-2021<\/strong><\/p>\n<p style=\"padding-left: 40px\"><strong>22.4.2021<\/strong> Johdatus Eluokkatandemiin &#8211; Introduktion till Eklasstandem. Svenska nu-verkoston j\u00e4rjest\u00e4m\u00e4 webinaari. Video webinaarista <a href=\"https:\/\/www.youtube.com\/watch?v=Pr_xUW4U1cM&amp;ab_channel=Hanaholmen-Kulturcentrumf%C3%B6rSverigeochFinland\" target=\"_blank\" rel=\"noopener\">t\u00e4ss\u00e4<\/a>.<\/p>\n<p><strong>Lukuvuosi 2019\u20132020<\/strong><\/p>\n<p style=\"padding-left: 40px\"><strong>6.2.2020 <\/strong>VAKKI-symposiumi Vaasassa, Katri Hansell &amp; Sandra B\u00e4ck &#8211; L\u00e4rarens interaktion i virtuell tandemundervisning. <a href=\"https:\/\/www.univaasa.fi\/fi\/sites\/vakki\/symposia\/symposiumi_2020\/vakki_program_final.pdf\" target=\"_blank\" rel=\"noopener noreferrer\">Symposiumin ohjelma.<\/a><\/p>\n<p style=\"padding-left: 40px\"><strong>4-5.2.2020<\/strong> Iloa kulttuurista ja kielest\u00e4, moduuli 1: Tandem. Yhteisty\u00f6ss\u00e4 Helsingin yliopiston kanssa. Helsinki<\/p>\n<p style=\"padding-left: 40px\"><strong>14.1.2020<\/strong> Alla spr\u00e5k med! Kaikki kielet mukaan!-v\u00e4liseminaari ja workshop. \u00c5bo Akademi, Vaasa.<\/p>\n<p style=\"padding-left: 40px\"><strong>8-9.10.2019 <\/strong>Koulutus Spr\u00e5kp\u00e4rla 4, Katri Hansell \u2013 luento Spr\u00e5kberikad<br \/>\nsm\u00e5barnspedagogik \u2013 Spr\u00e5kduschtandem och Kielistigen. Helsinki.<\/p>\n<p style=\"padding-left: 40px\"><strong>7.10.2019 <\/strong>Koulutus Spr\u00e5kp\u00e4rla 4, Katri Hansell \u2013 luento Spr\u00e5kberikad<br \/>\nsm\u00e5barnspedagogik \u2013 Spr\u00e5kduschtandem och Kielistigen. Vaasa.<\/p>\n<p style=\"padding-left: 40px\"><strong>3-4.10.2019 <\/strong>Konferenssi Noralf 2019: Aktionsforskning och h\u00e5llbarhet \u2013<br \/>\nf\u00f6r\u00e4ndringskraft, tillit och ansvar, G\u00f6teborg. Katri Hansell &amp; Marina Bendtsen, esitelm\u00e4 Aktionsforskningsorienterat forskar-l\u00e4rarsamarbete f\u00f6r utveckling av spr\u00e5k\u00f6verskridande samarbetsmodeller<br \/>\n<a href=\"https:\/\/ips.gu.se\/samverkan\/natverk\/nnaf\/konferenser\/noralf2019\" target=\"_blank\" rel=\"noopener noreferrer\">https:\/\/ips.gu.se\/samverkan\/natverk\/nnaf\/konferenser\/noralf2019<\/a><\/p>\n<p><strong>Lukuvuosi 2018\u20132019<\/strong><\/p>\n<p style=\"padding-left: 30px\"><strong>26.10.2018\u00a0<\/strong>Tandem teematapaaminen, LinguaVaasa, Vaasan yliopisto<br \/>\n<strong>23.10.2018\u00a0<\/strong>Alla spr\u00e5k med!\u00a0<span lang=\"FI\">Kaikki kielet mukaan!-hankkeen kick off-seminaari,<br \/>\n<\/span><span lang=\"FI\">\u00c5bo Akademi Vaasa<br \/>\n<strong>4-7.9.2018\u00a0<\/strong>The European Conference on Educational Research (ECER ), Bolzano,\u00a0Italia.<br \/>\n<a href=\"https:\/\/eera-ecer.de\/ecer-2018-bolzano\/\">https:\/\/eera-ecer.de\/ecer-2018-bolzano\/<\/a><\/span><\/p>\n<p><strong>Lukuvuosi 2017\u20132018<\/strong><\/p>\n<p style=\"padding-left: 30px\"><strong>7\u20139.5.2018 <\/strong>Nordisk l\u00e4rarutbildningskonferens 2018, \u00c5bo Akademi Vaasa (<a href=\"https:\/\/www.abo.fi\/evenemang\/nordisk-lararutbildningskonferens-2018\/\" target=\"_blank\" rel=\"noopener noreferrer\">Info<\/a>)<strong><br \/>\n5.5.2018<\/strong> Hanasaari, Espoo. T\u00e4ydennyskoulutsp\u00e4iv\u00e4t ruotsinsuomalaisille<br \/>\nopettajille.\u00a0(<a href=\"https:\/\/www.hanaholmen.fi\/event\/ruotsinsuomalaisten-opettajien-taydennyskoulutuspaivat-2018\/\" target=\"_blank\" rel=\"nofollow noopener noreferrer\">Lis\u00e4tietoja<\/a>)\u00a0J\u00e4rjest\u00e4j\u00e4t: Ruotsin suomalainen opettajaliitto\u00a0ja<br \/>\nHanasaari &#8211; ruotsalais-suomalainen kulttuurikeskus.<br \/>\n<strong>3.2.2018<\/strong> Jatkokoulutus Peders\u00f6ress\u00e4<br \/>\n<strong>5.2.2018<\/strong> Jatkokoulutus Hanasaaressa, Espoo<br \/>\n<strong>6.2.2018<\/strong> Jatkokoulutus Tampereella<br \/>\n<strong>20.2.2018<\/strong> Jatkokoulutus (Kuopiossa)<strong> HUOM! Muutettu Jyv\u00e4skyl\u00e4\u00e4n<br \/>\n21.2.2018<\/strong> Jatkokoulutus Oulussa<br \/>\nLis\u00e4tietoja ja ilmoittautuminen (sivu ruotsiksi) <a href=\"http:\/\/svenskanu.fi\/eklasstandem\/\" target=\"_blank\" rel=\"nofollow noopener noreferrer\">svenska.nu<\/a><\/p>\n<p><strong>Lukuvuosi 2016\u20132017<\/strong><\/p>\n<\/div>\n<p style=\"padding-left: 30px\"><strong>31.6\u20132.8.2017<\/strong> Suomen ruotsinopettajien kes\u00e4kurssi Hanasaaressa,\u00a0Espoo<br \/>\n<strong>23.\u201325.3 2017<\/strong>\u00a0<a href=\"http:\/\/tandem2017.fmz.uni-greifswald.de\/tandem2017\/blog\/2017\/04\/05\/tagungsbeitraege-und-praesentationen\/\" rel=\"nofollow\">Foreign Language Learning in Tandem for Higher Education<\/a>,<br \/>\nGreifswald, Saksa<br \/>\n<strong>23.1.2017<\/strong>\u00a0<a href=\"http:\/\/www.kieliverkosto.fi\/tapahtuma\/forum-for-finsklarare-23-1-2017-tammerfors\/\" rel=\"nofollow\">Forum f\u00f6r finskl\u00e4rare<\/a>, Tampere<br \/>\n<strong>14.12.2016<\/strong> Opettajaseminaari <em>Pohjola-Norden koulussa<\/em>, Tampere<br \/>\n<strong>11.10.2016\u00a0<\/strong><em>Lukiofoorumi<\/em>, Opetushallitus, Helsinki<br \/>\n<strong>6.10.2016<\/strong>\u00a0DiDiDi-seminaari <em>Projekt m\u00f6ter projekt<\/em>, Vaasa<\/p>\n<p><strong>Lukuvuosi 2015\u20132016<\/strong><\/p>\n<p style=\"padding-left: 30px\"><strong>28.4.2016<\/strong>\u00a0Tandemseminaari Vaasassa, Luokkatandemk\u00e4sikirja julkaistaan<br \/>\n<a href=\"http:\/\/files.luokkatandem.webnode.se\/200000037-96ed697e92\/Seminaarin%20ohjelma.jpg\" rel=\"nofollow\">Seminaarin ohjelma<\/a><br \/>\nSeminaarin esitelm\u00e4t:<br \/>\n<a href=\"http:\/\/files.luokkatandem.webnode.se\/200000039-7de5d7fd8a\/Tandemseminarium%2028.4.2016,%20Katri%20Hansell%20-%20Michaela%20P%C3%B6rn.pdf\" rel=\"nofollow\">&#8221;Vad \u00e4r tandempedagogik \u2013 Mit\u00e4 on tandempedagogiikka?&#8221; Katri Hansell &amp; Michaela P\u00f6rn<\/a><br \/>\n<a href=\"http:\/\/files.luokkatandem.webnode.se\/200000040-50e4352d8d\/Tandemseminarium%2028.4.2016,%20%C3%85sa%20L%C3%B6f%20-%20Heli%20Koskinen.pdf\" rel=\"nofollow\">&#8221;Klasstandem \u2013 enemm\u00e4n kuin pelkk\u00e4\u00e4 kieltenopetusta&#8221; \u00c5sa L\u00f6f &amp; Heli Koskinen<\/a><br \/>\n<a href=\"http:\/\/files.luokkatandem.webnode.se\/200000042-92ccc93c5e\/Marit_Sirpa_Tandemsemi_2016.pdf\" rel=\"nofollow\">&#8221;Universitetstandem \u2013 Yliopistotandem&#8221; Marit West-Sj\u00f6holm &amp; Sirpa Sipola<\/a><br \/>\n<a href=\"http:\/\/files.luokkatandem.webnode.se\/200000041-e3c6ee5bbf\/eKlasstandem%2028.4,%20Charlotta%20Engberg%20-%20Simon%20Hansell.pdf\" rel=\"nofollow\">&#8221;eLuokkatandem \u2013 klasstandem f\u00f6r virtuella l\u00e4rmilj\u00f6er&#8221; Charlotta Engberg &amp; Simon Hansell<\/a><br \/>\n<strong>18.\u201319.4.2016<\/strong> Spr\u00e5k s\u00e5 in i Norden, Tukholma, Ruotsi<br \/>\n<strong>11.\u201312.2.2016<\/strong> VAKKI-symposiumi Vaasassa<br \/>\n<a href=\"http:\/\/www.uva.fi\/fi\/sites\/vakki\/symposia\/symposium2016\/program\/\" target=\"_blank\" rel=\"nofollow noopener noreferrer\">Symposiumin ohjelma<\/a><br \/>\n<strong>19.11.2015<\/strong> Kasvatustieteen p\u00e4iv\u00e4t Vaasassa<br \/>\n<a href=\"https:\/\/kasvatustieteenpaivat2015.wordpress.com\/ohjelma\/symposiumit\/\" target=\"_blank\" rel=\"nofollow noopener noreferrer\">Symposiumi<\/a><br \/>\n<strong>19.11.2015<\/strong> Kasvatustieteen p\u00e4iv\u00e4t Vaasassa<br \/>\n<a href=\"https:\/\/kasvatustieteenpaivat2015.wordpress.com\/ohjelma\/symposiumit\/\" target=\"_blank\" rel=\"nofollow noopener noreferrer\">Symposiumi<\/a><\/p>\n<p><strong>Lukuvuosi 2014\u20132015<\/strong><\/p>\n<\/div>\n<div style=\"padding-left: 30px\"><strong>Lukuvuosi 2014\u20132015<\/strong>\u00a0Jatkokoulutusta suomenopettajille (CLL) \u00c5bo Akademi Vasa <a href=\"http:\/\/files.luokkatandem.webnode.se\/200000026-99fa39af55\/Kursbroschyr_Klasstandem_2014-2015.pdf\" rel=\"nofollow\">Kursbroschyr<\/a><\/div>\n<div>\n<p style=\"padding-left: 30px\"><strong>30.9.2014\u00a0<\/strong>Kaksikielisyysp\u00e4iv\u00e4 Lykeionissa Vaasassa<br \/>\n<strong>18.9.2014\u00a0<\/strong>Min\u00e4 &amp; Tiede \u2013 Luokkatandemin esitelm\u00e4 Vaasassa<br \/>\n<strong>16.9.2014<\/strong> Min\u00e4 \u00a0&amp; Tiede \u2013 Luokkatandemin esitelm\u00e4 Sein\u00e4joella<\/p>\n<\/div>\n<p><strong>Lukuvuosi 2013\u20132014<\/strong><\/p>\n<div>\n<div style=\"padding-left: 30px\">\n<div>\n<p><strong>23.4.2014<\/strong>\u00a0\u00a0<a href=\"http:\/\/files.luokkatandem.webnode.se\/200000019-3386b34808\/programblad_seminarium23.4.2014.docx\" rel=\"nofollow\">Spr\u00e5km\u00f6ten &#8221;Kieliparikouluista kaksikielisiin kouluihin?&#8221;<\/a><br \/>\n<strong>12.\u201314.4.2014<\/strong>\u00a0<a href=\"http:\/\/www.hanaholmen.fi\/fi\/kulttuurikeskus\/ohjelmakalenteri\/details\/1008-vilda-vasterbotten-i-umea\" rel=\"nofollow\">Vilda V\u00e4sterbotten \u2013 en fortbildnings- och kulturresa<\/a><br \/>\n<strong>13.\u201314.2.2014<\/strong>\u00a0<a href=\"https:\/\/www.jyu.fi\/edu\/tutkimus\/ainedida2014\" rel=\"nofollow\">Ainedidaktiikan p\u00e4iv\u00e4t Jyv\u00e4skyl\u00e4ss\u00e4<\/a><\/p>\n<\/div>\n<p>&nbsp;<\/p>\n<\/div>\n<\/div>\n","protected":false},"excerpt":{"rendered":"<p>Lukuvuosi 2021-2022 29.10.2021\u00a0pidet\u00e4\u00e4n kaksikielinen loppuseminaari toisen Hall\u00e5!-projektin,\u00a0DIDIA, yhteisty\u00f6ss\u00e4. Lis\u00e4\u00e4 tietoja\u00a0t\u00e4ss\u00e4\u00a0(ruotsiksi) Lukuvuosi 2020-2021 22.4.2021 Johdatus Eluokkatandemiin &#8211; Introduktion till Eklasstandem. Svenska nu-verkoston j\u00e4rjest\u00e4m\u00e4 webinaari. Video webinaarista t\u00e4ss\u00e4. Lukuvuosi 2019\u20132020 6.2.2020 VAKKI-symposiumi Vaasassa, Katri Hansell &amp; Sandra B\u00e4ck &#8211; L\u00e4rarens interaktion i &hellip; <a href=\"https:\/\/blogs2.abo.fi\/tandem\/etusivu\/tapahtumakalenteri\/\">Forts\u00e4tt l\u00e4sa <span class=\"meta-nav\">&rarr;<\/span><\/a><\/p>\n","protected":false},"author":409,"featured_media":0,"parent":197,"menu_order":1,"comment_status":"closed","ping_status":"closed","template":"","meta":{"footnotes":""},"class_list":["post-199","page","type-page","status-publish","hentry"],"_links":{"self":[{"href":"https:\/\/blogs2.abo.fi\/tandem\/wp-json\/wp\/v2\/pages\/199","targetHints":{"allow":["GET"]}}],"collection":[{"href":"https:\/\/blogs2.abo.fi\/tandem\/wp-json\/wp\/v2\/pages"}],"about":[{"href":"https:\/\/blogs2.abo.fi\/tandem\/wp-json\/wp\/v2\/types\/page"}],"author":[{"embeddable":true,"href":"https:\/\/blogs2.abo.fi\/tandem\/wp-json\/wp\/v2\/users\/409"}],"replies":[{"embeddable":true,"href":"https:\/\/blogs2.abo.fi\/tandem\/wp-json\/wp\/v2\/comments?post=199"}],"version-history":[{"count":23,"href":"https:\/\/blogs2.abo.fi\/tandem\/wp-json\/wp\/v2\/pages\/199\/revisions"}],"predecessor-version":[{"id":708,"href":"https:\/\/blogs2.abo.fi\/tandem\/wp-json\/wp\/v2\/pages\/199\/revisions\/708"}],"up":[{"embeddable":true,"href":"https:\/\/blogs2.abo.fi\/tandem\/wp-json\/wp\/v2\/pages\/197"}],"wp:attachment":[{"href":"https:\/\/blogs2.abo.fi\/tandem\/wp-json\/wp\/v2\/media?parent=199"}],"curies":[{"name":"wp","href":"https:\/\/api.w.org\/{rel}","templated":true}]}}