{"id":197,"date":"2018-06-26T10:56:25","date_gmt":"2018-06-26T10:56:25","guid":{"rendered":"http:\/\/blogs2.abo.fi\/tandem\/?page_id=197"},"modified":"2025-04-28T06:47:13","modified_gmt":"2025-04-28T06:47:13","slug":"etusivu","status":"publish","type":"page","link":"https:\/\/blogs2.abo.fi\/tandem\/etusivu\/","title":{"rendered":"Etusivu"},"content":{"rendered":"<p>T\u00e4m\u00e4 verkkosivu on suunnattu kaikille, jotka ovat kiinnostuneita tandempedagogiikasta ja sen soveltamismahdollisuuksista koulukontekstissa. Esitelt\u00e4v\u00e4t tandempedagogiset mallit perustuvat useisiin kehitt\u00e4mis- ja tutkimushankkeisiin, joissa \u00c5bo Akademin Kasvatustieteiden ja hyvinvointialojen tiedekunnan tutkijat ovat yhdess\u00e4 suomen- ja ruotsinkielisten koulujen opettajien kanssa kehitt\u00e4neet ja soveltaneet tandempedagogiikkaa eri oppimisymp\u00e4rist\u00f6ihin ja kohderyhmille.<\/p>\n<h1>Ajankohtaista<\/h1>\n<h6><strong>Tandemtoiminnan kartoitus Suomessa 2025<\/strong><\/h6>\n<p>Vuodesta 2012 l\u00e4htien \u00c5bo Akademin tutkijat ovat kehitt\u00e4neet yhdess\u00e4 opettajien kanssa useita erilaisia tandemyhteisty\u00f6malleja varhaiskasvatuksesta toisen asteen koulutukseen. Nyt olemme kiinnostuneita tiet\u00e4m\u00e4\u00e4n, miss\u00e4 m\u00e4\u00e4rin ja mill\u00e4 tavoin tandemyhteisty\u00f6t\u00e4 tehd\u00e4\u00e4n Suomessa.<\/p>\n<p>Kyselylomakkeen perusteella kartoitetaan suomen- ja ruotsinkielisten koulujen ja p\u00e4iv\u00e4kotien yhteisty\u00f6t\u00e4 Suomessa. Kartoituksen suorittavat \u00c5bo Akademin tutkijat osana Tandem p\u00e5 spel-projektia. Kyselyyn vastataan anonyymisti.<\/p>\n<p>Voit osallistua kartoitukseen <a href=\"https:\/\/redcap.link\/tandem_kartlaggning_kartoitus_2025\" target=\"_blank\" rel=\"noopener\">t\u00e4st\u00e4<\/a>!<\/p>\n","protected":false},"excerpt":{"rendered":"<p>T\u00e4m\u00e4 verkkosivu on suunnattu kaikille, jotka ovat kiinnostuneita tandempedagogiikasta ja sen soveltamismahdollisuuksista koulukontekstissa. Esitelt\u00e4v\u00e4t tandempedagogiset mallit perustuvat useisiin kehitt\u00e4mis- ja tutkimushankkeisiin, joissa \u00c5bo Akademin Kasvatustieteiden ja hyvinvointialojen tiedekunnan tutkijat ovat yhdess\u00e4 suomen- ja ruotsinkielisten koulujen opettajien kanssa kehitt\u00e4neet ja soveltaneet &hellip; <a href=\"https:\/\/blogs2.abo.fi\/tandem\/etusivu\/\">Forts\u00e4tt l\u00e4sa <span class=\"meta-nav\">&rarr;<\/span><\/a><\/p>\n","protected":false},"author":409,"featured_media":0,"parent":0,"menu_order":0,"comment_status":"closed","ping_status":"closed","template":"","meta":{"footnotes":""},"class_list":["post-197","page","type-page","status-publish","hentry"],"_links":{"self":[{"href":"https:\/\/blogs2.abo.fi\/tandem\/wp-json\/wp\/v2\/pages\/197","targetHints":{"allow":["GET"]}}],"collection":[{"href":"https:\/\/blogs2.abo.fi\/tandem\/wp-json\/wp\/v2\/pages"}],"about":[{"href":"https:\/\/blogs2.abo.fi\/tandem\/wp-json\/wp\/v2\/types\/page"}],"author":[{"embeddable":true,"href":"https:\/\/blogs2.abo.fi\/tandem\/wp-json\/wp\/v2\/users\/409"}],"replies":[{"embeddable":true,"href":"https:\/\/blogs2.abo.fi\/tandem\/wp-json\/wp\/v2\/comments?post=197"}],"version-history":[{"count":8,"href":"https:\/\/blogs2.abo.fi\/tandem\/wp-json\/wp\/v2\/pages\/197\/revisions"}],"predecessor-version":[{"id":823,"href":"https:\/\/blogs2.abo.fi\/tandem\/wp-json\/wp\/v2\/pages\/197\/revisions\/823"}],"wp:attachment":[{"href":"https:\/\/blogs2.abo.fi\/tandem\/wp-json\/wp\/v2\/media?parent=197"}],"curies":[{"name":"wp","href":"https:\/\/api.w.org\/{rel}","templated":true}]}}