{"id":18,"date":"2018-06-11T11:34:26","date_gmt":"2018-06-11T11:34:26","guid":{"rendered":"http:\/\/blogs2.abo.fi\/tandem\/?page_id=18"},"modified":"2018-07-02T21:40:26","modified_gmt":"2018-07-02T21:40:26","slug":"eklasstandem","status":"publish","type":"page","link":"https:\/\/blogs2.abo.fi\/tandem\/eklasstandem\/","title":{"rendered":"Eklasstandem"},"content":{"rendered":"<p>Eklasstandem bygger p\u00e5 de kunskaper och erfarenheter som genererats inom projektet <em>Klasstandem <\/em>(2012\u20142015).\u00a0Klasstandem\u00a0som modell f\u00f6r undervisning i det andra inhemska spr\u00e5ket bygger p\u00e5 fysiska m\u00f6ten mellan finsk- och svenskspr\u00e5kiga elever.\u00a0Dessa m\u00f6ten \u00e4r dock inte m\u00f6jliga att ordna i alla skolor i Finland. D\u00e4rf\u00f6r beh\u00f6vs en virtuell till\u00e4mpning av denna modell, dvs. <em>eklasstandem<\/em>.\u00a0Virtuella l\u00e4rmilj\u00f6er g\u00f6r det m\u00f6jligt \u00e4ven f\u00f6r skolor p\u00e5 starkt enspr\u00e5kiga orter eller med l\u00e5ngt avst\u00e5nd till andra skolor att inkludera tandemverksamhet i sin spr\u00e5kundervisning.<\/p>\n<p>Syftet med projektet Eklasstandem\u00a0\u00e4r att klasstandemmodellen, med hj\u00e4lp av informations- och kommunikationsteknologi, tillg\u00e4ngligg\u00f6rs f\u00f6r alla skolor i Finland. D\u00e4rf\u00f6r har\u00a0projektgruppens forskare, l\u00e4rare och IKT-pedagog sammanst\u00e4llt en webbsida d\u00e4r vi beskriver eklasstandemmodellen som utvecklats i projektet, ger praktisk handledning, beskriver fungerande klassrumspraxis samt ger exempel p\u00e5 uppgiftstyper och digitala verktyg som kan anv\u00e4ndas i eklasstandem.<\/p>\n<p><a href=\"http:\/\/blogs2.abo.fi\/eklasstandem\/\"><strong>Eklasstandem webbsida<\/strong><\/a><\/p>\n","protected":false},"excerpt":{"rendered":"<p>Eklasstandem bygger p\u00e5 de kunskaper och erfarenheter som genererats inom projektet Klasstandem (2012\u20142015).\u00a0Klasstandem\u00a0som modell f\u00f6r undervisning i det andra inhemska spr\u00e5ket bygger p\u00e5 fysiska m\u00f6ten mellan finsk- och svenskspr\u00e5kiga elever.\u00a0Dessa m\u00f6ten \u00e4r dock inte m\u00f6jliga att ordna i alla skolor &hellip; <a href=\"https:\/\/blogs2.abo.fi\/tandem\/eklasstandem\/\">Forts\u00e4tt l\u00e4sa <span class=\"meta-nav\">&rarr;<\/span><\/a><\/p>\n","protected":false},"author":409,"featured_media":0,"parent":0,"menu_order":0,"comment_status":"closed","ping_status":"closed","template":"","meta":{"footnotes":""},"class_list":["post-18","page","type-page","status-publish","hentry"],"_links":{"self":[{"href":"https:\/\/blogs2.abo.fi\/tandem\/wp-json\/wp\/v2\/pages\/18","targetHints":{"allow":["GET"]}}],"collection":[{"href":"https:\/\/blogs2.abo.fi\/tandem\/wp-json\/wp\/v2\/pages"}],"about":[{"href":"https:\/\/blogs2.abo.fi\/tandem\/wp-json\/wp\/v2\/types\/page"}],"author":[{"embeddable":true,"href":"https:\/\/blogs2.abo.fi\/tandem\/wp-json\/wp\/v2\/users\/409"}],"replies":[{"embeddable":true,"href":"https:\/\/blogs2.abo.fi\/tandem\/wp-json\/wp\/v2\/comments?post=18"}],"version-history":[{"count":5,"href":"https:\/\/blogs2.abo.fi\/tandem\/wp-json\/wp\/v2\/pages\/18\/revisions"}],"predecessor-version":[{"id":304,"href":"https:\/\/blogs2.abo.fi\/tandem\/wp-json\/wp\/v2\/pages\/18\/revisions\/304"}],"wp:attachment":[{"href":"https:\/\/blogs2.abo.fi\/tandem\/wp-json\/wp\/v2\/media?parent=18"}],"curies":[{"name":"wp","href":"https:\/\/api.w.org\/{rel}","templated":true}]}}