{"id":178,"date":"2018-06-14T23:12:30","date_gmt":"2018-06-14T23:12:30","guid":{"rendered":"http:\/\/blogs2.abo.fi\/tandem\/?page_id=178"},"modified":"2026-01-02T10:47:30","modified_gmt":"2026-01-02T10:47:30","slug":"kontakt","status":"publish","type":"page","link":"https:\/\/blogs2.abo.fi\/tandem\/kontakt\/","title":{"rendered":"Kontakt"},"content":{"rendered":"<p><strong>Projektledare:<\/strong><br \/>\nMichaela P\u00f6rn<br \/>\nmichaela.poern(a)abo.fi<\/p>\n<p><strong>Projektforskare:<\/strong><br \/>\nKatri Hansell<br \/>\nkatri.hansell(a)abo.fi<br \/>\nKontaktas vid best\u00e4llning av fysisk handbok om klasstandem.<br \/>\nKontaktas vid fr\u00e5gor om webbsidan.<\/p>\n<p><strong>Projektet bedrivs vid \u00c5bo Akademi i Vasa<\/strong><\/p>\n<p><img loading=\"lazy\" decoding=\"async\" class=\"aligncenter wp-image-566 size-large\" src=\"http:\/\/blogs2.abo.fi\/tandem\/wp-content\/uploads\/sites\/93\/2020\/08\/\u00c5bo-akademi-kontaktuppgifter-svenska-1024x388.png\" alt=\"\" width=\"584\" height=\"221\" srcset=\"https:\/\/blogs2.abo.fi\/tandem\/wp-content\/uploads\/sites\/93\/2020\/08\/\u00c5bo-akademi-kontaktuppgifter-svenska-1024x388.png 1024w, https:\/\/blogs2.abo.fi\/tandem\/wp-content\/uploads\/sites\/93\/2020\/08\/\u00c5bo-akademi-kontaktuppgifter-svenska-300x114.png 300w, https:\/\/blogs2.abo.fi\/tandem\/wp-content\/uploads\/sites\/93\/2020\/08\/\u00c5bo-akademi-kontaktuppgifter-svenska-768x291.png 768w, https:\/\/blogs2.abo.fi\/tandem\/wp-content\/uploads\/sites\/93\/2020\/08\/\u00c5bo-akademi-kontaktuppgifter-svenska-500x189.png 500w, https:\/\/blogs2.abo.fi\/tandem\/wp-content\/uploads\/sites\/93\/2020\/08\/\u00c5bo-akademi-kontaktuppgifter-svenska.png 1167w\" sizes=\"auto, (max-width: 584px) 100vw, 584px\" \/><\/p>\n","protected":false},"excerpt":{"rendered":"<p>Projektledare: Michaela P\u00f6rn michaela.poern(a)abo.fi Projektforskare: Katri Hansell katri.hansell(a)abo.fi Kontaktas vid best\u00e4llning av fysisk handbok om klasstandem. Kontaktas vid fr\u00e5gor om webbsidan. Projektet bedrivs vid \u00c5bo Akademi i Vasa<\/p>\n","protected":false},"author":409,"featured_media":0,"parent":0,"menu_order":0,"comment_status":"closed","ping_status":"closed","template":"","meta":{"footnotes":""},"class_list":["post-178","page","type-page","status-publish","hentry"],"_links":{"self":[{"href":"https:\/\/blogs2.abo.fi\/tandem\/wp-json\/wp\/v2\/pages\/178","targetHints":{"allow":["GET"]}}],"collection":[{"href":"https:\/\/blogs2.abo.fi\/tandem\/wp-json\/wp\/v2\/pages"}],"about":[{"href":"https:\/\/blogs2.abo.fi\/tandem\/wp-json\/wp\/v2\/types\/page"}],"author":[{"embeddable":true,"href":"https:\/\/blogs2.abo.fi\/tandem\/wp-json\/wp\/v2\/users\/409"}],"replies":[{"embeddable":true,"href":"https:\/\/blogs2.abo.fi\/tandem\/wp-json\/wp\/v2\/comments?post=178"}],"version-history":[{"count":14,"href":"https:\/\/blogs2.abo.fi\/tandem\/wp-json\/wp\/v2\/pages\/178\/revisions"}],"predecessor-version":[{"id":830,"href":"https:\/\/blogs2.abo.fi\/tandem\/wp-json\/wp\/v2\/pages\/178\/revisions\/830"}],"wp:attachment":[{"href":"https:\/\/blogs2.abo.fi\/tandem\/wp-json\/wp\/v2\/media?parent=178"}],"curies":[{"name":"wp","href":"https:\/\/api.w.org\/{rel}","templated":true}]}}