{"id":172,"date":"2018-06-14T23:06:56","date_gmt":"2018-06-14T23:06:56","guid":{"rendered":"http:\/\/blogs2.abo.fi\/tandem\/?page_id=172"},"modified":"2020-03-16T15:28:12","modified_gmt":"2020-03-16T15:28:12","slug":"handboken-om-klasstandem","status":"publish","type":"page","link":"https:\/\/blogs2.abo.fi\/tandem\/handboken-om-klasstandem\/","title":{"rendered":"Handboken om klasstandem"},"content":{"rendered":"<p><em>Klasstandem &#8211; En resa \u00f6ver spr\u00e5kgr\u00e4nsen. Luokkatandem &#8211; matka yli kielirajan<\/em>. L\u00f6f, \u00c5., Koskinen, H., P\u00f6rn, M., Hansell, K. &amp; Korhonen, A., Engberg, C. (2016). \u00c5bo Akademi. Pedagogik och v\u00e4lf\u00e4rdsstudier.<\/p>\n<p>(Bl\u00e4dderbar e-bok)\u00a0<a href=\"http:\/\/web.abo.fi\/e-mag\/klasstandem\/index.html\" rel=\"nofollow\">web.abo.fi\/e-mag\/klasstandem\/index.html<\/a><\/p>\n<p>(Bl\u00e4dderbar e-bok f\u00f6r mobiltelefonen)\u00a0<a href=\"http:\/\/web.abo.fi\/e-mag\/klasstandem\/mobile\/index.html\" rel=\"nofollow\">web.abo.fi\/e-mag\/klasstandem\/mobile\/index.html<\/a><\/p>\n<p>(Vanlig PDF-fil)\u00a0<a href=\"http:\/\/web.abo.fi\/e-mag\/klasstandem\/pdf.pdf\" rel=\"nofollow\">web.abo.fi\/e-mag\/klasstandem\/pdf.pdf<\/a><\/p>\n<div>Boken kan ocks\u00e5 best\u00e4llas som pappersversion (se <a href=\"http:\/\/blogs2.abo.fi\/tandem\/kontakt\/\"><em>Kontakta oss<\/em><\/a>) (begr\u00e4nsad m\u00e4ngd).<\/div>\n","protected":false},"excerpt":{"rendered":"<p>Klasstandem &#8211; En resa \u00f6ver spr\u00e5kgr\u00e4nsen. Luokkatandem &#8211; matka yli kielirajan. L\u00f6f, \u00c5., Koskinen, H., P\u00f6rn, M., Hansell, K. &amp; Korhonen, A., Engberg, C. (2016). \u00c5bo Akademi. Pedagogik och v\u00e4lf\u00e4rdsstudier. (Bl\u00e4dderbar e-bok)\u00a0web.abo.fi\/e-mag\/klasstandem\/index.html (Bl\u00e4dderbar e-bok f\u00f6r mobiltelefonen)\u00a0web.abo.fi\/e-mag\/klasstandem\/mobile\/index.html (Vanlig PDF-fil)\u00a0web.abo.fi\/e-mag\/klasstandem\/pdf.pdf Boken kan &hellip; <a href=\"https:\/\/blogs2.abo.fi\/tandem\/handboken-om-klasstandem\/\">Forts\u00e4tt l\u00e4sa <span class=\"meta-nav\">&rarr;<\/span><\/a><\/p>\n","protected":false},"author":409,"featured_media":0,"parent":0,"menu_order":0,"comment_status":"closed","ping_status":"closed","template":"","meta":{"footnotes":""},"class_list":["post-172","page","type-page","status-publish","hentry"],"_links":{"self":[{"href":"https:\/\/blogs2.abo.fi\/tandem\/wp-json\/wp\/v2\/pages\/172","targetHints":{"allow":["GET"]}}],"collection":[{"href":"https:\/\/blogs2.abo.fi\/tandem\/wp-json\/wp\/v2\/pages"}],"about":[{"href":"https:\/\/blogs2.abo.fi\/tandem\/wp-json\/wp\/v2\/types\/page"}],"author":[{"embeddable":true,"href":"https:\/\/blogs2.abo.fi\/tandem\/wp-json\/wp\/v2\/users\/409"}],"replies":[{"embeddable":true,"href":"https:\/\/blogs2.abo.fi\/tandem\/wp-json\/wp\/v2\/comments?post=172"}],"version-history":[{"count":5,"href":"https:\/\/blogs2.abo.fi\/tandem\/wp-json\/wp\/v2\/pages\/172\/revisions"}],"predecessor-version":[{"id":509,"href":"https:\/\/blogs2.abo.fi\/tandem\/wp-json\/wp\/v2\/pages\/172\/revisions\/509"}],"wp:attachment":[{"href":"https:\/\/blogs2.abo.fi\/tandem\/wp-json\/wp\/v2\/media?parent=172"}],"curies":[{"name":"wp","href":"https:\/\/api.w.org\/{rel}","templated":true}]}}