{"id":16,"date":"2018-06-11T10:54:37","date_gmt":"2018-06-11T10:54:37","guid":{"rendered":"http:\/\/blogs2.abo.fi\/tandem\/?page_id=16"},"modified":"2021-10-15T08:01:52","modified_gmt":"2021-10-15T08:01:52","slug":"klasstandem","status":"publish","type":"page","link":"https:\/\/blogs2.abo.fi\/tandem\/klasstandem\/","title":{"rendered":"Klasstandem"},"content":{"rendered":"<p id=\"wnd_TextBlock_32375_inner_1\" class=\"wnd-align-justify\">I tandem samtalar tv\u00e5 m\u00e4nniskor med olika modersm\u00e5l med varandra f\u00f6r att l\u00e4ra sig varandras spr\u00e5k. Partnerna v\u00e4xlar mellan spr\u00e5ken, vilket leder till att de fungerar turvis som l\u00e4rande part och turvis som spr\u00e5kmodell och st\u00f6d p\u00e5 det egna modersm\u00e5let. Samarbetet bygger dels p\u00e5 \u00f6msesidighet, dvs. att b\u00e5da parter gynnas av samarbetet, och dels p\u00e5 inl\u00e4rarautonomi, dvs. att man parallellt med spr\u00e5kl\u00e4randet ocks\u00e5 l\u00e4r sig att planera, styra och utv\u00e4rdera den egna l\u00e4randeprocessen.<\/p>\n<p id=\"wnd_TextBlock_32375_inner_2\" class=\"wnd-align-justify\"><span class=\"wsw-02\">Klasstandem \u00e4r en modell f\u00f6r spr\u00e5kundervisning. I klasstandem bildar tv\u00e5 elever eller studerande med olika modersm\u00e5l par och samarbetar med varandra f\u00f6r att l\u00e4ra sig varandras spr\u00e5k. Klasstandem som modell f\u00f6ruts\u00e4tter ungef\u00e4r j\u00e4mnstora elevgrupper p\u00e5 vartdera spr\u00e5ket. M\u00e5let med klasstandem \u00e4r att skapa situationer d\u00e4r elever eller studerande fr\u00e5n respektive spr\u00e5kgrupp kan m\u00f6tas i autentisk interaktion och p\u00e5 ett j\u00e4mst\u00e4llt s\u00e4tt anv\u00e4nda och utveckla sina f\u00e4rdigheter i varandras spr\u00e5k. L\u00e4s mer om projektet <a href=\"http:\/\/blogs2.abo.fi\/tandem\/projektet-klasstandem\/\">h\u00e4r<\/a>. Den virtuella formen av klasstandem heter <a href=\"http:\/\/blogs2.abo.fi\/tandem\/eklasstandem\/\"><em>eklasstandem<\/em><\/a>.\u00a0<\/span><\/p>\n<p id=\"wnd_TextBlock_32375_inner_4\" class=\"wnd-align-justify\"><span class=\"wsw-02\">L\u00e4s mer om praktiska arrangemang <a href=\"http:\/\/blogs2.abo.fi\/tandem\/praktiska-arrangemang\/\">h\u00e4r.<\/a><\/span><\/p>\n","protected":false},"excerpt":{"rendered":"<p>I tandem samtalar tv\u00e5 m\u00e4nniskor med olika modersm\u00e5l med varandra f\u00f6r att l\u00e4ra sig varandras spr\u00e5k. Partnerna v\u00e4xlar mellan spr\u00e5ken, vilket leder till att de fungerar turvis som l\u00e4rande part och turvis som spr\u00e5kmodell och st\u00f6d p\u00e5 det egna modersm\u00e5let. &hellip; <a href=\"https:\/\/blogs2.abo.fi\/tandem\/klasstandem\/\">Forts\u00e4tt l\u00e4sa <span class=\"meta-nav\">&rarr;<\/span><\/a><\/p>\n","protected":false},"author":409,"featured_media":0,"parent":0,"menu_order":0,"comment_status":"closed","ping_status":"closed","template":"","meta":{"footnotes":""},"class_list":["post-16","page","type-page","status-publish","hentry"],"_links":{"self":[{"href":"https:\/\/blogs2.abo.fi\/tandem\/wp-json\/wp\/v2\/pages\/16","targetHints":{"allow":["GET"]}}],"collection":[{"href":"https:\/\/blogs2.abo.fi\/tandem\/wp-json\/wp\/v2\/pages"}],"about":[{"href":"https:\/\/blogs2.abo.fi\/tandem\/wp-json\/wp\/v2\/types\/page"}],"author":[{"embeddable":true,"href":"https:\/\/blogs2.abo.fi\/tandem\/wp-json\/wp\/v2\/users\/409"}],"replies":[{"embeddable":true,"href":"https:\/\/blogs2.abo.fi\/tandem\/wp-json\/wp\/v2\/comments?post=16"}],"version-history":[{"count":9,"href":"https:\/\/blogs2.abo.fi\/tandem\/wp-json\/wp\/v2\/pages\/16\/revisions"}],"predecessor-version":[{"id":610,"href":"https:\/\/blogs2.abo.fi\/tandem\/wp-json\/wp\/v2\/pages\/16\/revisions\/610"}],"wp:attachment":[{"href":"https:\/\/blogs2.abo.fi\/tandem\/wp-json\/wp\/v2\/media?parent=16"}],"curies":[{"name":"wp","href":"https:\/\/api.w.org\/{rel}","templated":true}]}}