{"id":14,"date":"2018-06-11T10:54:26","date_gmt":"2018-06-11T10:54:26","guid":{"rendered":"http:\/\/blogs2.abo.fi\/tandem\/?page_id=14"},"modified":"2022-09-20T13:46:45","modified_gmt":"2022-09-20T13:46:45","slug":"handelsekalender","status":"publish","type":"page","link":"https:\/\/blogs2.abo.fi\/tandem\/startsida\/handelsekalender\/","title":{"rendered":"H\u00e4ndelsekalender"},"content":{"rendered":"<p><strong>L\u00e4s\u00e5ret 2021-2022<\/strong><\/p>\n<p style=\"padding-left: 40px\"><strong>29.10.2021<\/strong> h\u00e5lls ett tv\u00e5spr\u00e5kigt slutseminarium tillsammans med DIDIA som ocks\u00e5 \u00e4r ett projekt inom Hall\u00e5!-programmet. Mer information <a href=\"https:\/\/blogs2.abo.fi\/allasprakmed\/samarbete\/\" target=\"_blank\" rel=\"noopener\">h\u00e4r<\/a>.<\/p>\n<p><strong>L\u00e4s\u00e5ret 2020-2021<\/strong><\/p>\n<p style=\"padding-left: 40px\"><strong>22.4.2021<\/strong> Johdatus Eluokkatandemiin &#8211; Introduktion till Eklasstandem. Webinarium anordnat av svenska.nu-n\u00e4tverket. Video fr\u00e5n webinariet <a href=\"https:\/\/www.youtube.com\/watch?v=Pr_xUW4U1cM&amp;ab_channel=Hanaholmen-Kulturcentrumf%C3%B6rSverigeochFinland\" target=\"_blank\" rel=\"noopener\">h\u00e4r<\/a>.<\/p>\n<p><strong>L\u00e4s\u00e5ret 2019\u20132020<\/strong><\/p>\n<p style=\"padding-left: 40px\"><strong>6.2.2020 <\/strong>VAKKI-symposium i Vasa, Katri Hansell &amp; Sandra B\u00e4ck &#8211; L\u00e4rarens interaktion i virtuell tandemundervisning. <a href=\"https:\/\/www.univaasa.fi\/fi\/sites\/vakki\/symposia\/symposiumi_2020\/vakki_program_final.pdf\" target=\"_blank\" rel=\"noopener noreferrer\">Symposiets program.<\/a><\/p>\n<p style=\"padding-left: 40px\"><strong>4-5.2.2020 <\/strong>Fortbildning Spr\u00e5klig och kulturell gl\u00e4dje, Modul 1: Tandem. Samarbete med Helsingfors universitet. Helsingfors.<\/p>\n<p style=\"padding-left: 40px\"><strong>14.1.2020 <\/strong>Alla spr\u00e5k med! Kaikki kielet mukaan! &#8211; mellanseminarium och workshop. \u00c5bo Akademi, Vasa.<\/p>\n<p style=\"padding-left: 40px\"><strong>8-9.10.2019 <\/strong>Fortbildning Spr\u00e5kp\u00e4rla 4, Katri Hansell &#8211; f\u00f6rel\u00e4sningen Spr\u00e5kberikad sm\u00e5barnspedagogik &#8211; Spr\u00e5kduschtandem och Kielistigen. Helsingfors.<\/p>\n<p style=\"padding-left: 40px\"><strong>7.10.2019 <\/strong>Fortbildning Spr\u00e5kp\u00e4rla 4, Katri Hansell &#8211; f\u00f6rel\u00e4sningen Spr\u00e5kberikad<br \/>\nsm\u00e5barnspedagogik &#8211; Spr\u00e5kduschtandem och Kielistigen. Vasa.<\/p>\n<p style=\"padding-left: 40px\"><strong>3-4.10.2019 <\/strong>Konferensen Noralf 2019: Aktionsforskning och h\u00e5llbarhet &#8211;<br \/>\nf\u00f6r\u00e4ndringskraft, tillit och ansvar, G\u00f6teborg. Katri Hansell &amp; Marina Bendtsen, presentationen Aktionsforskningsorienterat forskar-l\u00e4rarsamarbete f\u00f6r utveckling av spr\u00e5k\u00f6verskridande samarbetsmodeller<br \/>\n<a href=\"https:\/\/ips.gu.se\/samverkan\/natverk\/nnaf\/konferenser\/noralf2019\" target=\"_blank\" rel=\"noopener noreferrer\">https:\/\/ips.gu.se\/samverkan\/natverk\/nnaf\/konferenser\/noralf2019<\/a><\/p>\n<p><strong>L\u00e4s\u00e5ret 2018\u20132019<\/strong><\/p>\n<p style=\"padding-left: 40px\"><strong>26.10.2018\u00a0<\/strong>Tandem tema-tr\u00e4ff, LinguaVaasa, Vasa Universitet<br \/>\n<strong>23.10.2018\u00a0<\/strong>Kick off-seminarium f\u00f6r projektet Alla spr\u00e5k med!\u00a0<span lang=\"FI\">Kaikki kielet mukaan!<\/span><span lang=\"FI\"> \u00c5bo Akademi i Vasa<br \/>\n<\/span><span lang=\"FI\"><strong>4-7.9.2018\u00a0<\/strong>The European Conference on Educational Research (ECER ), Bolzano, Italien. <a href=\"https:\/\/eera-ecer.de\/ecer-2018-bolzano\/\">https:\/\/eera-ecer.de\/ecer-2018-bolzano\/<\/a><\/span><\/p>\n<p><strong>L\u00e4s\u00e5ret 2017\u20132018<\/strong><\/p>\n<p style=\"padding-left: 40px\"><strong>7\u20139.5.2018 <\/strong>Nordisk l\u00e4rarutbildningskonferens 2018, \u00c5bo Akademi Vasa (<a href=\"https:\/\/www.abo.fi\/evenemang\/nordisk-lararutbildningskonferens-2018\/\" target=\"_blank\" rel=\"noopener noreferrer\">Info<\/a>)<strong><br \/>\n5.5.2018<\/strong> Hanaholmen, Esbo. Fortbildningsdagar f\u00f6r sverigefinl\u00e4ndska l\u00e4rare.<br \/>\n(<a href=\"https:\/\/www.hanaholmen.fi\/sv\/event\/fortbildningsdagar-for-sverigefinlandska-larare-2018\/\" target=\"_blank\" rel=\"noopener noreferrer\">Info<\/a>)\u00a0Arrang\u00f6rer: Sveriges finska l\u00e4rarf\u00f6rbund SFil\u00a0och Hanaholmen &#8211;<br \/>\nkulturcentrum f\u00f6r Sverige och Finland<br \/>\n<strong>3.2.2018<\/strong> Fortbildning i Peders\u00f6re<br \/>\n<strong>5.2.2018<\/strong> Fortbildning i Hanaholmen, Esbo<br \/>\n<strong>6.2.2018<\/strong> Fortbildning i Tammerfors<br \/>\n<strong>20.2.2018<\/strong> Fortbildning i (Kuopio) <strong>OBS! flyttad till Jyv\u00e4skyl\u00e4<br \/>\n<\/strong><strong>21.2.2018<\/strong> Fortbildning i Ule\u00e5borg&#8217;<br \/>\nMer information och am\u00e4lning via <a href=\"http:\/\/svenskanu.fi\/eklasstandem\/\" target=\"_blank\" rel=\"nofollow noopener noreferrer\">svenskanu.fi\u00a0<\/a><\/p>\n<p><strong>L\u00e4s\u00e5ret 2016\u20132017<\/strong><\/p>\n<p style=\"padding-left: 40px\"><strong>31.7\u20132.8.2017<\/strong> SRO-sommarkurs f\u00f6r svenskl\u00e4rare i Hanaholmen, Esbo<br \/>\n<strong>23\u201325.3.2017<\/strong><a href=\"http:\/\/tandem2017.fmz.uni-greifswald.de\/tandem2017\/blog\/2017\/04\/05\/tagungsbeitraege-und-praesentationen\/\" target=\"_blank\" rel=\"nofollow noopener noreferrer\"><em> Foreign Language Learning in Tandem for Higher Education<\/em><\/a>,\u00a0Greifswald, Tyskland<br \/>\n<strong>23.1.2017<\/strong>\u00a0<a href=\"http:\/\/www.kieliverkosto.fi\/tapahtuma\/forum-for-finsklarare-23-1-2017-tammerfors\/\" target=\"_blank\" rel=\"nofollow noopener noreferrer\"><em>Forum f\u00f6r finskl\u00e4rare<\/em><\/a>, Tammerfors<br \/>\n<strong>14.12.2016\u00a0<\/strong>L\u00e4rarseminarium\u00a0<em>Pohjola-Norden i skolan<\/em>, Tammerfors<br \/>\n<strong>11.10.2016<\/strong>\u00a0<em>Gymnasieforum<\/em>, Utbildningsstyrelsen, Helsingfors<br \/>\n<strong>6.10.2016<\/strong>\u00a0DiDiDi-seminarium\u00a0<em>Projekt m\u00f6ter projekt<\/em>, Vasa<\/p>\n<div>\n<p><strong>L\u00e4s\u00e5ret 2015\u20132016<\/strong><\/p>\n<p style=\"padding-left: 40px\"><strong>19.11.2015<\/strong> Pedagogiska vetenskapsdagarna i Vasa,\u00a0<a href=\"https:\/\/kasvatustieteenpaivat2015sve.wordpress.com\/callforabstracts\/symposier\/\" target=\"_blank\" rel=\"nofollow noopener noreferrer\">Symposium<\/a><br \/>\n<strong>11\u201312.2.2016<\/strong>\u00a0VAKKI-symposium i Vasa,\u00a0<a href=\"http:\/\/www.uva.fi\/sv\/sites\/vakki\/symposia\/symposium2016\/program\/\" target=\"_blank\" rel=\"nofollow noopener noreferrer\">Symposiets program<\/a><br \/>\n<strong>18\u201319.4.2016<\/strong>\u00a0Spr\u00e5k s\u00e5 in i Norden, Stockholm, Sverige<br \/>\n<strong>28.4.2016<\/strong> Tandemseminarium i Vasa, Handboken om Klasstandem lanseras, \u00a0 \u00a0 \u00a0 \u00a0 \u00a0 \u00a0 \u00a0 \u00a0 \u00a0 \u00a0 \u00a0\u00a0 <a href=\"http:\/\/files.klasstandem.webnode.se\/200000068-c8bf2c9b74\/Seminariets%20program.jpg\" target=\"_blank\" rel=\"nofollow noopener noreferrer\">Seminariets program <\/a><\/p>\n<p>Presentationer p\u00e5 seminariet:<\/p>\n<div style=\"padding-left: 30px\"><a href=\"http:\/\/files.klasstandem.webnode.se\/200000070-469cd47968\/Tandemseminarium%2028.4.2016,%20Katri%20Hansell%20-%20Michaela%20P%C3%B6rn.pdf\" target=\"_blank\" rel=\"nofollow noopener noreferrer\">&#8221;Vad \u00e4r tandempedagogik \u2013 Mit\u00e4 on tandempedagogiikka?&#8221; Katri Hansell &amp; Michaela P\u00f6rn<\/a><\/div>\n<div style=\"padding-left: 30px\"><a href=\"http:\/\/files.klasstandem.webnode.se\/200000071-cdc30cebc7\/Tandemseminarium%2028.4.2016,%20%C3%85sa%20L%C3%B6f%20-%20Heli%20Koskinen.pdf\" target=\"_blank\" rel=\"nofollow noopener noreferrer\">&#8221;Klasstandem \u2013 enemm\u00e4n kuin pelkk\u00e4\u00e4 kieltenopetusta&#8221; \u00c5sa L\u00f6f &amp; Heli Koskinen<\/a><\/div>\n<div style=\"padding-left: 30px\">\u00a0<a href=\"https:\/\/klasstandem.com\/_files\/200000073-6c40f6d384\/Marit_Sirpa_Tandemsemi_2016.pdf\" target=\"_blank\" rel=\"noopener noreferrer\">&#8221;Universitetstandem \u2013 Yliopistotandem&#8221; Marit West-Sj\u00f6holm &amp; Sirpa Sipola<\/a><\/div>\n<div>\n<p style=\"padding-left: 30px\">\u00a0<a href=\"http:\/\/files.klasstandem.webnode.se\/200000072-ca45bcb3ed\/eKlasstandem%2028.4,%20Charlotta%20Engberg%20-%20Simon%20Hansell.pdf\" target=\"_blank\" rel=\"nofollow noopener noreferrer\">&#8221;eLuokkatandem \u2013 klasstandem f\u00f6r virtuella l\u00e4rmilj\u00f6er&#8221; Charlotta Engberg &amp; Simon Hansell<\/a><\/p>\n<\/div>\n<div><\/div>\n<p><strong>L\u00e4s\u00e5ret 2014\u20132015<\/strong><\/p>\n<p style=\"padding-left: 40px\"><strong>16.11.2014\u00a0<\/strong>Min\u00e4 &amp; Tiede-f\u00f6rel\u00e4sning om Klasstandem i Sein\u00e4joki<br \/>\n<strong>18.11.2014\u00a0<\/strong>Min\u00e4 &amp; Tiede-f\u00f6rel\u00e4sning om Klasstandem i Vasa<br \/>\n<strong>30.9.2014\u00a0<\/strong>Tv\u00e5spr\u00e5kighetsdag vid Lykeion i Vasa<br \/>\n<strong>L\u00e4s\u00e5ret 2014\u20132015\u00a0<\/strong>Fortbildning f\u00f6r finskl\u00e4rare (CLL) vid \u00c5bo Akademi Vasa<br \/>\n<a href=\"https:\/\/klasstandem.com\/_files\/200000039-52d7153d01\/Kursbroschyr_Klasstandem_2014-2015.pdf\" target=\"_blank\" rel=\"noopener noreferrer\">Kursbroschyr<\/a><\/p>\n<\/div>\n<div><\/div>\n<p><strong>L\u00e4s\u00e5ret 2013\u20132014<\/strong><\/p>\n<p style=\"padding-left: 40px\"><strong>23.4.2014<\/strong>\u00a0<a href=\"http:\/\/files.klasstandem.webnode.se\/200000036-861b28715f\/programblad_seminarium23.4.2014.docx\" target=\"_blank\" rel=\"nofollow noopener noreferrer\">Spr\u00e5km\u00f6ten &#8221;Fr\u00e5n samlokaliserade skolor till tv\u00e5spr\u00e5kiga skolor?&#8221;<br \/>\n<\/a><strong>12\u201314.4.2014<\/strong>\u00a0<a href=\"http:\/\/www.hanaholmen.fi\/fi\/kulttuurikeskus\/ohjelmakalenteri\/details\/1008-vilda-vasterbotten-i-umea\" target=\"_blank\" rel=\"nofollow noopener noreferrer\">Vilda V\u00e4sterbotten \u2013 en fortbildnings- och kulturresa<br \/>\n<\/a><strong>13\u201314.2.2014<\/strong> <a href=\"https:\/\/www.jyu.fi\/edu\/tutkimus\/ainedida2014\" target=\"_blank\" rel=\"nofollow noopener noreferrer\">Ainedidaktiikan p\u00e4iv\u00e4t i Jyv\u00e4skyl\u00e4<\/a><\/p>\n","protected":false},"excerpt":{"rendered":"<p>L\u00e4s\u00e5ret 2021-2022 29.10.2021 h\u00e5lls ett tv\u00e5spr\u00e5kigt slutseminarium tillsammans med DIDIA som ocks\u00e5 \u00e4r ett projekt inom Hall\u00e5!-programmet. Mer information h\u00e4r. L\u00e4s\u00e5ret 2020-2021 22.4.2021 Johdatus Eluokkatandemiin &#8211; Introduktion till Eklasstandem. Webinarium anordnat av svenska.nu-n\u00e4tverket. Video fr\u00e5n webinariet h\u00e4r. L\u00e4s\u00e5ret 2019\u20132020 6.2.2020 &hellip; <a href=\"https:\/\/blogs2.abo.fi\/tandem\/startsida\/handelsekalender\/\">Forts\u00e4tt l\u00e4sa <span class=\"meta-nav\">&rarr;<\/span><\/a><\/p>\n","protected":false},"author":409,"featured_media":0,"parent":9,"menu_order":1,"comment_status":"closed","ping_status":"closed","template":"","meta":{"footnotes":""},"class_list":["post-14","page","type-page","status-publish","hentry"],"_links":{"self":[{"href":"https:\/\/blogs2.abo.fi\/tandem\/wp-json\/wp\/v2\/pages\/14","targetHints":{"allow":["GET"]}}],"collection":[{"href":"https:\/\/blogs2.abo.fi\/tandem\/wp-json\/wp\/v2\/pages"}],"about":[{"href":"https:\/\/blogs2.abo.fi\/tandem\/wp-json\/wp\/v2\/types\/page"}],"author":[{"embeddable":true,"href":"https:\/\/blogs2.abo.fi\/tandem\/wp-json\/wp\/v2\/users\/409"}],"replies":[{"embeddable":true,"href":"https:\/\/blogs2.abo.fi\/tandem\/wp-json\/wp\/v2\/comments?post=14"}],"version-history":[{"count":35,"href":"https:\/\/blogs2.abo.fi\/tandem\/wp-json\/wp\/v2\/pages\/14\/revisions"}],"predecessor-version":[{"id":709,"href":"https:\/\/blogs2.abo.fi\/tandem\/wp-json\/wp\/v2\/pages\/14\/revisions\/709"}],"up":[{"embeddable":true,"href":"https:\/\/blogs2.abo.fi\/tandem\/wp-json\/wp\/v2\/pages\/9"}],"wp:attachment":[{"href":"https:\/\/blogs2.abo.fi\/tandem\/wp-json\/wp\/v2\/media?parent=14"}],"curies":[{"name":"wp","href":"https:\/\/api.w.org\/{rel}","templated":true}]}}