{"id":1646,"date":"2024-05-14T08:24:52","date_gmt":"2024-05-14T08:24:52","guid":{"rendered":"https:\/\/blogs2.abo.fi\/talentboost-fse\/?page_id=1646"},"modified":"2024-05-15T08:00:41","modified_gmt":"2024-05-15T08:00:41","slug":"finvironment-podcast","status":"publish","type":"page","link":"https:\/\/blogs2.abo.fi\/talentboost-fse\/finvironment-podcast\/","title":{"rendered":"Finvironment &#8211; Podcast"},"content":{"rendered":"<div class=\"wp-block-image\">\n<figure class=\"aligncenter size-medium\"><img loading=\"lazy\" decoding=\"async\" class=\"alignnone size-medium wp-image-672\" src=\"http:\/\/blogs2.abo.fi\/talentboost-fse\/wp-content\/uploads\/sites\/203\/2023\/01\/cropped-TBlogocolored.png\" alt=\"\" width=\"300\" height=\"300\" \/><\/figure>\n<\/div>\n<h2 class=\"alignfull has-text-align-center has-white-color has-dark-gray-background-color has-text-color has-background\" style=\"line-height: 1\">Finvironment<\/h2>\n<div class=\"wp-block-column alignwide\">\n<p><strong>Finvironment <\/strong>is a podcast about living, studying, working \u2013 and surviving \u2013 in Finland as international people. Some episodes are specifically focused on living in Turku\/\u00c5bo and the services offered by the city.<\/p>\n<p style=\"margin-bottom: 20px\">\n<p> <!-- Empty paragraph for spacing --><\/p>\n<p><em>Finvironment was created and produced by the Talent Boost FSEJ team at \u00c5bo Akademi, and hosted by Angelica Conti and Bogl\u00e1rka Sel\u00e9nyi. It can be found on Spotify (you don&#8217;t need to register to listen to the episodes).<\/em><\/p>\n<p style=\"margin-bottom: 20px\">\n<p> <!-- Empty paragraph for spacing --><\/p>\n<p><strong>Episodes&#8217; list:<\/strong><\/p>\n<p style=\"margin-bottom: 20px\">\n<p> <!-- Empty paragraph for spacing --><\/p>\n<ul>\n<li><a href=\"https:\/\/open.spotify.com\/episode\/4QfUC9x3dsM2vzKAPBjjxq?si=1beb859d648844d9\" rel=\"noopener\" target=\"_blank\">Culture shocks in Finland<\/a><\/li>\n<li><a href=\"https:\/\/open.spotify.com\/episode\/3Ah7icrKBFpgmWaj3Tfj47?si=0294d893944a488d\" rel=\"noopener\" target=\"_blank\">Studying in Finland<\/a><\/li>\n<li><a href=\"https:\/\/open.spotify.com\/episode\/6Vg7Xy7PqvJNTt150pG9Mo?si=76247c530b4146ea\" rel=\"noopener\" target=\"_blank\">Being a Ph.D. student in Finland<\/a><\/li>\n<li><a href=\"https:\/\/open.spotify.com\/episode\/3bzEnf2TT9DMZyQpQPdLAc?si=fa2feee2ba2c4576\" rel=\"noopener\" target=\"_blank\">To-do list in Finland<\/a><\/li>\n<li><a href=\"https:\/\/open.spotify.com\/episode\/1a4DTHpEEYFvjDOQBMvAke?si=8f0fd9bff04b40dd\" rel=\"noopener\" target=\"_blank\">International House Turku<\/a><\/li>\n<li><a href=\"https:\/\/open.spotify.com\/episode\/7j8n9dHZG4NarusYrE1fPz?si=a1fba8a2df114bd3\" rel=\"noopener\" target=\"_blank\">The language barrier in Finland<\/a><\/li>\n<li><a href=\"https:\/\/open.spotify.com\/episode\/5TsMBcdQasXF7PtRrNssY4?si=deaadfb3fb9b4ebf\" rel=\"noopener\" target=\"_blank\">Talent Boost at \u00c5AU<\/a><\/li>\n<li><a href=\"https:\/\/open.spotify.com\/episode\/0Bg8SbyLIUVJb67Z79WiSi?si=85aed22f68064079\" rel=\"noopener\" target=\"_blank\">From packing to paperwork: preparing to study in Finland<\/a><\/li>\n<li><a href=\"https:\/\/open.spotify.com\/episode\/0IUATrPhJf4n9ngEuo2ELH?si=a05449fa3e1e47df\" rel=\"noopener\" target=\"_blank\">Boost Turku<\/a><\/li>\n<li><a href=\"https:\/\/open.spotify.com\/episode\/1HZr6HILyKJzUI49osS3LP?si=071b90cc115f44f6\" rel=\"noopener\" target=\"_blank\">Festivities and celebrations in Finland<\/a><\/li>\n<li><a href=\"https:\/\/open.spotify.com\/episode\/4fD6aYUnue4EWfN5Pvvr7N?si=fce4df2f71334549\" rel=\"noopener\" target=\"_blank\">Working in Finland as international people<\/a><\/li>\n<li><a href=\"https:\/\/open.spotify.com\/episode\/1U0csTIBc1mYumFEczgLeG?si=2f26ccb4c79c435b\" rel=\"noopener\" target=\"_blank\">Working in Finland in the academic field<\/a><\/li>\n<li><a href=\"https:\/\/open.spotify.com\/episode\/6DH0Q9BWeuqsbuvfTZsHig?si=5fafa576a59545be\" rel=\"noopener\" target=\"_blank\">Navigating life in Finland after graduation<\/a><\/li>\n<li><a href=\"https:\/\/open.spotify.com\/episode\/6wCRg9c6DsOUCw8IoUR9ko?si=b2927c79a8cc4c1c\" rel=\"noopener\" target=\"_blank\">Being an international entrepreneur in Finland<\/a><\/li>\n<li><a href=\"https:\/\/open.spotify.com\/episode\/4IxtivX7f2kPxjsYNsYorH?si=f608c7f2561248c8\" rel=\"noopener\" target=\"_blank\">Moving to Finland with family<\/a><\/li>\n<li><a href=\"https:\/\/open.spotify.com\/episode\/6I0gplPcwLScgXLqcIfOTg?si=6ffa67ad655b4151\" rel=\"noopener\" target=\"_blank\">Trust in Finland<\/a><\/li>\n<li><a href=\"https:\/\/open.spotify.com\/episode\/5KJvBQMKEx6ZOAxE2GCheL?si=3512489ed2a4429e\" rel=\"noopener\" target=\"_blank\">Supporting mental health abroad: insights from Finland<\/a><\/li>\n<\/ul>\n<p style=\"margin-bottom: 50px\">\n<p> <!-- Empty paragraph for spacing --><\/p>\n<figure class=\"wp-block-image size-medium is-resized is-style-twentytwentyone-image-frame\"><img loading=\"lazy\" decoding=\"async\" class=\"alignnone size-full wp-image-639\" src=\"http:\/\/blogs2.abo.fi\/talentboost-fse\/wp-content\/uploads\/sites\/203\/2024\/05\/C1529151-54DE-4E9C-AD60-FADE0810A9A6-scaled.jpeg\" alt=\"\" width=\"400\" height=\"400\" \/><\/figure>\n<\/div>\n<\/div>\n","protected":false},"excerpt":{"rendered":"<p>Finvironment Finvironment is a podcast about living, studying, working \u2013 and surviving \u2013 in Finland as international people. Some episodes are specifically focused on living in Turku\/\u00c5bo and the services&hellip; <a class=\"more-link\" href=\"https:\/\/blogs2.abo.fi\/talentboost-fse\/finvironment-podcast\/\">Continue reading <span class=\"screen-reader-text\">Finvironment &#8211; Podcast<\/span><\/a><\/p>\n","protected":false},"author":757,"featured_media":0,"parent":0,"menu_order":0,"comment_status":"closed","ping_status":"closed","template":"","meta":{"footnotes":""},"class_list":["post-1646","page","type-page","status-publish","hentry","entry"],"_links":{"self":[{"href":"https:\/\/blogs2.abo.fi\/talentboost-fse\/wp-json\/wp\/v2\/pages\/1646","targetHints":{"allow":["GET"]}}],"collection":[{"href":"https:\/\/blogs2.abo.fi\/talentboost-fse\/wp-json\/wp\/v2\/pages"}],"about":[{"href":"https:\/\/blogs2.abo.fi\/talentboost-fse\/wp-json\/wp\/v2\/types\/page"}],"author":[{"embeddable":true,"href":"https:\/\/blogs2.abo.fi\/talentboost-fse\/wp-json\/wp\/v2\/users\/757"}],"replies":[{"embeddable":true,"href":"https:\/\/blogs2.abo.fi\/talentboost-fse\/wp-json\/wp\/v2\/comments?post=1646"}],"version-history":[{"count":8,"href":"https:\/\/blogs2.abo.fi\/talentboost-fse\/wp-json\/wp\/v2\/pages\/1646\/revisions"}],"predecessor-version":[{"id":1679,"href":"https:\/\/blogs2.abo.fi\/talentboost-fse\/wp-json\/wp\/v2\/pages\/1646\/revisions\/1679"}],"wp:attachment":[{"href":"https:\/\/blogs2.abo.fi\/talentboost-fse\/wp-json\/wp\/v2\/media?parent=1646"}],"curies":[{"name":"wp","href":"https:\/\/api.w.org\/{rel}","templated":true}]}}