{"id":315,"date":"2025-04-05T00:00:35","date_gmt":"2025-04-04T22:00:35","guid":{"rendered":"https:\/\/blogs2.abo.fi\/synaps\/?page_id=315"},"modified":"2025-05-14T13:11:38","modified_gmt":"2025-05-14T11:11:38","slug":"aktuellt","status":"publish","type":"page","link":"https:\/\/blogs2.abo.fi\/synaps\/aktuellt\/","title":{"rendered":"Aktuellt"},"content":{"rendered":"<p>Hej!<\/p>\n<p>Nu n\u00e4rmar sig dagen f\u00f6r v\u00e5rens SYNAPS-seminarium. Temat \u00e4r <strong>oro f\u00f6r framtiden<\/strong> och seminariet h\u00e5lls den sj\u00e4tte maj fr\u00e5n kl.10:00 till 14:30. p\u00e5 \u00c5bo Akademi i Vasa.<\/p>\n<p>Mera information om seminariet hittar du <a href=\"https:\/\/padlet.com\/melina_hermann\/synaps-seminarium-v-ren-2025-oro-f-r-framtiden-4n9p7q7k5ydzmjz9\">h\u00e4r<\/a>.<strong>\u00a0<\/strong>Anm\u00e4l dig <a href=\"https:\/\/forms.office.com\/Pages\/ResponsePage.aspx?id=DQbGlX7E_0m9cCfepJPyQf6CsfVgDghHvC5KTyJZPflUNktFSTBVR0NNVkpUMTU3TTAxOVJRWkw1RyQlQCN0PWcu\">h\u00e4r<\/a> senast den 17.4.<\/p>\n<p>V\u00e4lkommen med! \ud83d\ude42<\/p>\n<p><img loading=\"lazy\" decoding=\"async\" class=\"alignnone wp-image-440 \" src=\"http:\/\/blogs2.abo.fi\/synaps\/wp-content\/uploads\/sites\/119\/2025\/04\/Synapsseminarium-Flyer.png\" alt=\"\" width=\"331\" height=\"465\" \/><\/p>\n<p>Vid fr\u00e5gor kan ni kontakta projektledare Patrik <em><strong>(<\/strong><\/em><i><strong>patrik.soderberg@abo.fi)<\/strong> <\/i>eller projektkoordinatorerna Viveca <strong><i><span class=\"TextRun BCX0 SCXP54298127\" lang=\"SV-FI\" xml:lang=\"SV-FI\" data-usefontface=\"true\" data-contrast=\"none\"><span class=\"NormalTextRun BCX0 SCXP54298127\">(viveca.hansson@abo.fi)<\/span><\/span><\/i><\/strong> och Melina <strong><i><span class=\"TextRun BCX0 SCXP54298127\" lang=\"SV-FI\" xml:lang=\"SV-FI\" data-usefontface=\"true\" data-contrast=\"none\"><span class=\"NormalTextRun BCX0 SCXP54298127\">(melina.hermann@abo.fi)<\/span><\/span><\/i><\/strong><span class=\"TextRun BCX0 SCXP54298127\" lang=\"SV-FI\" xml:lang=\"SV-FI\" data-usefontface=\"true\" data-contrast=\"none\"><span class=\"NormalTextRun BCX0 SCXP54298127\">.<\/span><\/span><\/p>\n<p>&nbsp;<\/p>\n<p>Uppdaterad: 5.4.2025<\/p>\n","protected":false},"excerpt":{"rendered":"<p>Hej! Nu n\u00e4rmar sig dagen f\u00f6r v\u00e5rens SYNAPS-seminarium. Temat \u00e4r oro f\u00f6r framtiden och seminariet h\u00e5lls den sj\u00e4tte maj fr\u00e5n kl.10:00 till 14:30. p\u00e5 \u00c5bo Akademi i Vasa. Mera information om seminariet hittar du h\u00e4r.\u00a0Anm\u00e4l dig h\u00e4r senast den 17.4. &hellip; <a href=\"https:\/\/blogs2.abo.fi\/synaps\/aktuellt\/\">Forts\u00e4tt l\u00e4sa <span class=\"meta-nav\">&rarr;<\/span><\/a><\/p>\n","protected":false},"author":965,"featured_media":0,"parent":0,"menu_order":3,"comment_status":"closed","ping_status":"closed","template":"","meta":{"footnotes":""},"class_list":["post-315","page","type-page","status-publish","hentry"],"_links":{"self":[{"href":"https:\/\/blogs2.abo.fi\/synaps\/wp-json\/wp\/v2\/pages\/315","targetHints":{"allow":["GET"]}}],"collection":[{"href":"https:\/\/blogs2.abo.fi\/synaps\/wp-json\/wp\/v2\/pages"}],"about":[{"href":"https:\/\/blogs2.abo.fi\/synaps\/wp-json\/wp\/v2\/types\/page"}],"author":[{"embeddable":true,"href":"https:\/\/blogs2.abo.fi\/synaps\/wp-json\/wp\/v2\/users\/965"}],"replies":[{"embeddable":true,"href":"https:\/\/blogs2.abo.fi\/synaps\/wp-json\/wp\/v2\/comments?post=315"}],"version-history":[{"count":25,"href":"https:\/\/blogs2.abo.fi\/synaps\/wp-json\/wp\/v2\/pages\/315\/revisions"}],"predecessor-version":[{"id":456,"href":"https:\/\/blogs2.abo.fi\/synaps\/wp-json\/wp\/v2\/pages\/315\/revisions\/456"}],"wp:attachment":[{"href":"https:\/\/blogs2.abo.fi\/synaps\/wp-json\/wp\/v2\/media?parent=315"}],"curies":[{"name":"wp","href":"https:\/\/api.w.org\/{rel}","templated":true}]}}