{"id":31,"date":"2022-11-10T00:00:43","date_gmt":"2022-11-09T22:00:43","guid":{"rendered":"http:\/\/blogs2.abo.fi\/synaps\/?page_id=31"},"modified":"2025-04-05T10:27:28","modified_gmt":"2025-04-05T08:27:28","slug":"valkommen","status":"publish","type":"page","link":"https:\/\/blogs2.abo.fi\/synaps\/","title":{"rendered":"V\u00e4lkommen!"},"content":{"rendered":"<h1><strong>Ett Steg N\u00e4rmare Universitetsstudier<\/strong><\/h1>\n<p>SYNAPS-projektet \u00e4r ett samarbetsprojekt mellan \u00e4mnet utvecklingspsykologi vid \u00c5bo Akademi i Vasa och Vi7- och Team Nord-gymnasiernas psykologiundervisning i \u00d6sterbotten.<\/p>\n<p>V\u00e5rt m\u00e5l \u00e4r att inspirera gymnasiestuderande till att forts\u00e4tta studera sitt favorit\u00e4mne p\u00e5 universitetsniv\u00e5 efter gymnasiet. Samtidigt vill vi sl\u00e5 ett slag f\u00f6r ut\u00f6kat samarbete mellan gymnasie-och universitetsutbildningen. D\u00e4rf\u00f6r har vi utarbetat en gr\u00e4ns\u00f6verskridande, \u00e4mnesbaserad och studerandeaktiverande samarbetsmodell som vi som b\u00e4st testar och utv\u00e4rderar inom ramen f\u00f6r projektet. <a href=\"http:\/\/blogs2.abo.fi\/synaps\/verksamhetsplan\/\">L\u00e4s om f\u00f6rverkligade aktiviteter h\u00e4r<\/a>.<\/p>\n<h2><strong>Verksamhet &amp; Uppdrag<br \/>\n<\/strong><\/h2>\n<p>Inom ramen f\u00f6r SYNAPS arrangerar \u00c5bo Akademis magisterstuderande i utvecklingspsykologi f\u00f6rel\u00e4sningsseminarier och frist\u00e5ende workshoppar f\u00f6r gymnasiernas studerande i det gemensamma studie\u00e4mnet psykologi. <a href=\"http:\/\/blogs2.abo.fi\/synaps\/om-synaps\/\">L\u00e4s mer om oss och v\u00e5rt uppdrag h\u00e4r<\/a>.<\/p>\n<h1><img loading=\"lazy\" decoding=\"async\" class=\"alignnone size-full wp-image-358\" src=\"http:\/\/blogs2.abo.fi\/synaps\/wp-content\/uploads\/sites\/119\/2022\/11\/Skarmavbild-2022-11-19-kl.-10.30.38.jpeg\" alt=\"\" width=\"1407\" height=\"1109\" srcset=\"https:\/\/blogs2.abo.fi\/synaps\/wp-content\/uploads\/sites\/119\/2022\/11\/Skarmavbild-2022-11-19-kl.-10.30.38.jpeg 1407w, https:\/\/blogs2.abo.fi\/synaps\/wp-content\/uploads\/sites\/119\/2022\/11\/Skarmavbild-2022-11-19-kl.-10.30.38-300x236.jpeg 300w, https:\/\/blogs2.abo.fi\/synaps\/wp-content\/uploads\/sites\/119\/2022\/11\/Skarmavbild-2022-11-19-kl.-10.30.38-1024x807.jpeg 1024w, https:\/\/blogs2.abo.fi\/synaps\/wp-content\/uploads\/sites\/119\/2022\/11\/Skarmavbild-2022-11-19-kl.-10.30.38-768x605.jpeg 768w, https:\/\/blogs2.abo.fi\/synaps\/wp-content\/uploads\/sites\/119\/2022\/11\/Skarmavbild-2022-11-19-kl.-10.30.38-381x300.jpeg 381w\" sizes=\"auto, (max-width: 1407px) 100vw, 1407px\" \/><\/h1>\n<p>&nbsp;<\/p>\n<p>Uppdaterad: 10.11.2022<\/p>\n","protected":false},"excerpt":{"rendered":"<p>Ett Steg N\u00e4rmare Universitetsstudier SYNAPS-projektet \u00e4r ett samarbetsprojekt mellan \u00e4mnet utvecklingspsykologi vid \u00c5bo Akademi i Vasa och Vi7- och Team Nord-gymnasiernas psykologiundervisning i \u00d6sterbotten. V\u00e5rt m\u00e5l \u00e4r att inspirera gymnasiestuderande till att forts\u00e4tta studera sitt favorit\u00e4mne p\u00e5 universitetsniv\u00e5 efter gymnasiet. &hellip; <a href=\"https:\/\/blogs2.abo.fi\/synaps\/\">Forts\u00e4tt l\u00e4sa <span class=\"meta-nav\">&rarr;<\/span><\/a><\/p>\n","protected":false},"author":461,"featured_media":0,"parent":0,"menu_order":1,"comment_status":"closed","ping_status":"closed","template":"","meta":{"footnotes":""},"class_list":["post-31","page","type-page","status-publish","hentry"],"_links":{"self":[{"href":"https:\/\/blogs2.abo.fi\/synaps\/wp-json\/wp\/v2\/pages\/31","targetHints":{"allow":["GET"]}}],"collection":[{"href":"https:\/\/blogs2.abo.fi\/synaps\/wp-json\/wp\/v2\/pages"}],"about":[{"href":"https:\/\/blogs2.abo.fi\/synaps\/wp-json\/wp\/v2\/types\/page"}],"author":[{"embeddable":true,"href":"https:\/\/blogs2.abo.fi\/synaps\/wp-json\/wp\/v2\/users\/461"}],"replies":[{"embeddable":true,"href":"https:\/\/blogs2.abo.fi\/synaps\/wp-json\/wp\/v2\/comments?post=31"}],"version-history":[{"count":35,"href":"https:\/\/blogs2.abo.fi\/synaps\/wp-json\/wp\/v2\/pages\/31\/revisions"}],"predecessor-version":[{"id":447,"href":"https:\/\/blogs2.abo.fi\/synaps\/wp-json\/wp\/v2\/pages\/31\/revisions\/447"}],"wp:attachment":[{"href":"https:\/\/blogs2.abo.fi\/synaps\/wp-json\/wp\/v2\/media?parent=31"}],"curies":[{"name":"wp","href":"https:\/\/api.w.org\/{rel}","templated":true}]}}