{"id":18,"date":"2019-09-03T14:14:58","date_gmt":"2019-09-03T11:14:58","guid":{"rendered":"http:\/\/blogs2.abo.fi\/svifi19\/?page_id=18"},"modified":"2021-05-07T09:49:15","modified_gmt":"2021-05-07T06:49:15","slug":"abstrakt","status":"publish","type":"page","link":"https:\/\/blogs2.abo.fi\/svifi19\/abstrakt\/","title":{"rendered":"Abstrakt och publikation"},"content":{"rendered":"<h1><strong>Konferenspresentationer och postrar<\/strong><\/h1>\n<p>Temat f\u00f6r konferensen \u00e4r \u201dAtt skriva p\u00e5 svenska \u2013 privat och professionellt\u201d, men alla \u00e4mnen som r\u00f6r svenskan i Finland \u00e4r v\u00e4lkomna.<\/p>\n<p>Den ursprungliga deadlinen f\u00f6r abstrakt var den 14 februari 2020<strong>. <\/strong>Besked om antagning gavs i mars 2020. Kort d\u00e4refter beslutade konferenskommitt\u00e9n att skjuta fram konferensen till v\u00e5ren 2021 pga. det nya coronaviruset.<\/p>\n<p>Temat f\u00f6rblir detsamma n\u00e4r konferensen i st\u00e4llet ordnas digitalt den 6-7 maj 2021. De som s\u00e4nt in godk\u00e4nda abstrakt f\u00f6rra omg\u00e5ngen har kontaktast per e-post.<\/p>\n<p><strong>Nya abstrakt p\u00e5 200-300 ord kan s\u00e4ndas till svifi19@abo.fi senast den 1 februari 2021. B\u00e5de f\u00f6redrag och posterpresentationer \u00e4r v\u00e4lkomna. De digitala postrarna f\u00e5r en egen programpunkt d\u00e4r de presenteras i korthet (ca 5 minuter per poster). D\u00e4refter kommer det att finnas tid f\u00f6r diskussion. De nya abstrakten genomg\u00e5r en refereeprocess och besked ges senast den 1 mars 2021.<\/strong><\/p>\n<h1><strong>Konferenspublikation<\/strong><\/h1>\n<p>Efter konferensen publiceras ett urval av f\u00f6redragen i en konferenspublikation. Deadline f\u00f6r artikelmanus \u00e4r <strong>den 27 september 2021<\/strong>.<\/p>\n<p><strong><a href=\"https:\/\/abofi-my.sharepoint.com\/:w:\/g\/personal\/linda_storas_abo_fi\/Ed16ib2cL05JscE1ceHj42MBrcA9Utdw__YkuZo3Ct2zLA?e=97R9BC\" target=\"_blank\" rel=\"noopener\">Mall och detaljerade manusanvisningar finns h\u00e4r<\/a>.<\/strong><\/p>\n<p>Vi v\u00e4lkomnar artikelmanus p\u00e5 h\u00f6gst 12 sidor exklusive referenser (20 sidor exklusive referenser f\u00f6r plenarf\u00f6redrag). Alla manus kommer att genomg\u00e5 referentgranskning. Serien Svenskan i Finland ligger p\u00e5 niv\u00e5 1 i Publikationsforum. Volym 19 ges ut i digital form vid \u00c5bo Akademi. Den som bidrar med ett eget manuskript f\u00e5r ocks\u00e5 pappersversionen som ges ut av Svensk-\u00d6sterbottniska Samfundet.<\/p>\n<p>Manusen l\u00e4mnas in som bifogade filer i formaten .doc eller .docx. E-postadressen \u00e4r svifi19@abo.fi.<\/p>\n<p>Bifoga \u00e4ven en pdf-version av manuset samt en anonymiserad version. I den anonymiserade versionen ska f\u00f6rfattarens namn inte framg\u00e5 i titel, br\u00f6dtext eller referenslista.<\/p>\n","protected":false},"excerpt":{"rendered":"<p>Konferenspresentationer och postrar Temat f\u00f6r konferensen \u00e4r \u201dAtt skriva p\u00e5 svenska \u2013 privat och professionellt\u201d, men alla \u00e4mnen som r\u00f6r svenskan i Finland \u00e4r v\u00e4lkomna. Den ursprungliga deadlinen f\u00f6r abstrakt var den 14 februari 2020. Besked om antagning gavs i mars 2020. Kort d\u00e4refter beslutade konferenskommitt\u00e9n att skjuta fram konferensen till v\u00e5ren 2021 pga. det &hellip; <\/p>\n<p class=\"link-more\"><a href=\"https:\/\/blogs2.abo.fi\/svifi19\/abstrakt\/\" class=\"more-link\">Forts\u00e4tt l\u00e4sa<span class=\"screen-reader-text\"> \u201dAbstrakt och publikation\u201d<\/span><\/a><\/p>\n","protected":false},"author":480,"featured_media":0,"parent":0,"menu_order":1,"comment_status":"closed","ping_status":"closed","template":"","meta":{"footnotes":""},"class_list":["post-18","page","type-page","status-publish","hentry"],"_links":{"self":[{"href":"https:\/\/blogs2.abo.fi\/svifi19\/wp-json\/wp\/v2\/pages\/18","targetHints":{"allow":["GET"]}}],"collection":[{"href":"https:\/\/blogs2.abo.fi\/svifi19\/wp-json\/wp\/v2\/pages"}],"about":[{"href":"https:\/\/blogs2.abo.fi\/svifi19\/wp-json\/wp\/v2\/types\/page"}],"author":[{"embeddable":true,"href":"https:\/\/blogs2.abo.fi\/svifi19\/wp-json\/wp\/v2\/users\/480"}],"replies":[{"embeddable":true,"href":"https:\/\/blogs2.abo.fi\/svifi19\/wp-json\/wp\/v2\/comments?post=18"}],"version-history":[{"count":16,"href":"https:\/\/blogs2.abo.fi\/svifi19\/wp-json\/wp\/v2\/pages\/18\/revisions"}],"predecessor-version":[{"id":194,"href":"https:\/\/blogs2.abo.fi\/svifi19\/wp-json\/wp\/v2\/pages\/18\/revisions\/194"}],"wp:attachment":[{"href":"https:\/\/blogs2.abo.fi\/svifi19\/wp-json\/wp\/v2\/media?parent=18"}],"curies":[{"name":"wp","href":"https:\/\/api.w.org\/{rel}","templated":true}]}}