{"id":17,"date":"2019-09-03T14:14:58","date_gmt":"2019-09-03T11:14:58","guid":{"rendered":"http:\/\/blogs2.abo.fi\/svifi19\/?page_id=17"},"modified":"2021-03-31T08:44:41","modified_gmt":"2021-03-31T05:44:41","slug":"anmalan","status":"publish","type":"page","link":"https:\/\/blogs2.abo.fi\/svifi19\/anmalan\/","title":{"rendered":"Anm\u00e4lan"},"content":{"rendered":"<div class=\"\" data-block=\"true\" data-editor=\"a2nm8\" data-offset-key=\"4gjr3-0-0\">\n<h1 class=\"_1mf _1mj\" data-offset-key=\"4gjr3-0-0\"><span data-offset-key=\"4gjr3-0-0\">Anm\u00e4lan \u00f6ppnas den 1 april 2021.<\/span><\/h1>\n<p class=\"_1mf _1mj\" data-offset-key=\"4gjr3-0-0\">Observera att det finns tv\u00e5 separata anm\u00e4lningsblanketter:<\/p>\n<\/div>\n<div class=\"\" data-block=\"true\" data-editor=\"a2nm8\" data-offset-key=\"cl8h3-0-0\">\n<ul>\n<li class=\"_1mf _1mj\" data-offset-key=\"cl8h3-0-0\"><span data-offset-key=\"cl8h3-0-0\"><strong>Om du \u00e4r en betalande deltagare<\/strong>, v\u00e4nligen anv\u00e4nd denna anm\u00e4lningsblankett, som tar dig vidare till \u00c5bo Akademis webbshop d\u00e4r du betalar konferensavgiften (60 euro): <a href=\"https:\/\/survey.abo.fi\/lomakkeet\/13344\/lomake.html\">https:\/\/survey.abo.fi\/lomakkeet\/13344\/lomake.html <\/a><\/span><\/li>\n<\/ul>\n<\/div>\n<div class=\"\" data-block=\"true\" data-editor=\"a2nm8\" data-offset-key=\"3u4ga-0-0\">\n<ul>\n<li class=\"_1mf _1mj\" data-offset-key=\"3u4ga-0-0\"><span data-offset-key=\"3u4ga-0-0\"><strong>Om du \u00e4r doktorand eller studerande<\/strong>, eller medlem i konferenskommitt\u00e9n, deltar du denna g\u00e5ng avgiftsfritt. Vi \u00f6nskar att du d\u00e5 anm\u00e4ler dig via f\u00f6ljande l\u00e4nk, som inte tar dig vidare till webbshoppen: <a href=\"https:\/\/survey.abo.fi\/lomakkeet\/13429\/lomake.html\">https:\/\/survey.abo.fi\/lomakkeet\/13429\/lomake.html<\/a><\/span><\/li>\n<\/ul>\n<\/div>\n<div class=\"\" data-block=\"true\" data-editor=\"a2nm8\" data-offset-key=\"4ta4t-0-0\">\n<div class=\"_1mf _1mj\" data-offset-key=\"4ta4t-0-0\"><span data-offset-key=\"4ta4t-0-0\"><strong>Anm\u00e4lan \u00e4r \u00f6ppen t.o.m. 19.4<\/strong>.<\/span><\/div>\n<\/div>\n","protected":false},"excerpt":{"rendered":"<p>Anm\u00e4lan \u00f6ppnas den 1 april 2021. Observera att det finns tv\u00e5 separata anm\u00e4lningsblanketter: Om du \u00e4r en betalande deltagare, v\u00e4nligen anv\u00e4nd denna anm\u00e4lningsblankett, som tar dig vidare till \u00c5bo Akademis webbshop d\u00e4r du betalar konferensavgiften (60 euro): https:\/\/survey.abo.fi\/lomakkeet\/13344\/lomake.html Om du \u00e4r doktorand eller studerande, eller medlem i konferenskommitt\u00e9n, deltar du denna g\u00e5ng avgiftsfritt. Vi \u00f6nskar &hellip; <\/p>\n<p class=\"link-more\"><a href=\"https:\/\/blogs2.abo.fi\/svifi19\/anmalan\/\" class=\"more-link\">Forts\u00e4tt l\u00e4sa<span class=\"screen-reader-text\"> \u201dAnm\u00e4lan\u201d<\/span><\/a><\/p>\n","protected":false},"author":480,"featured_media":0,"parent":0,"menu_order":2,"comment_status":"closed","ping_status":"closed","template":"","meta":{"footnotes":""},"class_list":["post-17","page","type-page","status-publish","hentry"],"_links":{"self":[{"href":"https:\/\/blogs2.abo.fi\/svifi19\/wp-json\/wp\/v2\/pages\/17","targetHints":{"allow":["GET"]}}],"collection":[{"href":"https:\/\/blogs2.abo.fi\/svifi19\/wp-json\/wp\/v2\/pages"}],"about":[{"href":"https:\/\/blogs2.abo.fi\/svifi19\/wp-json\/wp\/v2\/types\/page"}],"author":[{"embeddable":true,"href":"https:\/\/blogs2.abo.fi\/svifi19\/wp-json\/wp\/v2\/users\/480"}],"replies":[{"embeddable":true,"href":"https:\/\/blogs2.abo.fi\/svifi19\/wp-json\/wp\/v2\/comments?post=17"}],"version-history":[{"count":13,"href":"https:\/\/blogs2.abo.fi\/svifi19\/wp-json\/wp\/v2\/pages\/17\/revisions"}],"predecessor-version":[{"id":179,"href":"https:\/\/blogs2.abo.fi\/svifi19\/wp-json\/wp\/v2\/pages\/17\/revisions\/179"}],"wp:attachment":[{"href":"https:\/\/blogs2.abo.fi\/svifi19\/wp-json\/wp\/v2\/media?parent=17"}],"curies":[{"name":"wp","href":"https:\/\/api.w.org\/{rel}","templated":true}]}}