{"id":12,"date":"2019-09-03T14:14:58","date_gmt":"2019-09-03T11:14:58","guid":{"rendered":"http:\/\/blogs2.abo.fi\/svifi19\/?page_id=12"},"modified":"2021-10-19T16:19:54","modified_gmt":"2021-10-19T13:19:54","slug":"valkommen-till-vasa-den-14-15-maj-2020","status":"publish","type":"page","link":"https:\/\/blogs2.abo.fi\/svifi19\/","title":{"rendered":"V\u00e4lkomna p\u00e5 digital konferens den 6-7 maj 2021!"},"content":{"rendered":"<p><img loading=\"lazy\" decoding=\"async\" class=\"aligncenter wp-image-4 size-full\" src=\"http:\/\/blogs2.abo.fi\/svifi19\/wp-content\/uploads\/sites\/129\/2019\/09\/svifi.png\" alt=\"\" width=\"297\" height=\"270\" \/><\/p>\n<p><strong>Andra utskicket<\/strong><\/p>\n<p>Svenskan i Finland 19 ordnas digitalt p\u00e5 Zoom av \u00c5bo Akademi i Vasa den 6\u20137 maj 2021. Temat f\u00f6r konferensen \u00e4r \u201dAtt skriva p\u00e5 svenska \u2013 privat och professionellt\u201d, men alla \u00e4mnen som r\u00f6r svenskan i Finland \u00e4r v\u00e4lkomna.<\/p>\n<p>De som redan f\u00f6rra omg\u00e5ngen (v\u00e5ren 2020) l\u00e4mnat in ett godk\u00e4nt abstrakt har kontaktats per e-post. Nya f\u00f6redragsh\u00e5llare har m\u00f6jlighet att s\u00e4nda in ett abstrakt (200-300 ord) till svifi19@abo.fi senast <strong>den 1 februari 2021<\/strong>. De nya abstrakten genomg\u00e5r en refereeprocess och besked ges senast den 1 mars 2021. B\u00e5de f\u00f6redrag och posterpresentationer \u00e4r v\u00e4lkomna. De digitala postrarna f\u00e5r en egen programpunkt d\u00e4r de presenteras i korthet (ca 5 minuter per poster). D\u00e4refter kommer det att finnas tid f\u00f6r diskussion.<\/p>\n<p>Konferensen inleds kl. 10:00 och avslutas ca 16 b\u00e5da dagarna. Anm\u00e4lningen \u00f6ppnas h\u00e4r p\u00e5 webbsidan\u00a0 i april. Eftersom konferensen ordnas endast digitalt har konferensavgiften s\u00e4nkts till 60 \u20ac per deltagare. Doktorander deltar denna g\u00e5ng helt avgiftsfritt.<\/p>\n<p>Traditionsenligt kommer \u00e4ven en konferenspublikation att ges ut. Prelimin\u00e4r deadline f\u00f6r artikelmanus \u00e4r den 27 september 2021.<\/p>\n<p>Eventuella fr\u00e5gor riktas till svifi19@abo.fi. Sprid g\u00e4rna informationen om konferensen. Vi ses p\u00e5 Zoom i maj!<\/p>\n<p>V\u00e4nliga h\u00e4lsningar,<br \/>\nkonferenskommitt\u00e9n<\/p>\n<p>&nbsp;<\/p>\n<p><strong>F\u00f6rsta utskicket<\/strong><\/p>\n<p>P\u00e5 grund av r\u00e5dande omst\u00e4ndigheter kommer Svenskan i Finland 19 att ordnas digitalt den 6-7 maj 2021. Temat f\u00f6r konferensen \u00e4r \u201dAtt skriva p\u00e5 svenska \u2013 privat och professionellt\u201d, men som alltid \u00e4r f\u00f6rst\u00e5s alla \u00e4mnen som r\u00f6r svenskan i Finland v\u00e4lkomna.<\/p>\n<p>De som redan f\u00f6rra omg\u00e5ngen l\u00e4mnat in ett godk\u00e4nt abstrakt har kontaktats per e-post. Nya f\u00f6redragsh\u00e5llare har m\u00f6jlighet att s\u00e4nda in ett abstrakt f\u00f6r poster eller f\u00f6redrag (200-300 ord) senast den 1 februari 2021. De nya abstrakten genomg\u00e5r en refereeprocess och besked ges senast den 1 mars 2021.<\/p>\n<p>Om ni har fr\u00e5gor eller kommentarer i det h\u00e4r skedet kan ni kontakta konferenskommitt\u00e9n p\u00e5 svifi19@abo.fi.<\/p>\n<p>Sprid g\u00e4rna informationen om konferensen. V\u00e4lkomna p\u00e5 konferens i maj!<\/p>\n","protected":false},"excerpt":{"rendered":"<p>Andra utskicket Svenskan i Finland 19 ordnas digitalt p\u00e5 Zoom av \u00c5bo Akademi i Vasa den 6\u20137 maj 2021. Temat f\u00f6r konferensen \u00e4r \u201dAtt skriva p\u00e5 svenska \u2013 privat och professionellt\u201d, men alla \u00e4mnen som r\u00f6r svenskan i Finland \u00e4r v\u00e4lkomna. De som redan f\u00f6rra omg\u00e5ngen (v\u00e5ren 2020) l\u00e4mnat in ett godk\u00e4nt abstrakt har kontaktats &hellip; <\/p>\n<p class=\"link-more\"><a href=\"https:\/\/blogs2.abo.fi\/svifi19\/\" class=\"more-link\">Forts\u00e4tt l\u00e4sa<span class=\"screen-reader-text\"> \u201dV\u00e4lkomna p\u00e5 digital konferens den 6-7 maj 2021!\u201d<\/span><\/a><\/p>\n","protected":false},"author":480,"featured_media":4,"parent":0,"menu_order":0,"comment_status":"closed","ping_status":"closed","template":"","meta":{"footnotes":""},"class_list":["post-12","page","type-page","status-publish","has-post-thumbnail","hentry"],"_links":{"self":[{"href":"https:\/\/blogs2.abo.fi\/svifi19\/wp-json\/wp\/v2\/pages\/12","targetHints":{"allow":["GET"]}}],"collection":[{"href":"https:\/\/blogs2.abo.fi\/svifi19\/wp-json\/wp\/v2\/pages"}],"about":[{"href":"https:\/\/blogs2.abo.fi\/svifi19\/wp-json\/wp\/v2\/types\/page"}],"author":[{"embeddable":true,"href":"https:\/\/blogs2.abo.fi\/svifi19\/wp-json\/wp\/v2\/users\/480"}],"replies":[{"embeddable":true,"href":"https:\/\/blogs2.abo.fi\/svifi19\/wp-json\/wp\/v2\/comments?post=12"}],"version-history":[{"count":12,"href":"https:\/\/blogs2.abo.fi\/svifi19\/wp-json\/wp\/v2\/pages\/12\/revisions"}],"predecessor-version":[{"id":205,"href":"https:\/\/blogs2.abo.fi\/svifi19\/wp-json\/wp\/v2\/pages\/12\/revisions\/205"}],"wp:featuredmedia":[{"embeddable":true,"href":"https:\/\/blogs2.abo.fi\/svifi19\/wp-json\/wp\/v2\/media\/4"}],"wp:attachment":[{"href":"https:\/\/blogs2.abo.fi\/svifi19\/wp-json\/wp\/v2\/media?parent=12"}],"curies":[{"name":"wp","href":"https:\/\/api.w.org\/{rel}","templated":true}]}}