{"id":8,"date":"2018-10-02T14:48:21","date_gmt":"2018-10-02T11:48:21","guid":{"rendered":"http:\/\/blogs2.abo.fi\/svenskansbeskrivning37\/?page_id=8"},"modified":"2019-05-07T15:32:20","modified_gmt":"2019-05-07T12:32:20","slug":"program","status":"publish","type":"page","link":"https:\/\/blogs2.abo.fi\/svenskansbeskrivning37\/program\/","title":{"rendered":"Program"},"content":{"rendered":"<p>Konferensens <strong>program<\/strong> (uppdaterat 7.5.2019) i pdf-format kan laddas ned h\u00e4r: <a href=\"http:\/\/blogs2.abo.fi\/svenskansbeskrivning37\/wp-content\/uploads\/sites\/106\/2019\/05\/SveBe_program_version_0705.pdf\">SveBe37_program<\/a><\/p>\n<p>Konferensprogrammet delas ocks\u00e5 ut till deltagarna p\u00e5 papper.<\/p>\n<p>Konferensen inneh\u00e5ller plenarf\u00f6redrag, sektionsf\u00f6redrag och posterpresentationer.<\/p>\n<p>Det blir ett <strong>plenarf\u00f6redrag<\/strong> per konferensdag, enligt f\u00f6ljande:<\/p>\n<ul>\n<li>Onsdag 8.5: <em>Karin Idevall Hagren <\/em>(Uppsala universitet)<em>: <\/em>Spr\u00e5kvetenskapliga perspektiv p\u00e5 rasism, nationalism och nationell identitet\u00a0<a href=\"http:\/\/blogs2.abo.fi\/svenskansbeskrivning37\/wp-content\/uploads\/sites\/106\/2019\/04\/plenar_idevall-hagren.pdf\" target=\"_blank\" rel=\"noopener noreferrer\">[abstrakt]<\/a><\/li>\n<li>Torsdag 9.5: <em>Karin Milles <\/em>(S\u00f6dert\u00f6rns h\u00f6gskola): <em>Slidkrans<\/em>, <em>mansplain<\/em> och nytt bokstaveringsalfabet \u2013 spr\u00e5kaktivism som begreppsutveckling och PR-trick\u00a0<a href=\"http:\/\/blogs2.abo.fi\/svenskansbeskrivning37\/wp-content\/uploads\/sites\/106\/2019\/04\/plenar_milles.pdf\" target=\"_blank\" rel=\"noopener noreferrer\">[abstrakt]<\/a><\/li>\n<li>Fredag 10.5:\u00a0<em>Anna W Gustafsson<\/em>\u00a0(Lunds universitet)<em>:<\/em> Samh\u00e4llsklyftor och spr\u00e5kklyftor \u2013 hur h\u00e4nger de ihop?\u00a0<a href=\"http:\/\/blogs2.abo.fi\/svenskansbeskrivning37\/wp-content\/uploads\/sites\/106\/2019\/04\/plenar_gustafsson.pdf\" target=\"_blank\" rel=\"noopener noreferrer\">[abstrakt]<\/a><\/li>\n<\/ul>\n<p><strong>Sektionsf\u00f6redrag<\/strong> h\u00e5lls alla tre konferensdagar i parallella sektioner. Sektionsf\u00f6redragen har sammanlagt 25 minuter till sitt f\u00f6rfogande, varav 5 minuter avs\u00e4tts f\u00f6r fr\u00e5gor och diskussion. Mellan sektionsf\u00f6redragen finns 5 minuter f\u00f6r f\u00f6rflyttning och byte av talare.<\/p>\n<p>P\u00e5 torsdag kv\u00e4ll (9.5) ordnas en <strong>konferensmiddag<\/strong> p\u00e5 restaurang <em>Hus Lindman <\/em>(Biskopsgatan 15).<\/p>\n","protected":false},"excerpt":{"rendered":"<p>Konferensens program (uppdaterat 7.5.2019) i pdf-format kan laddas ned h\u00e4r: SveBe37_program Konferensprogrammet delas ocks\u00e5 ut till deltagarna p\u00e5 papper. Konferensen inneh\u00e5ller plenarf\u00f6redrag, sektionsf\u00f6redrag och posterpresentationer. Det blir ett plenarf\u00f6redrag per konferensdag, enligt f\u00f6ljande: Onsdag 8.5: Karin Idevall Hagren (Uppsala universitet): &hellip; <a href=\"https:\/\/blogs2.abo.fi\/svenskansbeskrivning37\/program\/\">Forts\u00e4tt l\u00e4sa <span class=\"meta-nav\">&rarr;<\/span><\/a><\/p>\n","protected":false},"author":426,"featured_media":0,"parent":0,"menu_order":0,"comment_status":"closed","ping_status":"closed","template":"","meta":{"footnotes":""},"class_list":["post-8","page","type-page","status-publish","hentry"],"_links":{"self":[{"href":"https:\/\/blogs2.abo.fi\/svenskansbeskrivning37\/wp-json\/wp\/v2\/pages\/8","targetHints":{"allow":["GET"]}}],"collection":[{"href":"https:\/\/blogs2.abo.fi\/svenskansbeskrivning37\/wp-json\/wp\/v2\/pages"}],"about":[{"href":"https:\/\/blogs2.abo.fi\/svenskansbeskrivning37\/wp-json\/wp\/v2\/types\/page"}],"author":[{"embeddable":true,"href":"https:\/\/blogs2.abo.fi\/svenskansbeskrivning37\/wp-json\/wp\/v2\/users\/426"}],"replies":[{"embeddable":true,"href":"https:\/\/blogs2.abo.fi\/svenskansbeskrivning37\/wp-json\/wp\/v2\/comments?post=8"}],"version-history":[{"count":20,"href":"https:\/\/blogs2.abo.fi\/svenskansbeskrivning37\/wp-json\/wp\/v2\/pages\/8\/revisions"}],"predecessor-version":[{"id":133,"href":"https:\/\/blogs2.abo.fi\/svenskansbeskrivning37\/wp-json\/wp\/v2\/pages\/8\/revisions\/133"}],"wp:attachment":[{"href":"https:\/\/blogs2.abo.fi\/svenskansbeskrivning37\/wp-json\/wp\/v2\/media?parent=8"}],"curies":[{"name":"wp","href":"https:\/\/api.w.org\/{rel}","templated":true}]}}