{"id":6,"date":"2018-10-02T14:47:54","date_gmt":"2018-10-02T11:47:54","guid":{"rendered":"http:\/\/blogs2.abo.fi\/svenskansbeskrivning37\/?page_id=6"},"modified":"2019-03-19T13:20:03","modified_gmt":"2019-03-19T11:20:03","slug":"om","status":"publish","type":"page","link":"https:\/\/blogs2.abo.fi\/svenskansbeskrivning37\/","title":{"rendered":"Om"},"content":{"rendered":"<p><strong>V\u00e4lkommen till webbplatsen f\u00f6r konferensen Svenskans beskrivning 37!<\/strong><\/p>\n<p>Den trettiosjunde sammankomsten inom konferensserien Svenskans beskrivning kommer att h\u00e5llas den 8\u201310 maj 2019 i \u00c5bo. V\u00e4rd f\u00f6r konferensen \u00e4r \u00e4mnet svenska spr\u00e5ket vid \u00c5bo Akademi.<\/p>\n<p>Temat f\u00f6r konferensen \u00e4r <em>Spr\u00e5ket och det sociala<\/em>, s\u00e4rskilt spr\u00e5kets roll i social inkludering och exkludering. Plenarf\u00f6rel\u00e4sare \u00e4r Anna W Gustafsson (Lunds universitet), Karin Hagren Idevall (Uppsala universitet) och Karin Milles (S\u00f6dert\u00f6rns h\u00f6gskola).<\/p>\n<p>F\u00f6rutom plenarf\u00f6redrag kommer konferensen att inneh\u00e5lla sektionsf\u00f6redrag och posterutst\u00e4llning. H\u00e4r \u00e4r alla bidrag som anknyter till svenskans beskrivning v\u00e4lkomna, dvs. sektionsf\u00f6redrag och postrar beh\u00f6ver inte ligga inom konferenstemat.<\/p>\n<p><strong>Tidsplan:<\/strong><\/p>\n<ul>\n<li>Fredag 1.2.2019: Sista dag f\u00f6r anm\u00e4lan av sektionsf\u00f6redrag och postrar<\/li>\n<li>Torsdag 28.2.2019: Meddelande om antaget konferensbidrag<\/li>\n<li>Fredag 15.3.2019: Sista dag f\u00f6r anm\u00e4lan om deltagande och betalning av konferensavgift <span style=\"color: #ff6600\">(Obs! Anm\u00e4lan \u00e4r \u00f6ppen fram t.o.m. 5.4.2019)<\/span><\/li>\n<li>Onsdag 8.5 &#8211; fredag 10.5.2019: Konferens<\/li>\n<\/ul>\n<p><strong>Kontakt:<\/strong><\/p>\n<ul>\n<li>e-post:\u00a0<a href=\"mailto:svebe37@abo.fi\">svebe37@abo.fi<\/a><\/li>\n<li>Webbsida:\u00a0<a href=\"http:\/\/blogs2.abo.fi\/svenskansbeskrivning37\/\">https:\/\/blogs2.abo.fi\/svenskansbeskrivning37\/<\/a><\/li>\n<li>Facebook:\u00a0<a href=\"https:\/\/www.facebook.com\/svenskansbeskrivning\/\">https:\/\/www.facebook.com\/svenskansbeskrivning\/<\/a><\/li>\n<\/ul>\n<p><strong>Organisationskommitt\u00e9:<\/strong><\/p>\n<p>Saara Haapam\u00e4ki, Linda B\u00e4ckman, Lotta Collin, Ludvig Forsman, Sofie Henricson,\u00a0Linda Huld\u00e9n,\u00a0Tomas Lehecka, Viveca Rabb<\/p>\n<p>&nbsp;<\/p>\n<p>&nbsp;<\/p>\n<p>&nbsp;<\/p>\n<p>&nbsp;<\/p>\n","protected":false},"excerpt":{"rendered":"<p>V\u00e4lkommen till webbplatsen f\u00f6r konferensen Svenskans beskrivning 37! Den trettiosjunde sammankomsten inom konferensserien Svenskans beskrivning kommer att h\u00e5llas den 8\u201310 maj 2019 i \u00c5bo. V\u00e4rd f\u00f6r konferensen \u00e4r \u00e4mnet svenska spr\u00e5ket vid \u00c5bo Akademi. Temat f\u00f6r konferensen \u00e4r Spr\u00e5ket och &hellip; <a href=\"https:\/\/blogs2.abo.fi\/svenskansbeskrivning37\/\">Forts\u00e4tt l\u00e4sa <span class=\"meta-nav\">&rarr;<\/span><\/a><\/p>\n","protected":false},"author":426,"featured_media":0,"parent":0,"menu_order":0,"comment_status":"closed","ping_status":"closed","template":"","meta":{"footnotes":""},"class_list":["post-6","page","type-page","status-publish","hentry"],"_links":{"self":[{"href":"https:\/\/blogs2.abo.fi\/svenskansbeskrivning37\/wp-json\/wp\/v2\/pages\/6","targetHints":{"allow":["GET"]}}],"collection":[{"href":"https:\/\/blogs2.abo.fi\/svenskansbeskrivning37\/wp-json\/wp\/v2\/pages"}],"about":[{"href":"https:\/\/blogs2.abo.fi\/svenskansbeskrivning37\/wp-json\/wp\/v2\/types\/page"}],"author":[{"embeddable":true,"href":"https:\/\/blogs2.abo.fi\/svenskansbeskrivning37\/wp-json\/wp\/v2\/users\/426"}],"replies":[{"embeddable":true,"href":"https:\/\/blogs2.abo.fi\/svenskansbeskrivning37\/wp-json\/wp\/v2\/comments?post=6"}],"version-history":[{"count":9,"href":"https:\/\/blogs2.abo.fi\/svenskansbeskrivning37\/wp-json\/wp\/v2\/pages\/6\/revisions"}],"predecessor-version":[{"id":88,"href":"https:\/\/blogs2.abo.fi\/svenskansbeskrivning37\/wp-json\/wp\/v2\/pages\/6\/revisions\/88"}],"wp:attachment":[{"href":"https:\/\/blogs2.abo.fi\/svenskansbeskrivning37\/wp-json\/wp\/v2\/media?parent=6"}],"curies":[{"name":"wp","href":"https:\/\/api.w.org\/{rel}","templated":true}]}}